{"id":430365,"date":"2016-08-04T15:45:19","date_gmt":"2016-08-04T12:45:19","guid":{"rendered":"http:\/\/pellervo.fi\/?page_id=430365"},"modified":"2022-11-30T13:10:53","modified_gmt":"2022-11-30T11:10:53","slug":"international-connections","status":"publish","type":"page","link":"https:\/\/pellervo.fi\/en\/english\/international-connections\/","title":{"rendered":"Pellervo Coop Center"},"content":{"rendered":"\n\n\t\t\t\t<img decoding=\"async\" src=\"https:\/\/pellervo.fi\/wp-content\/plugins\/bb-plugin\/img\/pixel.png\" alt=\"\" itemprop=\"image\" onerror=\"this.style.display='none'\"  \/>\n\t<h2>Pellervo is a part of the global cooperative community<\/h2>\n<p>Cooperation is a global movement with around one billion members. Throughout the whole world cooperative businesses share the same values and principles.<\/p>\n<p>Pellervo has been actively involved in the international cooperative community since its inception.<\/p>\n\n<p><img loading=\"lazy\" decoding=\"async\" src=\"https:\/\/pellervo.fi\/wp-content\/uploads\/2013\/05\/imgres.png\" alt=\"\" width=\"278\" height=\"182\" \/><\/p>\n<h2>ICA (Brussels)\u00a0\u00a0\u00a0\u00a0\u00a0\u00a0\u00a0\u00a0\u00a0\u00a0\u00a0\u00a0\u00a0\u00a0\u00a0<b>\u00a0\u00a0\u00a0\u00a0\u00a0\u00a0\u00a0\u00a0\u00a0\u00a0\u00a0\u00a0\u00a0\u00a0\u00a0\u00a0\u00a0\u00a0\u00a0\u00a0\u00a0\u00a0\u00a0\u00a0\u00a0\u00a0\u00a0\u00a0\u00a0\u00a0\u00a0\u00a0<\/b><\/h2>\n<p>International Co-operative Alliance<\/p>\n<ul>\n<li>Founded in 1895<\/li>\n<li>Pellervo member since 1902<\/li>\n<li>Other member from Finland is SOK Corporation<\/li>\n<li>Apex organisation for cooperatives worldwide<\/li>\n<\/ul>\n<ul>\n<li>President <strong>Ariel Guarco<\/strong>, Secretary General <strong>Bruno Roelants<\/strong><\/li>\n<li>Represents 284 cooperative federations and organisations across 95 countries<\/li>\n<li>Four Regional Offices: Europe, Africa, Americas and Asia-Pacific<\/li>\n<li>Eight Sectoral Organisations: Banking, Agriculture, Fisheries, Insurance, Health, Housing, Consumer Co-operatives and Worker Co-operatives.<\/li>\n<li>Every year a General Assembly and a cooperative conference for members<\/li>\n<li><strong>Marjaana Saarikoski<\/strong> (SOK) represents the Finnish cooperative movement in the ICA Board<\/li>\n<li><a href=\"http:\/\/www.ica.coop\/\" target=\"_blank\" rel=\"noopener\">www.ica.coop \u00bb<\/a><\/li>\n<\/ul>\n<h2><img loading=\"lazy\" decoding=\"async\" src=\"https:\/\/pellervo.fi\/wp-content\/uploads\/2019\/02\/coop-europe.jpg\" alt=\"\" width=\"560\" height=\"206\" \/><\/h2>\n<h2>Cooperatives Europe (Brussels)<\/h2>\n<ul>\n<li>Regional office of the ICA<\/li>\n<li>Founded in 2006<\/li>\n<li>84 member organisations from 33 European countries<\/li>\n<li>President <strong>Susanne Westhausen<\/strong>, Secretary General <strong>Agnes Mathis<\/strong><\/li>\n<li>Board member<strong> Anu Puusa<\/strong> represents the Finnish cooperative movement in the Cooperatives Europe Board<\/li>\n<li><a href=\"http:\/\/www.cooperativeseurope.coop\">www.cooperativeseurope.coop <\/a><\/li>\n<\/ul>\n<p>&nbsp;<\/p>\n<p><img loading=\"lazy\" decoding=\"async\" src=\"https:\/\/pellervo.fi\/wp-content\/uploads\/2013\/05\/copacogeca.jpg\" alt=\"\" width=\"253\" height=\"84\" \/><\/p>\n<h2>COGECA (Brussels)<\/h2>\nComit\u00e9 G\u00e9n\u00e9ral de la Coop\u00e9ration Agricole de l&#8217;Union Europ\u00e9enne<br \/>\n= General Confederation of Agricultural Cooperatives in the European Union\n<ul>\n<li>Founded in 1959<\/li>\n<li>Pellervo member since 1995 (observer from 1992)<\/li>\n<li>President <strong>Ram\u00f3n Armengol<\/strong>, Secretary General <strong>Pekka Pesonen<\/strong><\/li>\n<li>Represents the general and specific interests of some 40 000 farmers&#8217; cooperatives<\/li>\n<li>COGECA and COPA (Committee of Professional Agricultural Organisations) work together and have a joint office and a secretariat.<\/li>\n<li>Vice President <strong>Tiina Linnainmaa<\/strong> is the second Vice President of Cogeca Presidency<\/li>\n<li><a href=\"http:\/\/www.copa-cogeca.be\/\" target=\"_blank\" rel=\"noopener\">www.copa-cogeca.be<\/a><\/li>\n<\/ul>\n<h2><img loading=\"lazy\" decoding=\"async\" src=\"https:\/\/pellervo.fi\/wp-content\/uploads\/2019\/02\/europarl-300x225.jpg\" alt=\"\" width=\"300\" height=\"225\" \/><\/h2>\n<h2>Office of Finnish Agriculture and Cooperatives\u202f(Brussels)<\/h2>\n<p>Rue de Tr\u00e8ves 61 (Brussels)<\/p>\n<ul>\n<li>Since 1991<\/li>\n<li>Pellervo, MTK (the Finnish Central Union of Agricultural Producers and Forest Owners&#8217;) and SLC (MTK&#8217;S Swedish-speaking sister organisation) have a joint office in Brussels<\/li>\n<li>Staff include a director, EU dairy and livestock advisor, an assistant, a newspaper correspondent and a forest co-ordinator (representative of Nordic family forestry)<\/li>\n<li>Task of the Brussels office is to supervise the interests of Finnish farmers, forest owners and rural entrepreneurs in the European Union.<\/li>\n<li>Active participation in Copa-Cogeca, the EU organisation for agricultural producers and co-operatives, and regular contacts with the various EU institutions and other key bodies in Brussels form an important part of the office&#8217;s activities.<\/li>\n<\/ul>\nDirector<br \/>\n<strong>Hanna Leiponen-Syyrakki<\/strong><br \/>\nTel. +358 (0) 400 947\u00a0633<br \/>\nhanna.leiponen-syyrakki(at)mtk.fi\nEU dairy and livestock advisor and cooperative matters<br \/>\n<strong>Rauli-Jan Albert<\/strong><br \/>\nrauli.albert(at)mtk.fi\n<p>= <a href=\"https:\/\/pellervo.fi\/en\/\/pellervo-seura\/osakkuusyhteisot\/brysselin-toimisto\/\">MTK:n ja Pellervon Brysselin toimisto \u00bb<\/a><\/p>\n<h2><img loading=\"lazy\" decoding=\"async\" src=\"https:\/\/pellervo.fi\/wp-content\/uploads\/2018\/02\/ffdfi.jpg\" alt=\"\" width=\"200\" height=\"41\" \/><\/h2>\n<h2>FFD (Helsinki)<\/h2>\n<p>Food and Forest Development Finland<\/p>\n<ul>\n<li>Founded in 2012 by Pellervo, MTK (the Finnish Central Union of Agricultural Producers and Forest Owners&#8217;), SLC (MTK&#8217;S Swedish-speaking sister organisation) and ProAgria.<\/li>\n<li>Support agricultural and forestry producers in developing countries, especially in tackling problems of food security and ensuring future food production in a sustainable manner.<\/li>\n<li>All projects are a part of the Agricord-networks Farmers Fighting Poverty-programme.<\/li>\n<li>The recipients of offered support can be local agricultural producer organisations, forest owners&#8217; organisations or co-operatives.<\/li>\n<li>Projects are mainly concentrated in developing countries with long term bilateral development cooperation ties with Finland.<\/li>\n<li>Most of the project funding comes from the Ministry for Foreign Affairs of Finland&#8217;s fund reserved for NGO&#8217;s<\/li>\n<li><a href=\"https:\/\/www.ffd.fi\/\">www.ffd.fi <\/a><\/li>\n<\/ul>\n<h2><img loading=\"lazy\" decoding=\"async\" src=\"https:\/\/pellervo.fi\/wp-content\/uploads\/2013\/05\/nbc.jpg\" alt=\"\" width=\"200\" height=\"107\" \/><\/h2>\n<h2>NBC<\/h2>\nNordiska Bondeorganisationers Centralr\u00e5d<br \/>\n= Confederation for Nordic farmers&#8217; organisations\n<ul>\n<li>Founded in 1934<\/li>\n<li>Five member countries: Finland, Sweden, Norway, Denmark and Iceland.<\/li>\n<li>Circulating secretariat<\/li>\n<li>Other members from Finland are MTK and SLC.<\/li>\n<li>Organises seminars and meetings once a year.<\/li>\n<\/ul>\n<p>Other members are:<\/p>\nSweden: Lantbrukarnas Riksf\u00f6rbund, Lrf. <a href=\"http:\/\/www.lrf.se\/\">www.lrf.se<br \/>\n<\/a>Denmark: Landbrug &amp; F\u00f8devarer. <a href=\"http:\/\/www.dansklandbrug.dk\/\">http:\/\/www.dansklandbrug.dk<br \/>\n<\/a>Norway: Norsk Landbrukssamvirke. <a href=\"http:\/\/www.landbruk.no\/\">http:\/\/www.landbruk.no<br \/>\n<\/a>Norway Bondelag. <a href=\"http:\/\/www.bondelaget.no\/\">http:\/\/www.bondelaget.no<br \/>\n<\/a>Iceland: Baendasamt\u00f6k Islands : <a href=\"http:\/\/www.bondi.is\/\">www.bondi.is<\/a>\n\n","protected":false},"excerpt":{"rendered":"<p>Pellervo is a part of the global cooperative community Cooperation is a global movement with around one billion members. Throughout the whole world cooperative businesses share the same values and principles. Pellervo has been actively involved in the international cooperative community since its inception. ICA (Brussels)\u00a0\u00a0\u00a0\u00a0\u00a0\u00a0\u00a0\u00a0\u00a0\u00a0\u00a0\u00a0\u00a0\u00a0\u00a0\u00a0\u00a0\u00a0\u00a0\u00a0\u00a0\u00a0\u00a0\u00a0\u00a0\u00a0\u00a0\u00a0\u00a0\u00a0\u00a0\u00a0\u00a0\u00a0\u00a0\u00a0\u00a0\u00a0\u00a0\u00a0\u00a0\u00a0\u00a0\u00a0\u00a0\u00a0\u00a0 International Co-operative Alliance Founded in 1895 Pellervo member since<\/p>\n","protected":false},"author":5,"featured_media":0,"parent":1899,"menu_order":4,"comment_status":"closed","ping_status":"closed","template":"","meta":{"inline_featured_image":false,"_monsterinsights_skip_tracking":false,"_monsterinsights_sitenote_active":false,"_monsterinsights_sitenote_note":"","_monsterinsights_sitenote_category":0,"site-sidebar-layout":"default","site-content-layout":"default","ast-site-content-layout":"default","site-content-style":"default","site-sidebar-style":"default","ast-global-header-display":"","ast-banner-title-visibility":"","ast-main-header-display":"","ast-hfb-above-header-display":"","ast-hfb-below-header-display":"","ast-hfb-mobile-header-display":"","site-post-title":"","ast-breadcrumbs-content":"","ast-featured-img":"","footer-sml-layout":"","ast-disable-related-posts":"","theme-transparent-header-meta":"default","adv-header-id-meta":"","stick-header-meta":"","header-above-stick-meta":"","header-main-stick-meta":"","header-below-stick-meta":"","astra-migrate-meta-layouts":"default","ast-page-background-enabled":"default","ast-page-background-meta":{"desktop":{"background-color":"","background-image":"","background-repeat":"repeat","background-position":"center center","background-size":"auto","background-attachment":"scroll","background-type":"","background-media":"","overlay-type":"","overlay-color":"","overlay-opacity":"","overlay-gradient":""},"tablet":{"background-color":"","background-image":"","background-repeat":"repeat","background-position":"center center","background-size":"auto","background-attachment":"scroll","background-type":"","background-media":"","overlay-type":"","overlay-color":"","overlay-opacity":"","overlay-gradient":""},"mobile":{"background-color":"","background-image":"","background-repeat":"repeat","background-position":"center center","background-size":"auto","background-attachment":"scroll","background-type":"","background-media":"","overlay-type":"","overlay-color":"","overlay-opacity":"","overlay-gradient":""}},"ast-content-background-meta":{"desktop":{"background-color":"var(--ast-global-color-5)","background-image":"","background-repeat":"repeat","background-position":"center center","background-size":"auto","background-attachment":"scroll","background-type":"","background-media":"","overlay-type":"","overlay-color":"","overlay-opacity":"","overlay-gradient":""},"tablet":{"background-color":"var(--ast-global-color-5)","background-image":"","background-repeat":"repeat","background-position":"center center","background-size":"auto","background-attachment":"scroll","background-type":"","background-media":"","overlay-type":"","overlay-color":"","overlay-opacity":"","overlay-gradient":""},"mobile":{"background-color":"var(--ast-global-color-5)","background-image":"","background-repeat":"repeat","background-position":"center center","background-size":"auto","background-attachment":"scroll","background-type":"","background-media":"","overlay-type":"","overlay-color":"","overlay-opacity":"","overlay-gradient":""}},"_FSMCFIC_featured_image_caption":"","_FSMCFIC_featured_image_nocaption":"","_FSMCFIC_featured_image_hide":"","footnotes":""},"class_list":["post-430365","page","type-page","status-publish","hentry"],"yoast_head":"<!-- This site is optimized with the Yoast SEO plugin v27.6 - https:\/\/yoast.com\/product\/yoast-seo-wordpress\/ -->\n<title>Pellervo Coop Center - Pellervo<\/title>\n<meta name=\"robots\" content=\"index, follow, max-snippet:-1, max-image-preview:large, max-video-preview:-1\" \/>\n<link rel=\"canonical\" href=\"https:\/\/pellervo.fi\/en\/english\/international-connections\/\" \/>\n<meta property=\"og:locale\" content=\"en_US\" \/>\n<meta property=\"og:type\" content=\"article\" \/>\n<meta property=\"og:title\" content=\"Pellervo Coop Center - Pellervo\" \/>\n<meta property=\"og:description\" content=\"Pellervo is a part of the global cooperative community Cooperation is a global movement with around one billion members. Throughout the whole world cooperative businesses share the same values and principles. Pellervo has been actively involved in the international cooperative community since its inception. ICA (Brussels)\u00a0\u00a0\u00a0\u00a0\u00a0\u00a0\u00a0\u00a0\u00a0\u00a0\u00a0\u00a0\u00a0\u00a0\u00a0\u00a0\u00a0\u00a0\u00a0\u00a0\u00a0\u00a0\u00a0\u00a0\u00a0\u00a0\u00a0\u00a0\u00a0\u00a0\u00a0\u00a0\u00a0\u00a0\u00a0\u00a0\u00a0\u00a0\u00a0\u00a0\u00a0\u00a0\u00a0\u00a0\u00a0\u00a0\u00a0 International Co-operative Alliance Founded in 1895 Pellervo member since\" \/>\n<meta property=\"og:url\" content=\"https:\/\/pellervo.fi\/en\/english\/international-connections\/\" \/>\n<meta property=\"og:site_name\" content=\"Pellervo\" \/>\n<meta property=\"article:modified_time\" content=\"2022-11-30T11:10:53+00:00\" \/>\n<meta property=\"og:image\" content=\"https:\/\/pellervo.fi\/wp-content\/plugins\/bb-plugin\/img\/pixel.png\" \/>\n<meta name=\"twitter:card\" content=\"summary_large_image\" \/>\n<meta name=\"twitter:site\" content=\"@PellervoFi\" \/>\n<meta name=\"twitter:label1\" content=\"Est. reading time\" \/>\n\t<meta name=\"twitter:data1\" content=\"3 minutes\" \/>\n<script type=\"application\/ld+json\" class=\"yoast-schema-graph\">{\"@context\":\"https:\\\/\\\/schema.org\",\"@graph\":[{\"@type\":\"WebPage\",\"@id\":\"https:\\\/\\\/pellervo.fi\\\/en\\\/english\\\/international-connections\\\/\",\"url\":\"https:\\\/\\\/pellervo.fi\\\/en\\\/english\\\/international-connections\\\/\",\"name\":\"Pellervo Coop Center - Pellervo\",\"isPartOf\":{\"@id\":\"https:\\\/\\\/pellervo.fi\\\/#website\"},\"primaryImageOfPage\":{\"@id\":\"https:\\\/\\\/pellervo.fi\\\/en\\\/english\\\/international-connections\\\/#primaryimage\"},\"image\":{\"@id\":\"https:\\\/\\\/pellervo.fi\\\/en\\\/english\\\/international-connections\\\/#primaryimage\"},\"thumbnailUrl\":\"https:\\\/\\\/pellervo.fi\\\/wp-content\\\/plugins\\\/bb-plugin\\\/img\\\/pixel.png\",\"datePublished\":\"2016-08-04T12:45:19+00:00\",\"dateModified\":\"2022-11-30T11:10:53+00:00\",\"breadcrumb\":{\"@id\":\"https:\\\/\\\/pellervo.fi\\\/en\\\/english\\\/international-connections\\\/#breadcrumb\"},\"inLanguage\":\"en-US\",\"potentialAction\":[{\"@type\":\"ReadAction\",\"target\":[\"https:\\\/\\\/pellervo.fi\\\/en\\\/english\\\/international-connections\\\/\"]}]},{\"@type\":\"ImageObject\",\"inLanguage\":\"en-US\",\"@id\":\"https:\\\/\\\/pellervo.fi\\\/en\\\/english\\\/international-connections\\\/#primaryimage\",\"url\":\"https:\\\/\\\/pellervo.fi\\\/wp-content\\\/plugins\\\/bb-plugin\\\/img\\\/pixel.png\",\"contentUrl\":\"https:\\\/\\\/pellervo.fi\\\/wp-content\\\/plugins\\\/bb-plugin\\\/img\\\/pixel.png\"},{\"@type\":\"BreadcrumbList\",\"@id\":\"https:\\\/\\\/pellervo.fi\\\/en\\\/english\\\/international-connections\\\/#breadcrumb\",\"itemListElement\":[{\"@type\":\"ListItem\",\"position\":1,\"name\":\"Koti\",\"item\":\"https:\\\/\\\/pellervo.fi\\\/en\\\/\"},{\"@type\":\"ListItem\",\"position\":2,\"name\":\"Pellervo Coop Center\",\"item\":\"https:\\\/\\\/pellervo.fi\\\/english\\\/\"},{\"@type\":\"ListItem\",\"position\":3,\"name\":\"Pellervo Coop Center\"}]},{\"@type\":\"WebSite\",\"@id\":\"https:\\\/\\\/pellervo.fi\\\/#website\",\"url\":\"https:\\\/\\\/pellervo.fi\\\/\",\"name\":\"Pellervo\",\"description\":\"Osuuskuntien keskusj\u00e4rjest\u00f6\",\"publisher\":{\"@id\":\"https:\\\/\\\/pellervo.fi\\\/#organization\"},\"potentialAction\":[{\"@type\":\"SearchAction\",\"target\":{\"@type\":\"EntryPoint\",\"urlTemplate\":\"https:\\\/\\\/pellervo.fi\\\/?s={search_term_string}\"},\"query-input\":{\"@type\":\"PropertyValueSpecification\",\"valueRequired\":true,\"valueName\":\"search_term_string\"}}],\"inLanguage\":\"en-US\"},{\"@type\":\"Organization\",\"@id\":\"https:\\\/\\\/pellervo.fi\\\/#organization\",\"name\":\"Osuustoimintakeskus Pellervo ry\",\"url\":\"https:\\\/\\\/pellervo.fi\\\/\",\"logo\":{\"@type\":\"ImageObject\",\"inLanguage\":\"en-US\",\"@id\":\"https:\\\/\\\/pellervo.fi\\\/#\\\/schema\\\/logo\\\/image\\\/\",\"url\":\"https:\\\/\\\/pellervo.fi\\\/wp-content\\\/uploads\\\/2020\\\/05\\\/Pellervo_logo.png\",\"contentUrl\":\"https:\\\/\\\/pellervo.fi\\\/wp-content\\\/uploads\\\/2020\\\/05\\\/Pellervo_logo.png\",\"width\":1335,\"height\":376,\"caption\":\"Osuustoimintakeskus Pellervo ry\"},\"image\":{\"@id\":\"https:\\\/\\\/pellervo.fi\\\/#\\\/schema\\\/logo\\\/image\\\/\"},\"sameAs\":[\"https:\\\/\\\/x.com\\\/PellervoFi\"]}]}<\/script>\n<!-- \/ Yoast SEO plugin. -->","yoast_head_json":{"title":"Pellervo Coop Center - Pellervo","robots":{"index":"index","follow":"follow","max-snippet":"max-snippet:-1","max-image-preview":"max-image-preview:large","max-video-preview":"max-video-preview:-1"},"canonical":"https:\/\/pellervo.fi\/en\/english\/international-connections\/","og_locale":"en_US","og_type":"article","og_title":"Pellervo Coop Center - Pellervo","og_description":"Pellervo is a part of the global cooperative community Cooperation is a global movement with around one billion members. Throughout the whole world cooperative businesses share the same values and principles. Pellervo has been actively involved in the international cooperative community since its inception. ICA (Brussels)\u00a0\u00a0\u00a0\u00a0\u00a0\u00a0\u00a0\u00a0\u00a0\u00a0\u00a0\u00a0\u00a0\u00a0\u00a0\u00a0\u00a0\u00a0\u00a0\u00a0\u00a0\u00a0\u00a0\u00a0\u00a0\u00a0\u00a0\u00a0\u00a0\u00a0\u00a0\u00a0\u00a0\u00a0\u00a0\u00a0\u00a0\u00a0\u00a0\u00a0\u00a0\u00a0\u00a0\u00a0\u00a0\u00a0\u00a0 International Co-operative Alliance Founded in 1895 Pellervo member since","og_url":"https:\/\/pellervo.fi\/en\/english\/international-connections\/","og_site_name":"Pellervo","article_modified_time":"2022-11-30T11:10:53+00:00","og_image":[{"url":"https:\/\/pellervo.fi\/wp-content\/plugins\/bb-plugin\/img\/pixel.png","type":"","width":"","height":""}],"twitter_card":"summary_large_image","twitter_site":"@PellervoFi","twitter_misc":{"Est. reading time":"3 minutes"},"schema":{"@context":"https:\/\/schema.org","@graph":[{"@type":"WebPage","@id":"https:\/\/pellervo.fi\/en\/english\/international-connections\/","url":"https:\/\/pellervo.fi\/en\/english\/international-connections\/","name":"Pellervo Coop Center - Pellervo","isPartOf":{"@id":"https:\/\/pellervo.fi\/#website"},"primaryImageOfPage":{"@id":"https:\/\/pellervo.fi\/en\/english\/international-connections\/#primaryimage"},"image":{"@id":"https:\/\/pellervo.fi\/en\/english\/international-connections\/#primaryimage"},"thumbnailUrl":"https:\/\/pellervo.fi\/wp-content\/plugins\/bb-plugin\/img\/pixel.png","datePublished":"2016-08-04T12:45:19+00:00","dateModified":"2022-11-30T11:10:53+00:00","breadcrumb":{"@id":"https:\/\/pellervo.fi\/en\/english\/international-connections\/#breadcrumb"},"inLanguage":"en-US","potentialAction":[{"@type":"ReadAction","target":["https:\/\/pellervo.fi\/en\/english\/international-connections\/"]}]},{"@type":"ImageObject","inLanguage":"en-US","@id":"https:\/\/pellervo.fi\/en\/english\/international-connections\/#primaryimage","url":"https:\/\/pellervo.fi\/wp-content\/plugins\/bb-plugin\/img\/pixel.png","contentUrl":"https:\/\/pellervo.fi\/wp-content\/plugins\/bb-plugin\/img\/pixel.png"},{"@type":"BreadcrumbList","@id":"https:\/\/pellervo.fi\/en\/english\/international-connections\/#breadcrumb","itemListElement":[{"@type":"ListItem","position":1,"name":"Koti","item":"https:\/\/pellervo.fi\/en\/"},{"@type":"ListItem","position":2,"name":"Pellervo Coop Center","item":"https:\/\/pellervo.fi\/english\/"},{"@type":"ListItem","position":3,"name":"Pellervo Coop Center"}]},{"@type":"WebSite","@id":"https:\/\/pellervo.fi\/#website","url":"https:\/\/pellervo.fi\/","name":"Pellervo","description":"Osuuskuntien keskusj\u00e4rjest\u00f6","publisher":{"@id":"https:\/\/pellervo.fi\/#organization"},"potentialAction":[{"@type":"SearchAction","target":{"@type":"EntryPoint","urlTemplate":"https:\/\/pellervo.fi\/?s={search_term_string}"},"query-input":{"@type":"PropertyValueSpecification","valueRequired":true,"valueName":"search_term_string"}}],"inLanguage":"en-US"},{"@type":"Organization","@id":"https:\/\/pellervo.fi\/#organization","name":"Osuustoimintakeskus Pellervo ry","url":"https:\/\/pellervo.fi\/","logo":{"@type":"ImageObject","inLanguage":"en-US","@id":"https:\/\/pellervo.fi\/#\/schema\/logo\/image\/","url":"https:\/\/pellervo.fi\/wp-content\/uploads\/2020\/05\/Pellervo_logo.png","contentUrl":"https:\/\/pellervo.fi\/wp-content\/uploads\/2020\/05\/Pellervo_logo.png","width":1335,"height":376,"caption":"Osuustoimintakeskus Pellervo ry"},"image":{"@id":"https:\/\/pellervo.fi\/#\/schema\/logo\/image\/"},"sameAs":["https:\/\/x.com\/PellervoFi"]}]}},"_links":{"self":[{"href":"https:\/\/pellervo.fi\/en\/wp-json\/wp\/v2\/pages\/430365","targetHints":{"allow":["GET"]}}],"collection":[{"href":"https:\/\/pellervo.fi\/en\/wp-json\/wp\/v2\/pages"}],"about":[{"href":"https:\/\/pellervo.fi\/en\/wp-json\/wp\/v2\/types\/page"}],"author":[{"embeddable":true,"href":"https:\/\/pellervo.fi\/en\/wp-json\/wp\/v2\/users\/5"}],"replies":[{"embeddable":true,"href":"https:\/\/pellervo.fi\/en\/wp-json\/wp\/v2\/comments?post=430365"}],"version-history":[{"count":13,"href":"https:\/\/pellervo.fi\/en\/wp-json\/wp\/v2\/pages\/430365\/revisions"}],"predecessor-version":[{"id":894396,"href":"https:\/\/pellervo.fi\/en\/wp-json\/wp\/v2\/pages\/430365\/revisions\/894396"}],"up":[{"embeddable":true,"href":"https:\/\/pellervo.fi\/en\/wp-json\/wp\/v2\/pages\/1899"}],"wp:attachment":[{"href":"https:\/\/pellervo.fi\/en\/wp-json\/wp\/v2\/media?parent=430365"}],"curies":[{"name":"wp","href":"https:\/\/api.w.org\/{rel}","templated":true}]}}