{"id":886815,"date":"2020-06-10T12:07:16","date_gmt":"2020-06-10T09:07:16","guid":{"rendered":"https:\/\/www.suuntastudios.com\/pellervodev\/?page_id=886815"},"modified":"2020-06-10T12:07:43","modified_gmt":"2020-06-10T09:07:43","slug":"osuustoimintakeskus-pellervo-2","status":"publish","type":"page","link":"https:\/\/pellervo.fi\/en\/osuustoimintakeskus-pellervo-2\/","title":{"rendered":"Osuustoimintakeskus Pellervo"},"content":{"rendered":"\n\t<h2>Osuustoimintakeskus Pellervo<\/h2>\n<p>Pellervo on osuustoiminnan palvelu- ja yhteisty\u00f6j\u00e4rjest\u00f6, joka edist\u00e4\u00e4 osuustoimintaa yritt\u00e4mismallina ja osuuskuntaa kilpailukykyisen\u00e4 yritysmuotona. Pellervon teht\u00e4v\u00e4n\u00e4 on vaikuttaa osuustoiminnan puitteisiin suomalaisessa yhteiskunnassa ja tuottaa j\u00e4senilleen palveluita.<\/p>\n<p>Pellervo ajaa osuustoiminnan yhteiskunnallisia etuja ja edist\u00e4\u00e4 osuustoiminnalliselle yritt\u00e4mismallille my\u00f6nteist\u00e4 ilmapiiri\u00e4. Pellervo vaikuttaa yritt\u00e4misen puitteita koskevaan lains\u00e4\u00e4d\u00e4nt\u00f6ty\u00f6h\u00f6n sek\u00e4 talous- ja elinkeinopolitiikkaan.<\/p>\n<p>Ajankohtaista on mm. ty\u00f6 osuuskuntalain, osuuskuntien verotuksen, osuustoiminnan opetuksen ja tutkimuksen sek\u00e4 kauppapolitiikan ja kilpailupolitiikan parissa.<\/p>\n<p>Osuustoiminnallista yritt\u00e4mismallia ja yritysmuotoa tunnetaan edelleen puutteellisesti, mik\u00e4 vaikeuttaa sen toiminta- ja kehitt\u00e4misedellytyksi\u00e4. Pellervo tekee osuustoiminnan imagoty\u00f6t\u00e4 tarkoituksenaan lis\u00e4t\u00e4 osuustoimintamuotoisen yritt\u00e4misen tunnettuutta erityisesti p\u00e4\u00e4tt\u00e4jien ja mielipidevaikuttajien keskuudessa.<\/p>\n\t<a href=\"https:\/\/pellervo.fi\/wp-content\/uploads\/2013\/05\/PSvuosikertomus2016ok.pdf\" target=\"_blank\" rel=\"noopener noreferrer\"><img decoding=\"async\" src=\"https:\/\/pellervo.fi\/wp-content\/uploads\/2013\/05\/p-s2017.jpg\"><\/a><br \/>\nPellervon toimintakertomus\n<p>Lis\u00e4\u00e4 toimintakertomuksia l\u00f6yd\u00e4t <strong><a href=\"https:\/\/pellervo.fi\/pellervo-seura\/toiminta\/toimintakertomukset\/\">toimintakertomukset <\/a><\/strong>sivulta.<\/p>\n<h2>Hallinto<\/h2>\n<h2>J\u00e4senet<\/h2>\n<h2>Toiminta<\/h2>\n","protected":false},"excerpt":{"rendered":"<p>Osuustoimintakeskus Pellervo Pellervo on osuustoiminnan palvelu- ja yhteisty\u00f6j\u00e4rjest\u00f6, joka edist\u00e4\u00e4 osuustoimintaa yritt\u00e4mismallina ja osuuskuntaa kilpailukykyisen\u00e4 yritysmuotona. Pellervon teht\u00e4v\u00e4n\u00e4 on vaikuttaa osuustoiminnan puitteisiin suomalaisessa yhteiskunnassa ja tuottaa j\u00e4senilleen palveluita. Pellervo ajaa osuustoiminnan yhteiskunnallisia etuja ja edist\u00e4\u00e4 osuustoiminnalliselle yritt\u00e4mismallille my\u00f6nteist\u00e4 ilmapiiri\u00e4. Pellervo vaikuttaa yritt\u00e4misen puitteita koskevaan lains\u00e4\u00e4d\u00e4nt\u00f6ty\u00f6h\u00f6n sek\u00e4 talous- ja elinkeinopolitiikkaan. Ajankohtaista on mm. ty\u00f6 osuuskuntalain, osuuskuntien<\/p>\n","protected":false},"author":5,"featured_media":0,"parent":0,"menu_order":0,"comment_status":"closed","ping_status":"open","template":"","meta":{"inline_featured_image":false,"_monsterinsights_skip_tracking":false,"_monsterinsights_sitenote_active":false,"_monsterinsights_sitenote_note":"","_monsterinsights_sitenote_category":0,"site-sidebar-layout":"default","site-content-layout":"plain-container","ast-site-content-layout":"default","site-content-style":"default","site-sidebar-style":"default","ast-global-header-display":"","ast-banner-title-visibility":"","ast-main-header-display":"","ast-hfb-above-header-display":"","ast-hfb-below-header-display":"","ast-hfb-mobile-header-display":"","site-post-title":"","ast-breadcrumbs-content":"","ast-featured-img":"","footer-sml-layout":"","ast-disable-related-posts":"","theme-transparent-header-meta":"default","adv-header-id-meta":"","stick-header-meta":"","header-above-stick-meta":"","header-main-stick-meta":"","header-below-stick-meta":"","astra-migrate-meta-layouts":"default","ast-page-background-enabled":"default","ast-page-background-meta":{"desktop":{"background-color":"","background-image":"","background-repeat":"repeat","background-position":"center center","background-size":"auto","background-attachment":"scroll","background-type":"","background-media":"","overlay-type":"","overlay-color":"","overlay-opacity":"","overlay-gradient":""},"tablet":{"background-color":"","background-image":"","background-repeat":"repeat","background-position":"center center","background-size":"auto","background-attachment":"scroll","background-type":"","background-media":"","overlay-type":"","overlay-color":"","overlay-opacity":"","overlay-gradient":""},"mobile":{"background-color":"","background-image":"","background-repeat":"repeat","background-position":"center center","background-size":"auto","background-attachment":"scroll","background-type":"","background-media":"","overlay-type":"","overlay-color":"","overlay-opacity":"","overlay-gradient":""}},"ast-content-background-meta":{"desktop":{"background-color":"var(--ast-global-color-5)","background-image":"","background-repeat":"repeat","background-position":"center center","background-size":"auto","background-attachment":"scroll","background-type":"","background-media":"","overlay-type":"","overlay-color":"","overlay-opacity":"","overlay-gradient":""},"tablet":{"background-color":"var(--ast-global-color-5)","background-image":"","background-repeat":"repeat","background-position":"center center","background-size":"auto","background-attachment":"scroll","background-type":"","background-media":"","overlay-type":"","overlay-color":"","overlay-opacity":"","overlay-gradient":""},"mobile":{"background-color":"var(--ast-global-color-5)","background-image":"","background-repeat":"repeat","background-position":"center center","background-size":"auto","background-attachment":"scroll","background-type":"","background-media":"","overlay-type":"","overlay-color":"","overlay-opacity":"","overlay-gradient":""}},"_FSMCFIC_featured_image_caption":"","_FSMCFIC_featured_image_nocaption":"","_FSMCFIC_featured_image_hide":"","footnotes":""},"class_list":["post-886815","page","type-page","status-publish","hentry"],"yoast_head":"<!-- This site is optimized with the Yoast SEO plugin v27.5 - https:\/\/yoast.com\/product\/yoast-seo-wordpress\/ -->\n<title>Osuustoimintakeskus Pellervo - Pellervo<\/title>\n<meta name=\"robots\" content=\"index, follow, max-snippet:-1, max-image-preview:large, max-video-preview:-1\" \/>\n<link rel=\"canonical\" href=\"https:\/\/pellervo.fi\/en\/osuustoimintakeskus-pellervo-2\/\" \/>\n<meta property=\"og:locale\" content=\"en_US\" \/>\n<meta property=\"og:type\" content=\"article\" \/>\n<meta property=\"og:title\" content=\"Osuustoimintakeskus Pellervo - Pellervo\" \/>\n<meta property=\"og:description\" content=\"Osuustoimintakeskus Pellervo Pellervo on osuustoiminnan palvelu- ja yhteisty\u00f6j\u00e4rjest\u00f6, joka edist\u00e4\u00e4 osuustoimintaa yritt\u00e4mismallina ja osuuskuntaa kilpailukykyisen\u00e4 yritysmuotona. Pellervon teht\u00e4v\u00e4n\u00e4 on vaikuttaa osuustoiminnan puitteisiin suomalaisessa yhteiskunnassa ja tuottaa j\u00e4senilleen palveluita. Pellervo ajaa osuustoiminnan yhteiskunnallisia etuja ja edist\u00e4\u00e4 osuustoiminnalliselle yritt\u00e4mismallille my\u00f6nteist\u00e4 ilmapiiri\u00e4. Pellervo vaikuttaa yritt\u00e4misen puitteita koskevaan lains\u00e4\u00e4d\u00e4nt\u00f6ty\u00f6h\u00f6n sek\u00e4 talous- ja elinkeinopolitiikkaan. Ajankohtaista on mm. ty\u00f6 osuuskuntalain, osuuskuntien\" \/>\n<meta property=\"og:url\" content=\"https:\/\/pellervo.fi\/en\/osuustoimintakeskus-pellervo-2\/\" \/>\n<meta property=\"og:site_name\" content=\"Pellervo\" \/>\n<meta property=\"article:modified_time\" content=\"2020-06-10T09:07:43+00:00\" \/>\n<meta property=\"og:image\" content=\"https:\/\/pellervo.fi\/wp-content\/uploads\/2013\/05\/p-s2017.jpg\" \/>\n<meta name=\"twitter:card\" content=\"summary_large_image\" \/>\n<meta name=\"twitter:site\" content=\"@PellervoFi\" \/>\n<meta name=\"twitter:label1\" content=\"Est. reading time\" \/>\n\t<meta name=\"twitter:data1\" content=\"1 minute\" \/>\n<script type=\"application\/ld+json\" class=\"yoast-schema-graph\">{\"@context\":\"https:\\\/\\\/schema.org\",\"@graph\":[{\"@type\":\"WebPage\",\"@id\":\"https:\\\/\\\/pellervo.fi\\\/en\\\/osuustoimintakeskus-pellervo-2\\\/\",\"url\":\"https:\\\/\\\/pellervo.fi\\\/en\\\/osuustoimintakeskus-pellervo-2\\\/\",\"name\":\"Osuustoimintakeskus Pellervo - Pellervo\",\"isPartOf\":{\"@id\":\"https:\\\/\\\/pellervo.fi\\\/#website\"},\"primaryImageOfPage\":{\"@id\":\"https:\\\/\\\/pellervo.fi\\\/en\\\/osuustoimintakeskus-pellervo-2\\\/#primaryimage\"},\"image\":{\"@id\":\"https:\\\/\\\/pellervo.fi\\\/en\\\/osuustoimintakeskus-pellervo-2\\\/#primaryimage\"},\"thumbnailUrl\":\"https:\\\/\\\/pellervo.fi\\\/wp-content\\\/uploads\\\/2013\\\/05\\\/p-s2017.jpg\",\"datePublished\":\"2020-06-10T09:07:16+00:00\",\"dateModified\":\"2020-06-10T09:07:43+00:00\",\"breadcrumb\":{\"@id\":\"https:\\\/\\\/pellervo.fi\\\/en\\\/osuustoimintakeskus-pellervo-2\\\/#breadcrumb\"},\"inLanguage\":\"en-US\",\"potentialAction\":[{\"@type\":\"ReadAction\",\"target\":[\"https:\\\/\\\/pellervo.fi\\\/en\\\/osuustoimintakeskus-pellervo-2\\\/\"]}]},{\"@type\":\"ImageObject\",\"inLanguage\":\"en-US\",\"@id\":\"https:\\\/\\\/pellervo.fi\\\/en\\\/osuustoimintakeskus-pellervo-2\\\/#primaryimage\",\"url\":\"https:\\\/\\\/pellervo.fi\\\/wp-content\\\/uploads\\\/2013\\\/05\\\/p-s2017.jpg\",\"contentUrl\":\"https:\\\/\\\/pellervo.fi\\\/wp-content\\\/uploads\\\/2013\\\/05\\\/p-s2017.jpg\"},{\"@type\":\"BreadcrumbList\",\"@id\":\"https:\\\/\\\/pellervo.fi\\\/en\\\/osuustoimintakeskus-pellervo-2\\\/#breadcrumb\",\"itemListElement\":[{\"@type\":\"ListItem\",\"position\":1,\"name\":\"Koti\",\"item\":\"https:\\\/\\\/pellervo.fi\\\/en\\\/\"},{\"@type\":\"ListItem\",\"position\":2,\"name\":\"Osuustoimintakeskus Pellervo\"}]},{\"@type\":\"WebSite\",\"@id\":\"https:\\\/\\\/pellervo.fi\\\/#website\",\"url\":\"https:\\\/\\\/pellervo.fi\\\/\",\"name\":\"Pellervo\",\"description\":\"Osuuskuntien keskusj\u00e4rjest\u00f6\",\"publisher\":{\"@id\":\"https:\\\/\\\/pellervo.fi\\\/#organization\"},\"potentialAction\":[{\"@type\":\"SearchAction\",\"target\":{\"@type\":\"EntryPoint\",\"urlTemplate\":\"https:\\\/\\\/pellervo.fi\\\/?s={search_term_string}\"},\"query-input\":{\"@type\":\"PropertyValueSpecification\",\"valueRequired\":true,\"valueName\":\"search_term_string\"}}],\"inLanguage\":\"en-US\"},{\"@type\":\"Organization\",\"@id\":\"https:\\\/\\\/pellervo.fi\\\/#organization\",\"name\":\"Osuustoimintakeskus Pellervo ry\",\"url\":\"https:\\\/\\\/pellervo.fi\\\/\",\"logo\":{\"@type\":\"ImageObject\",\"inLanguage\":\"en-US\",\"@id\":\"https:\\\/\\\/pellervo.fi\\\/#\\\/schema\\\/logo\\\/image\\\/\",\"url\":\"https:\\\/\\\/pellervo.fi\\\/wp-content\\\/uploads\\\/2020\\\/05\\\/Pellervo_logo.png\",\"contentUrl\":\"https:\\\/\\\/pellervo.fi\\\/wp-content\\\/uploads\\\/2020\\\/05\\\/Pellervo_logo.png\",\"width\":1335,\"height\":376,\"caption\":\"Osuustoimintakeskus Pellervo ry\"},\"image\":{\"@id\":\"https:\\\/\\\/pellervo.fi\\\/#\\\/schema\\\/logo\\\/image\\\/\"},\"sameAs\":[\"https:\\\/\\\/x.com\\\/PellervoFi\"]}]}<\/script>\n<!-- \/ Yoast SEO plugin. -->","yoast_head_json":{"title":"Osuustoimintakeskus Pellervo - Pellervo","robots":{"index":"index","follow":"follow","max-snippet":"max-snippet:-1","max-image-preview":"max-image-preview:large","max-video-preview":"max-video-preview:-1"},"canonical":"https:\/\/pellervo.fi\/en\/osuustoimintakeskus-pellervo-2\/","og_locale":"en_US","og_type":"article","og_title":"Osuustoimintakeskus Pellervo - Pellervo","og_description":"Osuustoimintakeskus Pellervo Pellervo on osuustoiminnan palvelu- ja yhteisty\u00f6j\u00e4rjest\u00f6, joka edist\u00e4\u00e4 osuustoimintaa yritt\u00e4mismallina ja osuuskuntaa kilpailukykyisen\u00e4 yritysmuotona. Pellervon teht\u00e4v\u00e4n\u00e4 on vaikuttaa osuustoiminnan puitteisiin suomalaisessa yhteiskunnassa ja tuottaa j\u00e4senilleen palveluita. Pellervo ajaa osuustoiminnan yhteiskunnallisia etuja ja edist\u00e4\u00e4 osuustoiminnalliselle yritt\u00e4mismallille my\u00f6nteist\u00e4 ilmapiiri\u00e4. Pellervo vaikuttaa yritt\u00e4misen puitteita koskevaan lains\u00e4\u00e4d\u00e4nt\u00f6ty\u00f6h\u00f6n sek\u00e4 talous- ja elinkeinopolitiikkaan. Ajankohtaista on mm. ty\u00f6 osuuskuntalain, osuuskuntien","og_url":"https:\/\/pellervo.fi\/en\/osuustoimintakeskus-pellervo-2\/","og_site_name":"Pellervo","article_modified_time":"2020-06-10T09:07:43+00:00","og_image":[{"url":"https:\/\/pellervo.fi\/wp-content\/uploads\/2013\/05\/p-s2017.jpg","type":"","width":"","height":""}],"twitter_card":"summary_large_image","twitter_site":"@PellervoFi","twitter_misc":{"Est. reading time":"1 minute"},"schema":{"@context":"https:\/\/schema.org","@graph":[{"@type":"WebPage","@id":"https:\/\/pellervo.fi\/en\/osuustoimintakeskus-pellervo-2\/","url":"https:\/\/pellervo.fi\/en\/osuustoimintakeskus-pellervo-2\/","name":"Osuustoimintakeskus Pellervo - Pellervo","isPartOf":{"@id":"https:\/\/pellervo.fi\/#website"},"primaryImageOfPage":{"@id":"https:\/\/pellervo.fi\/en\/osuustoimintakeskus-pellervo-2\/#primaryimage"},"image":{"@id":"https:\/\/pellervo.fi\/en\/osuustoimintakeskus-pellervo-2\/#primaryimage"},"thumbnailUrl":"https:\/\/pellervo.fi\/wp-content\/uploads\/2013\/05\/p-s2017.jpg","datePublished":"2020-06-10T09:07:16+00:00","dateModified":"2020-06-10T09:07:43+00:00","breadcrumb":{"@id":"https:\/\/pellervo.fi\/en\/osuustoimintakeskus-pellervo-2\/#breadcrumb"},"inLanguage":"en-US","potentialAction":[{"@type":"ReadAction","target":["https:\/\/pellervo.fi\/en\/osuustoimintakeskus-pellervo-2\/"]}]},{"@type":"ImageObject","inLanguage":"en-US","@id":"https:\/\/pellervo.fi\/en\/osuustoimintakeskus-pellervo-2\/#primaryimage","url":"https:\/\/pellervo.fi\/wp-content\/uploads\/2013\/05\/p-s2017.jpg","contentUrl":"https:\/\/pellervo.fi\/wp-content\/uploads\/2013\/05\/p-s2017.jpg"},{"@type":"BreadcrumbList","@id":"https:\/\/pellervo.fi\/en\/osuustoimintakeskus-pellervo-2\/#breadcrumb","itemListElement":[{"@type":"ListItem","position":1,"name":"Koti","item":"https:\/\/pellervo.fi\/en\/"},{"@type":"ListItem","position":2,"name":"Osuustoimintakeskus Pellervo"}]},{"@type":"WebSite","@id":"https:\/\/pellervo.fi\/#website","url":"https:\/\/pellervo.fi\/","name":"Pellervo","description":"Osuuskuntien keskusj\u00e4rjest\u00f6","publisher":{"@id":"https:\/\/pellervo.fi\/#organization"},"potentialAction":[{"@type":"SearchAction","target":{"@type":"EntryPoint","urlTemplate":"https:\/\/pellervo.fi\/?s={search_term_string}"},"query-input":{"@type":"PropertyValueSpecification","valueRequired":true,"valueName":"search_term_string"}}],"inLanguage":"en-US"},{"@type":"Organization","@id":"https:\/\/pellervo.fi\/#organization","name":"Osuustoimintakeskus Pellervo ry","url":"https:\/\/pellervo.fi\/","logo":{"@type":"ImageObject","inLanguage":"en-US","@id":"https:\/\/pellervo.fi\/#\/schema\/logo\/image\/","url":"https:\/\/pellervo.fi\/wp-content\/uploads\/2020\/05\/Pellervo_logo.png","contentUrl":"https:\/\/pellervo.fi\/wp-content\/uploads\/2020\/05\/Pellervo_logo.png","width":1335,"height":376,"caption":"Osuustoimintakeskus Pellervo ry"},"image":{"@id":"https:\/\/pellervo.fi\/#\/schema\/logo\/image\/"},"sameAs":["https:\/\/x.com\/PellervoFi"]}]}},"_links":{"self":[{"href":"https:\/\/pellervo.fi\/en\/wp-json\/wp\/v2\/pages\/886815","targetHints":{"allow":["GET"]}}],"collection":[{"href":"https:\/\/pellervo.fi\/en\/wp-json\/wp\/v2\/pages"}],"about":[{"href":"https:\/\/pellervo.fi\/en\/wp-json\/wp\/v2\/types\/page"}],"author":[{"embeddable":true,"href":"https:\/\/pellervo.fi\/en\/wp-json\/wp\/v2\/users\/5"}],"replies":[{"embeddable":true,"href":"https:\/\/pellervo.fi\/en\/wp-json\/wp\/v2\/comments?post=886815"}],"version-history":[{"count":2,"href":"https:\/\/pellervo.fi\/en\/wp-json\/wp\/v2\/pages\/886815\/revisions"}],"predecessor-version":[{"id":886817,"href":"https:\/\/pellervo.fi\/en\/wp-json\/wp\/v2\/pages\/886815\/revisions\/886817"}],"wp:attachment":[{"href":"https:\/\/pellervo.fi\/en\/wp-json\/wp\/v2\/media?parent=886815"}],"curies":[{"name":"wp","href":"https:\/\/api.w.org\/{rel}","templated":true}]}}