{"id":2055,"date":"2013-11-06T12:52:30","date_gmt":"2013-11-06T10:52:30","guid":{"rendered":"http:\/\/pellervo.fi\/?page_id=2055"},"modified":"2020-08-12T12:51:29","modified_gmt":"2020-08-12T09:51:29","slug":"medlemmar","status":"publish","type":"page","link":"https:\/\/pellervo.fi\/sv\/sallskapet-pellervo\/medlemmar\/","title":{"rendered":"Medlemmar"},"content":{"rendered":"\n\t<p>Pellervo Coop Center har omkring 240 medlemmar. I stort sett \u00e4r alla andelslag i Finland direkt eller indirekt medlemmar i Pellervo. Dock utg\u00f6r andelsbankerna \u00f6ver h\u00e4lften av medlemmarna. P\u00e5 senare \u00e5r har en majoritet av handelslagen (S-gruppen) blivit medlemmar i Pellervo.<\/p>\n<h2>Medlemsgrupperna i korthet<\/h2>\n<h3>Andelsbanker i tv\u00e5 olika grupper<\/h3>\n<p>OP-Gruppen \u00e4r den ledande finansgruppen i Finland. Gruppen omfattar enskilda andelsbanker \u00f6ver hela Finland. De \u00e4ger tillsammans OP-Andelslag, som bedriver m\u00e5ngsidig bank\u00ad-, placerings- och f\u00f6rs\u00e4kringsverksamhet.<\/p>\n<p>Vid sidan av OP-Gruppen fungerar ytterligare ett trettiotal lokala andelsbanker organiserade inom POP Bankgruppen. Gruppen har andelslaget Lokalandelsbankf\u00f6rbundet som centralorganisation.<\/p>\n<h3>Tradeka<\/h3>\n<p>Andelslaget Tradeka \u00e4r ett konsumentandelslag grundat 1917. F\u00f6r \u00f6gonblicket betj\u00e4nar Andelslaget \u00f6ver 200 000 medlemmar. Andelslaget Tradeka \u00e4r ett administrativt andelslag, som \u00e4ger aktiebolag Tradeka-Yhti\u00f6t Oy (98%) och Tradeka-palvelut Oy, som ansvarar f\u00f6r Andelslagets verksamhet ang\u00e5ende medlemsf\u00f6rm\u00e5ner.<\/p>\n<h3>Handelslag<\/h3>\n<p>S-gruppen \u00e4r en f\u00f6retagsgrupp inom handels- och servicebranschen som \u00e4gs av sina kunder. Gruppen omfattar regional handeslag Centrallaget f\u00f6r Handelslagen i Finland (SOK).<\/p>\n<h3>LokalTapiola \u00d6msesidigt F\u00f6rs\u00e4kringsbolag<\/h3>\n<p>LokalTapiola har 19 lokala bolag, som lokalt erbjuder helhetstj\u00e4nster inom f\u00f6rs\u00e4kring, bank, sparande och placering i Finland. Gruppen inledde sin verksamhet \u00e5r 2013 d\u00e5 Lokalf\u00f6rs\u00e4kringsgruppen och \u00f6msesidiga f\u00f6rs\u00e4kringsbolaget Tapiola fusionerades.<\/p>\n<h3>Skogsandelslaget Mets\u00e4liitto<\/h3>\n<p>Mets\u00e4liitto \u00e4r ett av Europas st\u00f6rsta producentandelslag och \u00e4gs av ungef\u00e4r 100 000 privata skogs\u00e4gare. Inom skogssektorn fungerar ocks\u00e5 hybridmodellen, d\u00e5 Mets\u00e4liitto styr b\u00f6rsbolaget Mets\u00e4 Board, ett av de ledande kartong- och pappersbolagen i Europa.<\/p>\n<h3>Valio och andesmejerierna<\/h3>\n<p>Valio Oy \u00e4r ett aktiebolag som \u00e4gs till hundra procent av de producent\u00e4gda mejeriandelslagen, Valio har till uppgift att f\u00f6r\u00e4dla och marknadsf\u00f6ra mj\u00f6lkprodukter p\u00e5 b\u00e5de hemmamarknaden och genom export.<\/p>\n<p>Vid sidan av andelsmejerierna inom Valio finns en grupp mejerier som samarbetar med Arla-Ingman, som \u00e4r det danska mejeriandelslaget Arlas dotterbolag i Finland.<\/p>\n<p>N\u00e5gra regionala andelsmejerier \u00e4r sj\u00e4lvst\u00e4ndiga.<\/p>\n<h3>K\u00f6ttandelslagen<\/h3>\n<p>Finland har tv\u00e5 stora slakterier b\u00f6rsbolagen HKScan och Atria. Dessa \u00e4r b\u00e5da del\u00e4gda av prim\u00e4ra k\u00f6ttandelslag. Genom aktier med olika r\u00f6stetal \u00e4r de dock helt kontrollerade av k\u00f6ttandelslagen. Denna hybridmodell byggdes upp p\u00e5 1990-talet, d\u00e5 den kooperativa k\u00f6ttbranschen beh\u00f6vde utomst\u00e5ende kapital f\u00f6r att genomf\u00f6ra de n\u00f6dv\u00e4ndiga omstruktureringarna som stod f\u00f6r handen inf\u00f6r Finlands EU-medlemskap \u00e5r 1995.<\/p>\n<p>HKScan \u00e4gs och styrs av k\u00f6ttandelslaget LSO Andelslag. HKScan har under de senaste decennierna spridit sin verksamhet till Sverige, Baltikum och Danmark.<\/p>\n<p>De nordligare k\u00f6ttandelslagen Itikka, Lihakunta och \u00d6sterbottens K\u00f6tt \u00e4ger aktiemajoriteten i Atria. Atria \u00e4r den st\u00f6rsta k\u00f6ttf\u00f6r\u00e4dlaren i Finland, men har omfattande verksamhet i framf\u00f6r allt Sverige.<\/p>\n<h3>Husdjursf\u00f6r\u00e4dling<\/h3>\n<p>Husdjursf\u00f6r\u00e4dlingen i Finland sker huvudsakligen i kooperativ form. Andelslaget Faba \u00e4gs av husdjursf\u00f6retagare. Faba erbjuder en omfattande tj\u00e4nstehelhet f\u00f6r mj\u00f6lk- och k\u00f6ttproducenter inom all avelsverksamhet. Tillsammans med husdjursf\u00e4r\u00e4dlingsf\u00f6reningarna i Sverige och Danmark \u00e4ger \u00a0Faba Viking Genetics, som \u00e4r ett av v\u00e4rldens ledande avelsf\u00f6retag.<\/p>\n<h3>\u00c4ggandelslaget Munakunta<\/h3>\n<p>Andelslaget Munakunta \u00e4ger 50 % av aktiebolaget Dava Foods Ab som sk\u00f6ter anskaffningen, f\u00f6rpackningen och markansf\u00f6ringen av \u00e4gg och \u00e4ggprodukter i Finland. Den andra 50 % \u00e4gs av dansk DAVA Foods A\/S. Munakuntas aff\u00e4rsverksamhet \u00f6verf\u00f6rdes till Dava Foods Ab \u00e5r 2015. Sedan dess fungerar andelslaget Munakunta som \u00e4garandelslag mot Dava Foods och som kontaktyta till medlemmarna.<\/p>\n<h3>\u00d6vriga<\/h3>\n<p>Dessutom har Pellervo ett antal \u00f6vriga andelslag, bland annat infraandelslag, SEO och n\u00e5gra organisationer.<\/p>\n","protected":false},"excerpt":{"rendered":"<p>Pellervo Coop Center har omkring 240 medlemmar. I stort sett \u00e4r alla andelslag i Finland direkt eller indirekt medlemmar i Pellervo. Dock utg\u00f6r andelsbankerna \u00f6ver h\u00e4lften av medlemmarna. P\u00e5 senare \u00e5r har en majoritet av handelslagen (S-gruppen) blivit medlemmar i Pellervo. Medlemsgrupperna i korthet Andelsbanker i tv\u00e5 olika grupper OP-Gruppen \u00e4r den ledande finansgruppen i<\/p>\n","protected":false},"author":5,"featured_media":0,"parent":613896,"menu_order":0,"comment_status":"open","ping_status":"closed","template":"","meta":{"inline_featured_image":false,"_monsterinsights_skip_tracking":false,"_monsterinsights_sitenote_active":false,"_monsterinsights_sitenote_note":"","_monsterinsights_sitenote_category":0,"site-sidebar-layout":"default","site-content-layout":"default","ast-site-content-layout":"default","site-content-style":"default","site-sidebar-style":"default","ast-global-header-display":"","ast-banner-title-visibility":"","ast-main-header-display":"","ast-hfb-above-header-display":"","ast-hfb-below-header-display":"","ast-hfb-mobile-header-display":"","site-post-title":"","ast-breadcrumbs-content":"","ast-featured-img":"","footer-sml-layout":"","ast-disable-related-posts":"","theme-transparent-header-meta":"default","adv-header-id-meta":"","stick-header-meta":"","header-above-stick-meta":"","header-main-stick-meta":"","header-below-stick-meta":"","astra-migrate-meta-layouts":"default","ast-page-background-enabled":"default","ast-page-background-meta":{"desktop":{"background-color":"","background-image":"","background-repeat":"repeat","background-position":"center center","background-size":"auto","background-attachment":"scroll","background-type":"","background-media":"","overlay-type":"","overlay-color":"","overlay-opacity":"","overlay-gradient":""},"tablet":{"background-color":"","background-image":"","background-repeat":"repeat","background-position":"center center","background-size":"auto","background-attachment":"scroll","background-type":"","background-media":"","overlay-type":"","overlay-color":"","overlay-opacity":"","overlay-gradient":""},"mobile":{"background-color":"","background-image":"","background-repeat":"repeat","background-position":"center center","background-size":"auto","background-attachment":"scroll","background-type":"","background-media":"","overlay-type":"","overlay-color":"","overlay-opacity":"","overlay-gradient":""}},"ast-content-background-meta":{"desktop":{"background-color":"var(--ast-global-color-5)","background-image":"","background-repeat":"repeat","background-position":"center center","background-size":"auto","background-attachment":"scroll","background-type":"","background-media":"","overlay-type":"","overlay-color":"","overlay-opacity":"","overlay-gradient":""},"tablet":{"background-color":"var(--ast-global-color-5)","background-image":"","background-repeat":"repeat","background-position":"center center","background-size":"auto","background-attachment":"scroll","background-type":"","background-media":"","overlay-type":"","overlay-color":"","overlay-opacity":"","overlay-gradient":""},"mobile":{"background-color":"var(--ast-global-color-5)","background-image":"","background-repeat":"repeat","background-position":"center center","background-size":"auto","background-attachment":"scroll","background-type":"","background-media":"","overlay-type":"","overlay-color":"","overlay-opacity":"","overlay-gradient":""}},"_FSMCFIC_featured_image_caption":"","_FSMCFIC_featured_image_nocaption":"","_FSMCFIC_featured_image_hide":"","footnotes":""},"class_list":["post-2055","page","type-page","status-publish","hentry"],"yoast_head":"<!-- This site is optimized with the Yoast SEO plugin v27.4 - https:\/\/yoast.com\/product\/yoast-seo-wordpress\/ -->\n<title>Medlemmar - Pellervo<\/title>\n<meta name=\"robots\" content=\"index, follow, max-snippet:-1, max-image-preview:large, max-video-preview:-1\" \/>\n<link rel=\"canonical\" href=\"https:\/\/pellervo.fi\/sv\/sallskapet-pellervo\/medlemmar\/\" \/>\n<meta property=\"og:locale\" content=\"sv_SE\" \/>\n<meta property=\"og:type\" content=\"article\" \/>\n<meta property=\"og:title\" content=\"Medlemmar - Pellervo\" \/>\n<meta property=\"og:description\" content=\"Pellervo Coop Center har omkring 240 medlemmar. I stort sett \u00e4r alla andelslag i Finland direkt eller indirekt medlemmar i Pellervo. Dock utg\u00f6r andelsbankerna \u00f6ver h\u00e4lften av medlemmarna. P\u00e5 senare \u00e5r har en majoritet av handelslagen (S-gruppen) blivit medlemmar i Pellervo. Medlemsgrupperna i korthet Andelsbanker i tv\u00e5 olika grupper OP-Gruppen \u00e4r den ledande finansgruppen i\" \/>\n<meta property=\"og:url\" content=\"https:\/\/pellervo.fi\/sv\/sallskapet-pellervo\/medlemmar\/\" \/>\n<meta property=\"og:site_name\" content=\"Pellervo\" \/>\n<meta property=\"article:modified_time\" content=\"2020-08-12T09:51:29+00:00\" \/>\n<meta property=\"og:image\" content=\"https:\/\/pellervo.fi\/wp-content\/uploads\/2020\/04\/pallo2020.jpg\" \/>\n\t<meta property=\"og:image:width\" content=\"850\" \/>\n\t<meta property=\"og:image:height\" content=\"560\" \/>\n\t<meta property=\"og:image:type\" content=\"image\/jpeg\" \/>\n<meta name=\"twitter:card\" content=\"summary_large_image\" \/>\n<meta name=\"twitter:site\" content=\"@PellervoFi\" \/>\n<meta name=\"twitter:label1\" content=\"Ber\u00e4knad l\u00e4stid\" \/>\n\t<meta name=\"twitter:data1\" content=\"3 minuter\" \/>\n<script type=\"application\/ld+json\" class=\"yoast-schema-graph\">{\"@context\":\"https:\\\/\\\/schema.org\",\"@graph\":[{\"@type\":\"WebPage\",\"@id\":\"https:\\\/\\\/pellervo.fi\\\/sv\\\/sallskapet-pellervo\\\/medlemmar\\\/\",\"url\":\"https:\\\/\\\/pellervo.fi\\\/sv\\\/sallskapet-pellervo\\\/medlemmar\\\/\",\"name\":\"Medlemmar - Pellervo\",\"isPartOf\":{\"@id\":\"https:\\\/\\\/pellervo.fi\\\/#website\"},\"datePublished\":\"2013-11-06T10:52:30+00:00\",\"dateModified\":\"2020-08-12T09:51:29+00:00\",\"breadcrumb\":{\"@id\":\"https:\\\/\\\/pellervo.fi\\\/sv\\\/sallskapet-pellervo\\\/medlemmar\\\/#breadcrumb\"},\"inLanguage\":\"sv-SE\",\"potentialAction\":[{\"@type\":\"ReadAction\",\"target\":[\"https:\\\/\\\/pellervo.fi\\\/sv\\\/sallskapet-pellervo\\\/medlemmar\\\/\"]}]},{\"@type\":\"BreadcrumbList\",\"@id\":\"https:\\\/\\\/pellervo.fi\\\/sv\\\/sallskapet-pellervo\\\/medlemmar\\\/#breadcrumb\",\"itemListElement\":[{\"@type\":\"ListItem\",\"position\":1,\"name\":\"Koti\",\"item\":\"https:\\\/\\\/pellervo.fi\\\/sv\\\/\"},{\"@type\":\"ListItem\",\"position\":2,\"name\":\"Pellervo Coop Center\",\"item\":\"https:\\\/\\\/pellervo.fi\\\/sv\\\/sallskapet-pellervo\\\/\"},{\"@type\":\"ListItem\",\"position\":3,\"name\":\"Medlemmar\"}]},{\"@type\":\"WebSite\",\"@id\":\"https:\\\/\\\/pellervo.fi\\\/#website\",\"url\":\"https:\\\/\\\/pellervo.fi\\\/\",\"name\":\"Pellervo\",\"description\":\"Osuuskuntien keskusj\u00e4rjest\u00f6\",\"publisher\":{\"@id\":\"https:\\\/\\\/pellervo.fi\\\/#organization\"},\"potentialAction\":[{\"@type\":\"SearchAction\",\"target\":{\"@type\":\"EntryPoint\",\"urlTemplate\":\"https:\\\/\\\/pellervo.fi\\\/?s={search_term_string}\"},\"query-input\":{\"@type\":\"PropertyValueSpecification\",\"valueRequired\":true,\"valueName\":\"search_term_string\"}}],\"inLanguage\":\"sv-SE\"},{\"@type\":\"Organization\",\"@id\":\"https:\\\/\\\/pellervo.fi\\\/#organization\",\"name\":\"Osuustoimintakeskus Pellervo ry\",\"url\":\"https:\\\/\\\/pellervo.fi\\\/\",\"logo\":{\"@type\":\"ImageObject\",\"inLanguage\":\"sv-SE\",\"@id\":\"https:\\\/\\\/pellervo.fi\\\/#\\\/schema\\\/logo\\\/image\\\/\",\"url\":\"https:\\\/\\\/pellervo.fi\\\/wp-content\\\/uploads\\\/2020\\\/05\\\/Pellervo_logo.png\",\"contentUrl\":\"https:\\\/\\\/pellervo.fi\\\/wp-content\\\/uploads\\\/2020\\\/05\\\/Pellervo_logo.png\",\"width\":1335,\"height\":376,\"caption\":\"Osuustoimintakeskus Pellervo ry\"},\"image\":{\"@id\":\"https:\\\/\\\/pellervo.fi\\\/#\\\/schema\\\/logo\\\/image\\\/\"},\"sameAs\":[\"https:\\\/\\\/x.com\\\/PellervoFi\"]}]}<\/script>\n<!-- \/ Yoast SEO plugin. -->","yoast_head_json":{"title":"Medlemmar - Pellervo","robots":{"index":"index","follow":"follow","max-snippet":"max-snippet:-1","max-image-preview":"max-image-preview:large","max-video-preview":"max-video-preview:-1"},"canonical":"https:\/\/pellervo.fi\/sv\/sallskapet-pellervo\/medlemmar\/","og_locale":"sv_SE","og_type":"article","og_title":"Medlemmar - Pellervo","og_description":"Pellervo Coop Center har omkring 240 medlemmar. I stort sett \u00e4r alla andelslag i Finland direkt eller indirekt medlemmar i Pellervo. Dock utg\u00f6r andelsbankerna \u00f6ver h\u00e4lften av medlemmarna. P\u00e5 senare \u00e5r har en majoritet av handelslagen (S-gruppen) blivit medlemmar i Pellervo. Medlemsgrupperna i korthet Andelsbanker i tv\u00e5 olika grupper OP-Gruppen \u00e4r den ledande finansgruppen i","og_url":"https:\/\/pellervo.fi\/sv\/sallskapet-pellervo\/medlemmar\/","og_site_name":"Pellervo","article_modified_time":"2020-08-12T09:51:29+00:00","og_image":[{"width":850,"height":560,"url":"https:\/\/pellervo.fi\/wp-content\/uploads\/2020\/04\/pallo2020.jpg","type":"image\/jpeg"}],"twitter_card":"summary_large_image","twitter_site":"@PellervoFi","twitter_misc":{"Ber\u00e4knad l\u00e4stid":"3 minuter"},"schema":{"@context":"https:\/\/schema.org","@graph":[{"@type":"WebPage","@id":"https:\/\/pellervo.fi\/sv\/sallskapet-pellervo\/medlemmar\/","url":"https:\/\/pellervo.fi\/sv\/sallskapet-pellervo\/medlemmar\/","name":"Medlemmar - Pellervo","isPartOf":{"@id":"https:\/\/pellervo.fi\/#website"},"datePublished":"2013-11-06T10:52:30+00:00","dateModified":"2020-08-12T09:51:29+00:00","breadcrumb":{"@id":"https:\/\/pellervo.fi\/sv\/sallskapet-pellervo\/medlemmar\/#breadcrumb"},"inLanguage":"sv-SE","potentialAction":[{"@type":"ReadAction","target":["https:\/\/pellervo.fi\/sv\/sallskapet-pellervo\/medlemmar\/"]}]},{"@type":"BreadcrumbList","@id":"https:\/\/pellervo.fi\/sv\/sallskapet-pellervo\/medlemmar\/#breadcrumb","itemListElement":[{"@type":"ListItem","position":1,"name":"Koti","item":"https:\/\/pellervo.fi\/sv\/"},{"@type":"ListItem","position":2,"name":"Pellervo Coop Center","item":"https:\/\/pellervo.fi\/sv\/sallskapet-pellervo\/"},{"@type":"ListItem","position":3,"name":"Medlemmar"}]},{"@type":"WebSite","@id":"https:\/\/pellervo.fi\/#website","url":"https:\/\/pellervo.fi\/","name":"Pellervo","description":"Osuuskuntien keskusj\u00e4rjest\u00f6","publisher":{"@id":"https:\/\/pellervo.fi\/#organization"},"potentialAction":[{"@type":"SearchAction","target":{"@type":"EntryPoint","urlTemplate":"https:\/\/pellervo.fi\/?s={search_term_string}"},"query-input":{"@type":"PropertyValueSpecification","valueRequired":true,"valueName":"search_term_string"}}],"inLanguage":"sv-SE"},{"@type":"Organization","@id":"https:\/\/pellervo.fi\/#organization","name":"Osuustoimintakeskus Pellervo ry","url":"https:\/\/pellervo.fi\/","logo":{"@type":"ImageObject","inLanguage":"sv-SE","@id":"https:\/\/pellervo.fi\/#\/schema\/logo\/image\/","url":"https:\/\/pellervo.fi\/wp-content\/uploads\/2020\/05\/Pellervo_logo.png","contentUrl":"https:\/\/pellervo.fi\/wp-content\/uploads\/2020\/05\/Pellervo_logo.png","width":1335,"height":376,"caption":"Osuustoimintakeskus Pellervo ry"},"image":{"@id":"https:\/\/pellervo.fi\/#\/schema\/logo\/image\/"},"sameAs":["https:\/\/x.com\/PellervoFi"]}]}},"_links":{"self":[{"href":"https:\/\/pellervo.fi\/sv\/wp-json\/wp\/v2\/pages\/2055","targetHints":{"allow":["GET"]}}],"collection":[{"href":"https:\/\/pellervo.fi\/sv\/wp-json\/wp\/v2\/pages"}],"about":[{"href":"https:\/\/pellervo.fi\/sv\/wp-json\/wp\/v2\/types\/page"}],"author":[{"embeddable":true,"href":"https:\/\/pellervo.fi\/sv\/wp-json\/wp\/v2\/users\/5"}],"replies":[{"embeddable":true,"href":"https:\/\/pellervo.fi\/sv\/wp-json\/wp\/v2\/comments?post=2055"}],"version-history":[{"count":9,"href":"https:\/\/pellervo.fi\/sv\/wp-json\/wp\/v2\/pages\/2055\/revisions"}],"predecessor-version":[{"id":887785,"href":"https:\/\/pellervo.fi\/sv\/wp-json\/wp\/v2\/pages\/2055\/revisions\/887785"}],"up":[{"embeddable":true,"href":"https:\/\/pellervo.fi\/sv\/wp-json\/wp\/v2\/pages\/613896"}],"wp:attachment":[{"href":"https:\/\/pellervo.fi\/sv\/wp-json\/wp\/v2\/media?parent=2055"}],"curies":[{"name":"wp","href":"https:\/\/api.w.org\/{rel}","templated":true}]}}