{"id":2069,"date":"2013-11-06T16:12:55","date_gmt":"2013-11-06T14:12:55","guid":{"rendered":"http:\/\/pellervo.fi\/?page_id=2069"},"modified":"2024-09-17T10:49:41","modified_gmt":"2024-09-17T07:49:41","slug":"finlands-svenska-andelsforbund","status":"publish","type":"page","link":"https:\/\/pellervo.fi\/sv\/finlands-svenska-andelsforbund\/","title":{"rendered":"Finlands Svenska Andelsf\u00f6rbund"},"content":{"rendered":"\n<p><img loading=\"lazy\" decoding=\"async\" class=\"alignnone  wp-image-891857\" src=\"https:\/\/pellervo.fi\/wp-content\/uploads\/2021\/09\/Andelsforbundet_logo_original-840x143.png\" alt=\"\" width=\"446\" height=\"76\" srcset=\"https:\/\/pellervo.fi\/wp-content\/uploads\/2021\/09\/Andelsforbundet_logo_original-840x143.png 840w, https:\/\/pellervo.fi\/wp-content\/uploads\/2021\/09\/Andelsforbundet_logo_original-150x26.png 150w, https:\/\/pellervo.fi\/wp-content\/uploads\/2021\/09\/Andelsforbundet_logo_original-768x131.png 768w, https:\/\/pellervo.fi\/wp-content\/uploads\/2021\/09\/Andelsforbundet_logo_original-1536x261.png 1536w, https:\/\/pellervo.fi\/wp-content\/uploads\/2021\/09\/Andelsforbundet_logo_original-2048x348.png 2048w\" sizes=\"auto, (max-width: 446px) 100vw, 446px\" \/><\/p>\n\n\n\n<p>Finlands Svenska Andelsf\u00f6rbund \u00e4r ett samarbetsorgan f\u00f6r de finlandssvenska andelslagen. Sedan 1993 \u00e4r Andelsf\u00f6rbundet i ett n\u00e4ra samarbete med andelslagens centralorganisation Pellervo. F\u00f6rbundet betj\u00e4nar sina medlemsf\u00f6retag genom att f\u00f6rmedla Pellervos svenskspr\u00e5kiga tj\u00e4nster i juridisk och ekonomisk r\u00e5dgivning, med utbildning av f\u00f6retagens f\u00f6rtroendevalda och personal samt hj\u00e4lper \u00e4ven nya andelslag med juridisk r\u00e5dgivning bl.a. vid uppg\u00f6randet av stadgar och med grundandet i praktiken.<\/p>\n\n\n\n<h3 class=\"wp-block-heading\">BES\u00d6KSADDRESS<\/h3>\n\n\n\n<p>\nSimonsgatan 6<br>\n00100 HELSINGFORS\n<\/p>\n\n\n\n<h3 class=\"wp-block-heading\">POST<\/h3>\n\n\n\n<p>FINLANDS SVENSKA ANDELSF\u00d6RBUND<br>PB 77<br>00101 HELSINGFORS <br>TELEFON (040) 846 6704<br>FO-nummer 0235629-7 <\/p>\n\n\n\n<h3 class=\"wp-block-heading\">E-FAKTURAADRESSINFORMATION<\/h3>\n\n\n\n<p>E-faktura adress: 003702356297<br>Operat\u00f6r: Maventa<br>Operat\u00f6rs ID: 003721291126<br>Operat\u00f6rs ID i bankn\u00e4tverk: DABAFIHH<\/p>\n\n\n\n<p>Om du inte kan skicka fakturor elektroniskt, v\u00e4nligen skicka in pappersfakturor till:<br>Finlands Svenska Andelsf\u00f6rbund rf<br>02356297<br>PL 100<br>80020 Kollektor Scan<\/p>\n\n\n\n<h3 class=\"wp-block-heading\">KONTAKTINFORMATION<\/h3>\n\n\n\n<p>R\u00e5dgivning, medlemsservice, utbildning<br>VD Kari Huhtala, tfn. +358 40 8466 704, <a href=\"mailto:kari.huhtala@pellervo.fi\">kari.huhtala@pellervo.fi<\/a><\/p>\n\n\n\n<p><a href=\"https:\/\/pellervo.fi\/wp-content\/uploads\/2018\/05\/Registerbeskrivning.pdf\" target=\"_blank\" rel=\"noopener noreferrer\">Registerbeskrivning<\/a><\/p>\n\n\n\n\n","protected":false},"excerpt":{"rendered":"<p>Finlands Svenska Andelsf\u00f6rbund \u00e4r ett samarbetsorgan f\u00f6r de finlandssvenska andelslagen. Sedan 1993 \u00e4r Andelsf\u00f6rbundet i ett n\u00e4ra samarbete med andelslagens centralorganisation Pellervo. F\u00f6rbundet betj\u00e4nar sina medlemsf\u00f6retag genom att f\u00f6rmedla Pellervos svenskspr\u00e5kiga tj\u00e4nster i juridisk och ekonomisk r\u00e5dgivning, med utbildning av f\u00f6retagens f\u00f6rtroendevalda och personal samt hj\u00e4lper \u00e4ven nya andelslag med juridisk r\u00e5dgivning bl.a. vid uppg\u00f6randet<\/p>\n","protected":false},"author":5,"featured_media":0,"parent":0,"menu_order":0,"comment_status":"closed","ping_status":"open","template":"","meta":{"inline_featured_image":false,"_monsterinsights_skip_tracking":false,"_monsterinsights_sitenote_active":false,"_monsterinsights_sitenote_note":"","_monsterinsights_sitenote_category":0,"site-sidebar-layout":"default","site-content-layout":"default","ast-site-content-layout":"default","site-content-style":"default","site-sidebar-style":"default","ast-global-header-display":"","ast-banner-title-visibility":"","ast-main-header-display":"","ast-hfb-above-header-display":"","ast-hfb-below-header-display":"","ast-hfb-mobile-header-display":"","site-post-title":"","ast-breadcrumbs-content":"","ast-featured-img":"","footer-sml-layout":"","ast-disable-related-posts":"","theme-transparent-header-meta":"default","adv-header-id-meta":"","stick-header-meta":"","header-above-stick-meta":"","header-main-stick-meta":"","header-below-stick-meta":"","astra-migrate-meta-layouts":"set","ast-page-background-enabled":"default","ast-page-background-meta":{"desktop":{"background-color":"","background-image":"","background-repeat":"repeat","background-position":"center center","background-size":"auto","background-attachment":"scroll","background-type":"","background-media":"","overlay-type":"","overlay-color":"","overlay-opacity":"","overlay-gradient":""},"tablet":{"background-color":"","background-image":"","background-repeat":"repeat","background-position":"center center","background-size":"auto","background-attachment":"scroll","background-type":"","background-media":"","overlay-type":"","overlay-color":"","overlay-opacity":"","overlay-gradient":""},"mobile":{"background-color":"","background-image":"","background-repeat":"repeat","background-position":"center center","background-size":"auto","background-attachment":"scroll","background-type":"","background-media":"","overlay-type":"","overlay-color":"","overlay-opacity":"","overlay-gradient":""}},"ast-content-background-meta":{"desktop":{"background-color":"var(--ast-global-color-5)","background-image":"","background-repeat":"repeat","background-position":"center center","background-size":"auto","background-attachment":"scroll","background-type":"","background-media":"","overlay-type":"","overlay-color":"","overlay-opacity":"","overlay-gradient":""},"tablet":{"background-color":"var(--ast-global-color-5)","background-image":"","background-repeat":"repeat","background-position":"center center","background-size":"auto","background-attachment":"scroll","background-type":"","background-media":"","overlay-type":"","overlay-color":"","overlay-opacity":"","overlay-gradient":""},"mobile":{"background-color":"var(--ast-global-color-5)","background-image":"","background-repeat":"repeat","background-position":"center center","background-size":"auto","background-attachment":"scroll","background-type":"","background-media":"","overlay-type":"","overlay-color":"","overlay-opacity":"","overlay-gradient":""}},"_FSMCFIC_featured_image_caption":"","_FSMCFIC_featured_image_nocaption":"","_FSMCFIC_featured_image_hide":"","footnotes":""},"class_list":["post-2069","page","type-page","status-publish","hentry"],"yoast_head":"<!-- This site is optimized with the Yoast SEO plugin v27.4 - https:\/\/yoast.com\/product\/yoast-seo-wordpress\/ -->\n<title>Finlands Svenska Andelsf\u00f6rbund - Pellervo<\/title>\n<meta name=\"robots\" content=\"index, follow, max-snippet:-1, max-image-preview:large, max-video-preview:-1\" \/>\n<link rel=\"canonical\" href=\"https:\/\/pellervo.fi\/sv\/finlands-svenska-andelsforbund\/\" \/>\n<meta property=\"og:locale\" content=\"sv_SE\" \/>\n<meta property=\"og:type\" content=\"article\" \/>\n<meta property=\"og:title\" content=\"Finlands Svenska Andelsf\u00f6rbund - Pellervo\" \/>\n<meta property=\"og:description\" content=\"Finlands Svenska Andelsf\u00f6rbund \u00e4r ett samarbetsorgan f\u00f6r de finlandssvenska andelslagen. Sedan 1993 \u00e4r Andelsf\u00f6rbundet i ett n\u00e4ra samarbete med andelslagens centralorganisation Pellervo. F\u00f6rbundet betj\u00e4nar sina medlemsf\u00f6retag genom att f\u00f6rmedla Pellervos svenskspr\u00e5kiga tj\u00e4nster i juridisk och ekonomisk r\u00e5dgivning, med utbildning av f\u00f6retagens f\u00f6rtroendevalda och personal samt hj\u00e4lper \u00e4ven nya andelslag med juridisk r\u00e5dgivning bl.a. vid uppg\u00f6randet\" \/>\n<meta property=\"og:url\" content=\"https:\/\/pellervo.fi\/sv\/finlands-svenska-andelsforbund\/\" \/>\n<meta property=\"og:site_name\" content=\"Pellervo\" \/>\n<meta property=\"article:modified_time\" content=\"2024-09-17T07:49:41+00:00\" \/>\n<meta property=\"og:image\" content=\"https:\/\/pellervo.fi\/wp-content\/uploads\/2021\/09\/Andelsforbundet_logo_original-840x143.png\" \/>\n<meta name=\"twitter:card\" content=\"summary_large_image\" \/>\n<meta name=\"twitter:site\" content=\"@PellervoFi\" \/>\n<meta name=\"twitter:label1\" content=\"Ber\u00e4knad l\u00e4stid\" \/>\n\t<meta name=\"twitter:data1\" content=\"2 minuter\" \/>\n<script type=\"application\/ld+json\" class=\"yoast-schema-graph\">{\"@context\":\"https:\\\/\\\/schema.org\",\"@graph\":[{\"@type\":\"WebPage\",\"@id\":\"https:\\\/\\\/pellervo.fi\\\/sv\\\/finlands-svenska-andelsforbund\\\/\",\"url\":\"https:\\\/\\\/pellervo.fi\\\/sv\\\/finlands-svenska-andelsforbund\\\/\",\"name\":\"Finlands Svenska Andelsf\u00f6rbund - Pellervo\",\"isPartOf\":{\"@id\":\"https:\\\/\\\/pellervo.fi\\\/#website\"},\"primaryImageOfPage\":{\"@id\":\"https:\\\/\\\/pellervo.fi\\\/sv\\\/finlands-svenska-andelsforbund\\\/#primaryimage\"},\"image\":{\"@id\":\"https:\\\/\\\/pellervo.fi\\\/sv\\\/finlands-svenska-andelsforbund\\\/#primaryimage\"},\"thumbnailUrl\":\"https:\\\/\\\/pellervo.fi\\\/wp-content\\\/uploads\\\/2021\\\/09\\\/Andelsforbundet_logo_original-840x143.png\",\"datePublished\":\"2013-11-06T14:12:55+00:00\",\"dateModified\":\"2024-09-17T07:49:41+00:00\",\"breadcrumb\":{\"@id\":\"https:\\\/\\\/pellervo.fi\\\/sv\\\/finlands-svenska-andelsforbund\\\/#breadcrumb\"},\"inLanguage\":\"sv-SE\",\"potentialAction\":[{\"@type\":\"ReadAction\",\"target\":[\"https:\\\/\\\/pellervo.fi\\\/sv\\\/finlands-svenska-andelsforbund\\\/\"]}]},{\"@type\":\"ImageObject\",\"inLanguage\":\"sv-SE\",\"@id\":\"https:\\\/\\\/pellervo.fi\\\/sv\\\/finlands-svenska-andelsforbund\\\/#primaryimage\",\"url\":\"https:\\\/\\\/pellervo.fi\\\/wp-content\\\/uploads\\\/2021\\\/09\\\/Andelsforbundet_logo_original-840x143.png\",\"contentUrl\":\"https:\\\/\\\/pellervo.fi\\\/wp-content\\\/uploads\\\/2021\\\/09\\\/Andelsforbundet_logo_original-840x143.png\"},{\"@type\":\"BreadcrumbList\",\"@id\":\"https:\\\/\\\/pellervo.fi\\\/sv\\\/finlands-svenska-andelsforbund\\\/#breadcrumb\",\"itemListElement\":[{\"@type\":\"ListItem\",\"position\":1,\"name\":\"Koti\",\"item\":\"https:\\\/\\\/pellervo.fi\\\/sv\\\/\"},{\"@type\":\"ListItem\",\"position\":2,\"name\":\"Finlands Svenska Andelsf\u00f6rbund\"}]},{\"@type\":\"WebSite\",\"@id\":\"https:\\\/\\\/pellervo.fi\\\/#website\",\"url\":\"https:\\\/\\\/pellervo.fi\\\/\",\"name\":\"Pellervo\",\"description\":\"Osuuskuntien keskusj\u00e4rjest\u00f6\",\"publisher\":{\"@id\":\"https:\\\/\\\/pellervo.fi\\\/#organization\"},\"potentialAction\":[{\"@type\":\"SearchAction\",\"target\":{\"@type\":\"EntryPoint\",\"urlTemplate\":\"https:\\\/\\\/pellervo.fi\\\/?s={search_term_string}\"},\"query-input\":{\"@type\":\"PropertyValueSpecification\",\"valueRequired\":true,\"valueName\":\"search_term_string\"}}],\"inLanguage\":\"sv-SE\"},{\"@type\":\"Organization\",\"@id\":\"https:\\\/\\\/pellervo.fi\\\/#organization\",\"name\":\"Osuustoimintakeskus Pellervo ry\",\"url\":\"https:\\\/\\\/pellervo.fi\\\/\",\"logo\":{\"@type\":\"ImageObject\",\"inLanguage\":\"sv-SE\",\"@id\":\"https:\\\/\\\/pellervo.fi\\\/#\\\/schema\\\/logo\\\/image\\\/\",\"url\":\"https:\\\/\\\/pellervo.fi\\\/wp-content\\\/uploads\\\/2020\\\/05\\\/Pellervo_logo.png\",\"contentUrl\":\"https:\\\/\\\/pellervo.fi\\\/wp-content\\\/uploads\\\/2020\\\/05\\\/Pellervo_logo.png\",\"width\":1335,\"height\":376,\"caption\":\"Osuustoimintakeskus Pellervo ry\"},\"image\":{\"@id\":\"https:\\\/\\\/pellervo.fi\\\/#\\\/schema\\\/logo\\\/image\\\/\"},\"sameAs\":[\"https:\\\/\\\/x.com\\\/PellervoFi\"]}]}<\/script>\n<!-- \/ Yoast SEO plugin. -->","yoast_head_json":{"title":"Finlands Svenska Andelsf\u00f6rbund - Pellervo","robots":{"index":"index","follow":"follow","max-snippet":"max-snippet:-1","max-image-preview":"max-image-preview:large","max-video-preview":"max-video-preview:-1"},"canonical":"https:\/\/pellervo.fi\/sv\/finlands-svenska-andelsforbund\/","og_locale":"sv_SE","og_type":"article","og_title":"Finlands Svenska Andelsf\u00f6rbund - Pellervo","og_description":"Finlands Svenska Andelsf\u00f6rbund \u00e4r ett samarbetsorgan f\u00f6r de finlandssvenska andelslagen. Sedan 1993 \u00e4r Andelsf\u00f6rbundet i ett n\u00e4ra samarbete med andelslagens centralorganisation Pellervo. F\u00f6rbundet betj\u00e4nar sina medlemsf\u00f6retag genom att f\u00f6rmedla Pellervos svenskspr\u00e5kiga tj\u00e4nster i juridisk och ekonomisk r\u00e5dgivning, med utbildning av f\u00f6retagens f\u00f6rtroendevalda och personal samt hj\u00e4lper \u00e4ven nya andelslag med juridisk r\u00e5dgivning bl.a. vid uppg\u00f6randet","og_url":"https:\/\/pellervo.fi\/sv\/finlands-svenska-andelsforbund\/","og_site_name":"Pellervo","article_modified_time":"2024-09-17T07:49:41+00:00","og_image":[{"url":"https:\/\/pellervo.fi\/wp-content\/uploads\/2021\/09\/Andelsforbundet_logo_original-840x143.png","type":"","width":"","height":""}],"twitter_card":"summary_large_image","twitter_site":"@PellervoFi","twitter_misc":{"Ber\u00e4knad l\u00e4stid":"2 minuter"},"schema":{"@context":"https:\/\/schema.org","@graph":[{"@type":"WebPage","@id":"https:\/\/pellervo.fi\/sv\/finlands-svenska-andelsforbund\/","url":"https:\/\/pellervo.fi\/sv\/finlands-svenska-andelsforbund\/","name":"Finlands Svenska Andelsf\u00f6rbund - Pellervo","isPartOf":{"@id":"https:\/\/pellervo.fi\/#website"},"primaryImageOfPage":{"@id":"https:\/\/pellervo.fi\/sv\/finlands-svenska-andelsforbund\/#primaryimage"},"image":{"@id":"https:\/\/pellervo.fi\/sv\/finlands-svenska-andelsforbund\/#primaryimage"},"thumbnailUrl":"https:\/\/pellervo.fi\/wp-content\/uploads\/2021\/09\/Andelsforbundet_logo_original-840x143.png","datePublished":"2013-11-06T14:12:55+00:00","dateModified":"2024-09-17T07:49:41+00:00","breadcrumb":{"@id":"https:\/\/pellervo.fi\/sv\/finlands-svenska-andelsforbund\/#breadcrumb"},"inLanguage":"sv-SE","potentialAction":[{"@type":"ReadAction","target":["https:\/\/pellervo.fi\/sv\/finlands-svenska-andelsforbund\/"]}]},{"@type":"ImageObject","inLanguage":"sv-SE","@id":"https:\/\/pellervo.fi\/sv\/finlands-svenska-andelsforbund\/#primaryimage","url":"https:\/\/pellervo.fi\/wp-content\/uploads\/2021\/09\/Andelsforbundet_logo_original-840x143.png","contentUrl":"https:\/\/pellervo.fi\/wp-content\/uploads\/2021\/09\/Andelsforbundet_logo_original-840x143.png"},{"@type":"BreadcrumbList","@id":"https:\/\/pellervo.fi\/sv\/finlands-svenska-andelsforbund\/#breadcrumb","itemListElement":[{"@type":"ListItem","position":1,"name":"Koti","item":"https:\/\/pellervo.fi\/sv\/"},{"@type":"ListItem","position":2,"name":"Finlands Svenska Andelsf\u00f6rbund"}]},{"@type":"WebSite","@id":"https:\/\/pellervo.fi\/#website","url":"https:\/\/pellervo.fi\/","name":"Pellervo","description":"Osuuskuntien keskusj\u00e4rjest\u00f6","publisher":{"@id":"https:\/\/pellervo.fi\/#organization"},"potentialAction":[{"@type":"SearchAction","target":{"@type":"EntryPoint","urlTemplate":"https:\/\/pellervo.fi\/?s={search_term_string}"},"query-input":{"@type":"PropertyValueSpecification","valueRequired":true,"valueName":"search_term_string"}}],"inLanguage":"sv-SE"},{"@type":"Organization","@id":"https:\/\/pellervo.fi\/#organization","name":"Osuustoimintakeskus Pellervo ry","url":"https:\/\/pellervo.fi\/","logo":{"@type":"ImageObject","inLanguage":"sv-SE","@id":"https:\/\/pellervo.fi\/#\/schema\/logo\/image\/","url":"https:\/\/pellervo.fi\/wp-content\/uploads\/2020\/05\/Pellervo_logo.png","contentUrl":"https:\/\/pellervo.fi\/wp-content\/uploads\/2020\/05\/Pellervo_logo.png","width":1335,"height":376,"caption":"Osuustoimintakeskus Pellervo ry"},"image":{"@id":"https:\/\/pellervo.fi\/#\/schema\/logo\/image\/"},"sameAs":["https:\/\/x.com\/PellervoFi"]}]}},"_links":{"self":[{"href":"https:\/\/pellervo.fi\/sv\/wp-json\/wp\/v2\/pages\/2069","targetHints":{"allow":["GET"]}}],"collection":[{"href":"https:\/\/pellervo.fi\/sv\/wp-json\/wp\/v2\/pages"}],"about":[{"href":"https:\/\/pellervo.fi\/sv\/wp-json\/wp\/v2\/types\/page"}],"author":[{"embeddable":true,"href":"https:\/\/pellervo.fi\/sv\/wp-json\/wp\/v2\/users\/5"}],"replies":[{"embeddable":true,"href":"https:\/\/pellervo.fi\/sv\/wp-json\/wp\/v2\/comments?post=2069"}],"version-history":[{"count":19,"href":"https:\/\/pellervo.fi\/sv\/wp-json\/wp\/v2\/pages\/2069\/revisions"}],"predecessor-version":[{"id":899390,"href":"https:\/\/pellervo.fi\/sv\/wp-json\/wp\/v2\/pages\/2069\/revisions\/899390"}],"wp:attachment":[{"href":"https:\/\/pellervo.fi\/sv\/wp-json\/wp\/v2\/media?parent=2069"}],"curies":[{"name":"wp","href":"https:\/\/api.w.org\/{rel}","templated":true}]}}