{"id":613886,"date":"2017-02-09T12:36:11","date_gmt":"2017-02-09T10:36:11","guid":{"rendered":"http:\/\/pellervo.fi\/?page_id=613886"},"modified":"2025-11-18T10:51:11","modified_gmt":"2025-11-18T08:51:11","slug":"information-och-material","status":"publish","type":"page","link":"https:\/\/pellervo.fi\/sv\/information-och-material\/","title":{"rendered":"St\u00f6dmaterial"},"content":{"rendered":"\n<p><a href=\"https:\/\/pellervo.fi\/svenska\/information-och-material\/andelslagets-forvaltning\/\"><strong>Andelslagets f\u00f6rvaltning<\/strong><\/a><\/p>\n\n\n\n<p><strong><a href=\"https:\/\/pellervo.fi\/sv\/god-forvaltning-i-medlemsbaserade-organisationer\/utveckling-av-god-forvaltning-rekommendationer\/\">God f\u00f6rvaltning i medlemsbaserade organisationer<\/a><\/strong><\/p>\n\n\n\n<figure class=\"wp-block-embed is-type-video is-provider-youtube wp-block-embed-youtube wp-embed-aspect-16-9 wp-has-aspect-ratio\"><div class=\"wp-block-embed__wrapper\">\n<iframe loading=\"lazy\" title=\"Den kooperativa verksamheten i Finland \u2013 Kristian Westerholm\" width=\"500\" height=\"281\" src=\"https:\/\/www.youtube.com\/embed\/IutXIQGhonQ?feature=oembed\" frameborder=\"0\" allow=\"accelerometer; autoplay; clipboard-write; encrypted-media; gyroscope; picture-in-picture; web-share\" referrerpolicy=\"strict-origin-when-cross-origin\" allowfullscreen><\/iframe>\n<\/div><\/figure>\n\n\n\n<figure class=\"wp-block-embed is-type-video is-provider-youtube wp-block-embed-youtube wp-embed-aspect-16-9 wp-has-aspect-ratio\"><div class=\"wp-block-embed__wrapper\">\n<iframe loading=\"lazy\" title=\"God f\u00f6rvaltning i andelslag \u2013 Kari Huhtala\" width=\"500\" height=\"281\" src=\"https:\/\/www.youtube.com\/embed\/1VYtvk7sVzk?feature=oembed\" frameborder=\"0\" allow=\"accelerometer; autoplay; clipboard-write; encrypted-media; gyroscope; picture-in-picture; web-share\" referrerpolicy=\"strict-origin-when-cross-origin\" allowfullscreen><\/iframe>\n<\/div><\/figure>\n\n\n\n<h2 class=\"wp-block-heading\">Publikationer om kooperationen<\/h2>\n\n\n\n<figure class=\"wp-block-image\"><img decoding=\"async\" src=\"https:\/\/pellervo.fi\/wp-content\/uploads\/2019\/09\/kooperativ-verksamhet.jpg\" alt=\"\"\/><\/figure>\n\n\n\n<p><a rel=\"noopener noreferrer\" href=\"https:\/\/pellervo.fi\/wp-content\/uploads\/2019\/09\/kooperativ-verksamhet-som-inlarningsmodell-for-foretagande.pdf\" target=\"_blank\">Kooperativ verksamhet som inl\u00e4rningsmodell f\u00f6r f\u00f6retagande<\/a> <br>Eliisa Troberg &amp; Pekka Hytinkoski<br> \u00d6vers\u00e4ttning: Aurora Troberg <\/p>\n\n\n\n<figure class=\"wp-block-image\"><img decoding=\"async\" src=\"https:\/\/pellervo.fi\/fsva\/foto\/enighet_120.jpg\" alt=\"\"\/><\/figure>\n\n\n\n<p><a href=\"https:\/\/pellervo.fi\/fsva\/text\/historik80.pdf\" target=\"_blank\" rel=\"noopener noreferrer\">Enighet ger styrka<br>\nFinlands Svenska Andelsf\u00f6rbund 80 \u00e5r \u00bb<\/a><br>\n(i pdf-form)\n<\/p>\n\n\n\n<figure class=\"wp-block-image\"><img decoding=\"async\" src=\"https:\/\/pellervo.fi\/fsva\/foto\/ansvarsfult_agande.jpg\" alt=\" \"\/><\/figure>\n\n\n\n<p><br>KOOPERATION<br><br>ANSVARSFULLT INHEMSK \u00c4GANDE<br><a href=\"https:\/\/pellervo.fi\/kirjasto\/text\/Osuustoiminta%20ruotsiksi2.pdf\" target=\"_blank\" rel=\"noopener noreferrer\">I pdf-form<\/a><\/p>\n\n\n\n<h2 class=\"wp-block-heading\">Skrifter fr\u00e5n kooperationens urtid i Finland<\/h2>\n\n\n\n<figure class=\"wp-block-image\"><img decoding=\"async\" src=\"https:\/\/pellervo.fi\/wp-content\/uploads\/2015\/01\/kooperationen-i-naringsliv.jpg\" alt=\"\"\/><\/figure>\n\n\n\n<p>KOOPERATIONEN I N\u00c4RINGSLIV OCH SAMH\u00c4LLE<br> Finlands Sveska Andelsf\u00f6rbud, Helsingfors 1982, 98 s. <\/p>\n\n\n\n<p><a href=\"https:\/\/pellervo.fi\/wp-content\/uploads\/2015\/01\/kooperationen-inaringsliv-och-samhalle.pdf\" target=\"_blank\" rel=\"noopener noreferrer\">I pdf-form \u00bb<\/a><\/p>\n\n\n\n<figure class=\"wp-block-image\"><img decoding=\"async\" src=\"https:\/\/pellervo.fi\/kirjasto\/kuvat\/huvuddragen_av1939.jpg\" alt=\".\"\/><\/figure>\n\n\n\n<p>\nHUVUDDRAGEN AV ANDELSR\u00d6RELSEN I FINLAND<br>\nHannes Gebhard, Ilmari Rahola<br>\nS\u00e4llskapet Pellervo, 1939<br><a href=\"https:\/\/pellervo.fi\/kirjasto\/text\/huvuddragen_av_andelsrorelsen_i_finland.pdf\" target=\"_blank\" rel=\"noopener noreferrer\">I pdf-form \u00bb<\/a>, 174 sidor, 59 Mt\n<\/p>\n\n\n\n<figure class=\"wp-block-image\"><img decoding=\"async\" src=\"https:\/\/pellervo.fi\/kirjasto\/kuvat\/stadgar1902_andelskassa.jpg\" alt=\".\"\/><\/figure>\n\n\n\n<p>\nSTADGAR F\u00d6R ANDELSKASSAN<br>\nS\u00e4llskapet Pellervo, 1902<br><a href=\"https:\/\/pellervo.fi\/kirjasto\/text\/monsterstadgar4_andelskassan1902.pdf\" target=\"_blank\" rel=\"noopener noreferrer\">Pdf-form \u00bb<\/a>, 18 sidor, 4 Mt\n<\/p>\n\n\n\n<figure class=\"wp-block-image\"><img decoding=\"async\" src=\"https:\/\/pellervo.fi\/kirjasto\/kuvat\/inkops_och.jpg\" alt=\".\"\/><\/figure>\n\n\n\n<p>\nSTADGAR F\u00d6R INK\u00d6PS- OCH F\u00d6RS\u00c4LJNINGSSLAG<br>\nS\u00e4llskapet Pellervo, 1902<br><a href=\"https:\/\/pellervo.fi\/kirjasto\/text\/inkops_och_forsaljnings1902.pdf\" target=\"_blank\" rel=\"noopener noreferrer\">Pdf-form \u00bb<\/a>, 19 sidor, 4 Mt<\/p>\n","protected":false},"excerpt":{"rendered":"<p>Andelslagets f\u00f6rvaltning God f\u00f6rvaltning i medlemsbaserade organisationer Publikationer om kooperationen Kooperativ verksamhet som inl\u00e4rningsmodell f\u00f6r f\u00f6retagande Eliisa Troberg &amp; Pekka Hytinkoski \u00d6vers\u00e4ttning: Aurora Troberg Enighet ger styrka Finlands Svenska Andelsf\u00f6rbund 80 \u00e5r \u00bb (i pdf-form) KOOPERATION ANSVARSFULLT INHEMSK \u00c4GANDEI pdf-form Skrifter fr\u00e5n kooperationens urtid i Finland KOOPERATIONEN I N\u00c4RINGSLIV OCH SAMH\u00c4LLE Finlands Sveska Andelsf\u00f6rbud, Helsingfors<\/p>\n","protected":false},"author":5,"featured_media":0,"parent":0,"menu_order":0,"comment_status":"closed","ping_status":"closed","template":"","meta":{"inline_featured_image":false,"_monsterinsights_skip_tracking":false,"_monsterinsights_sitenote_active":false,"_monsterinsights_sitenote_note":"","_monsterinsights_sitenote_category":0,"site-sidebar-layout":"default","site-content-layout":"default","ast-site-content-layout":"default","site-content-style":"default","site-sidebar-style":"default","ast-global-header-display":"","ast-banner-title-visibility":"","ast-main-header-display":"","ast-hfb-above-header-display":"","ast-hfb-below-header-display":"","ast-hfb-mobile-header-display":"","site-post-title":"","ast-breadcrumbs-content":"","ast-featured-img":"","footer-sml-layout":"","ast-disable-related-posts":"","theme-transparent-header-meta":"default","adv-header-id-meta":"","stick-header-meta":"","header-above-stick-meta":"","header-main-stick-meta":"","header-below-stick-meta":"","astra-migrate-meta-layouts":"set","ast-page-background-enabled":"default","ast-page-background-meta":{"desktop":{"background-color":"","background-image":"","background-repeat":"repeat","background-position":"center center","background-size":"auto","background-attachment":"scroll","background-type":"","background-media":"","overlay-type":"","overlay-color":"","overlay-opacity":"","overlay-gradient":""},"tablet":{"background-color":"","background-image":"","background-repeat":"repeat","background-position":"center center","background-size":"auto","background-attachment":"scroll","background-type":"","background-media":"","overlay-type":"","overlay-color":"","overlay-opacity":"","overlay-gradient":""},"mobile":{"background-color":"","background-image":"","background-repeat":"repeat","background-position":"center center","background-size":"auto","background-attachment":"scroll","background-type":"","background-media":"","overlay-type":"","overlay-color":"","overlay-opacity":"","overlay-gradient":""}},"ast-content-background-meta":{"desktop":{"background-color":"var(--ast-global-color-5)","background-image":"","background-repeat":"repeat","background-position":"center center","background-size":"auto","background-attachment":"scroll","background-type":"","background-media":"","overlay-type":"","overlay-color":"","overlay-opacity":"","overlay-gradient":""},"tablet":{"background-color":"var(--ast-global-color-5)","background-image":"","background-repeat":"repeat","background-position":"center center","background-size":"auto","background-attachment":"scroll","background-type":"","background-media":"","overlay-type":"","overlay-color":"","overlay-opacity":"","overlay-gradient":""},"mobile":{"background-color":"var(--ast-global-color-5)","background-image":"","background-repeat":"repeat","background-position":"center center","background-size":"auto","background-attachment":"scroll","background-type":"","background-media":"","overlay-type":"","overlay-color":"","overlay-opacity":"","overlay-gradient":""}},"_FSMCFIC_featured_image_caption":"","_FSMCFIC_featured_image_nocaption":"","_FSMCFIC_featured_image_hide":"","footnotes":""},"class_list":["post-613886","page","type-page","status-publish","hentry"],"yoast_head":"<!-- This site is optimized with the Yoast SEO plugin v27.4 - https:\/\/yoast.com\/product\/yoast-seo-wordpress\/ -->\n<title>St\u00f6dmaterial - Pellervo<\/title>\n<meta name=\"robots\" content=\"index, follow, max-snippet:-1, max-image-preview:large, max-video-preview:-1\" \/>\n<link rel=\"canonical\" href=\"https:\/\/pellervo.fi\/sv\/information-och-material\/\" \/>\n<meta property=\"og:locale\" content=\"sv_SE\" \/>\n<meta property=\"og:type\" content=\"article\" \/>\n<meta property=\"og:title\" content=\"St\u00f6dmaterial - Pellervo\" \/>\n<meta property=\"og:description\" content=\"Andelslagets f\u00f6rvaltning God f\u00f6rvaltning i medlemsbaserade organisationer Publikationer om kooperationen Kooperativ verksamhet som inl\u00e4rningsmodell f\u00f6r f\u00f6retagande Eliisa Troberg &amp; Pekka Hytinkoski \u00d6vers\u00e4ttning: Aurora Troberg Enighet ger styrka Finlands Svenska Andelsf\u00f6rbund 80 \u00e5r \u00bb (i pdf-form) KOOPERATION ANSVARSFULLT INHEMSK \u00c4GANDEI pdf-form Skrifter fr\u00e5n kooperationens urtid i Finland KOOPERATIONEN I N\u00c4RINGSLIV OCH SAMH\u00c4LLE Finlands Sveska Andelsf\u00f6rbud, Helsingfors\" \/>\n<meta property=\"og:url\" content=\"https:\/\/pellervo.fi\/sv\/information-och-material\/\" \/>\n<meta property=\"og:site_name\" content=\"Pellervo\" \/>\n<meta property=\"article:modified_time\" content=\"2025-11-18T08:51:11+00:00\" \/>\n<meta property=\"og:image\" content=\"https:\/\/pellervo.fi\/wp-content\/uploads\/2019\/09\/kooperativ-verksamhet.jpg\" \/>\n<meta name=\"twitter:card\" content=\"summary_large_image\" \/>\n<meta name=\"twitter:site\" content=\"@PellervoFi\" \/>\n<meta name=\"twitter:label1\" content=\"Ber\u00e4knad l\u00e4stid\" \/>\n\t<meta name=\"twitter:data1\" content=\"3 minuter\" \/>\n<script type=\"application\/ld+json\" class=\"yoast-schema-graph\">{\"@context\":\"https:\\\/\\\/schema.org\",\"@graph\":[{\"@type\":\"WebPage\",\"@id\":\"https:\\\/\\\/pellervo.fi\\\/sv\\\/information-och-material\\\/\",\"url\":\"https:\\\/\\\/pellervo.fi\\\/sv\\\/information-och-material\\\/\",\"name\":\"St\u00f6dmaterial - Pellervo\",\"isPartOf\":{\"@id\":\"https:\\\/\\\/pellervo.fi\\\/#website\"},\"primaryImageOfPage\":{\"@id\":\"https:\\\/\\\/pellervo.fi\\\/sv\\\/information-och-material\\\/#primaryimage\"},\"image\":{\"@id\":\"https:\\\/\\\/pellervo.fi\\\/sv\\\/information-och-material\\\/#primaryimage\"},\"thumbnailUrl\":\"https:\\\/\\\/pellervo.fi\\\/wp-content\\\/uploads\\\/2019\\\/09\\\/kooperativ-verksamhet.jpg\",\"datePublished\":\"2017-02-09T10:36:11+00:00\",\"dateModified\":\"2025-11-18T08:51:11+00:00\",\"breadcrumb\":{\"@id\":\"https:\\\/\\\/pellervo.fi\\\/sv\\\/information-och-material\\\/#breadcrumb\"},\"inLanguage\":\"sv-SE\",\"potentialAction\":[{\"@type\":\"ReadAction\",\"target\":[\"https:\\\/\\\/pellervo.fi\\\/sv\\\/information-och-material\\\/\"]}]},{\"@type\":\"ImageObject\",\"inLanguage\":\"sv-SE\",\"@id\":\"https:\\\/\\\/pellervo.fi\\\/sv\\\/information-och-material\\\/#primaryimage\",\"url\":\"https:\\\/\\\/pellervo.fi\\\/wp-content\\\/uploads\\\/2019\\\/09\\\/kooperativ-verksamhet.jpg\",\"contentUrl\":\"https:\\\/\\\/pellervo.fi\\\/wp-content\\\/uploads\\\/2019\\\/09\\\/kooperativ-verksamhet.jpg\"},{\"@type\":\"BreadcrumbList\",\"@id\":\"https:\\\/\\\/pellervo.fi\\\/sv\\\/information-och-material\\\/#breadcrumb\",\"itemListElement\":[{\"@type\":\"ListItem\",\"position\":1,\"name\":\"Koti\",\"item\":\"https:\\\/\\\/pellervo.fi\\\/sv\\\/\"},{\"@type\":\"ListItem\",\"position\":2,\"name\":\"St\u00f6dmaterial\"}]},{\"@type\":\"WebSite\",\"@id\":\"https:\\\/\\\/pellervo.fi\\\/#website\",\"url\":\"https:\\\/\\\/pellervo.fi\\\/\",\"name\":\"Pellervo\",\"description\":\"Osuuskuntien keskusj\u00e4rjest\u00f6\",\"publisher\":{\"@id\":\"https:\\\/\\\/pellervo.fi\\\/#organization\"},\"potentialAction\":[{\"@type\":\"SearchAction\",\"target\":{\"@type\":\"EntryPoint\",\"urlTemplate\":\"https:\\\/\\\/pellervo.fi\\\/?s={search_term_string}\"},\"query-input\":{\"@type\":\"PropertyValueSpecification\",\"valueRequired\":true,\"valueName\":\"search_term_string\"}}],\"inLanguage\":\"sv-SE\"},{\"@type\":\"Organization\",\"@id\":\"https:\\\/\\\/pellervo.fi\\\/#organization\",\"name\":\"Osuustoimintakeskus Pellervo ry\",\"url\":\"https:\\\/\\\/pellervo.fi\\\/\",\"logo\":{\"@type\":\"ImageObject\",\"inLanguage\":\"sv-SE\",\"@id\":\"https:\\\/\\\/pellervo.fi\\\/#\\\/schema\\\/logo\\\/image\\\/\",\"url\":\"https:\\\/\\\/pellervo.fi\\\/wp-content\\\/uploads\\\/2020\\\/05\\\/Pellervo_logo.png\",\"contentUrl\":\"https:\\\/\\\/pellervo.fi\\\/wp-content\\\/uploads\\\/2020\\\/05\\\/Pellervo_logo.png\",\"width\":1335,\"height\":376,\"caption\":\"Osuustoimintakeskus Pellervo ry\"},\"image\":{\"@id\":\"https:\\\/\\\/pellervo.fi\\\/#\\\/schema\\\/logo\\\/image\\\/\"},\"sameAs\":[\"https:\\\/\\\/x.com\\\/PellervoFi\"]}]}<\/script>\n<!-- \/ Yoast SEO plugin. -->","yoast_head_json":{"title":"St\u00f6dmaterial - Pellervo","robots":{"index":"index","follow":"follow","max-snippet":"max-snippet:-1","max-image-preview":"max-image-preview:large","max-video-preview":"max-video-preview:-1"},"canonical":"https:\/\/pellervo.fi\/sv\/information-och-material\/","og_locale":"sv_SE","og_type":"article","og_title":"St\u00f6dmaterial - Pellervo","og_description":"Andelslagets f\u00f6rvaltning God f\u00f6rvaltning i medlemsbaserade organisationer Publikationer om kooperationen Kooperativ verksamhet som inl\u00e4rningsmodell f\u00f6r f\u00f6retagande Eliisa Troberg &amp; Pekka Hytinkoski \u00d6vers\u00e4ttning: Aurora Troberg Enighet ger styrka Finlands Svenska Andelsf\u00f6rbund 80 \u00e5r \u00bb (i pdf-form) KOOPERATION ANSVARSFULLT INHEMSK \u00c4GANDEI pdf-form Skrifter fr\u00e5n kooperationens urtid i Finland KOOPERATIONEN I N\u00c4RINGSLIV OCH SAMH\u00c4LLE Finlands Sveska Andelsf\u00f6rbud, Helsingfors","og_url":"https:\/\/pellervo.fi\/sv\/information-och-material\/","og_site_name":"Pellervo","article_modified_time":"2025-11-18T08:51:11+00:00","og_image":[{"url":"https:\/\/pellervo.fi\/wp-content\/uploads\/2019\/09\/kooperativ-verksamhet.jpg","type":"","width":"","height":""}],"twitter_card":"summary_large_image","twitter_site":"@PellervoFi","twitter_misc":{"Ber\u00e4knad l\u00e4stid":"3 minuter"},"schema":{"@context":"https:\/\/schema.org","@graph":[{"@type":"WebPage","@id":"https:\/\/pellervo.fi\/sv\/information-och-material\/","url":"https:\/\/pellervo.fi\/sv\/information-och-material\/","name":"St\u00f6dmaterial - Pellervo","isPartOf":{"@id":"https:\/\/pellervo.fi\/#website"},"primaryImageOfPage":{"@id":"https:\/\/pellervo.fi\/sv\/information-och-material\/#primaryimage"},"image":{"@id":"https:\/\/pellervo.fi\/sv\/information-och-material\/#primaryimage"},"thumbnailUrl":"https:\/\/pellervo.fi\/wp-content\/uploads\/2019\/09\/kooperativ-verksamhet.jpg","datePublished":"2017-02-09T10:36:11+00:00","dateModified":"2025-11-18T08:51:11+00:00","breadcrumb":{"@id":"https:\/\/pellervo.fi\/sv\/information-och-material\/#breadcrumb"},"inLanguage":"sv-SE","potentialAction":[{"@type":"ReadAction","target":["https:\/\/pellervo.fi\/sv\/information-och-material\/"]}]},{"@type":"ImageObject","inLanguage":"sv-SE","@id":"https:\/\/pellervo.fi\/sv\/information-och-material\/#primaryimage","url":"https:\/\/pellervo.fi\/wp-content\/uploads\/2019\/09\/kooperativ-verksamhet.jpg","contentUrl":"https:\/\/pellervo.fi\/wp-content\/uploads\/2019\/09\/kooperativ-verksamhet.jpg"},{"@type":"BreadcrumbList","@id":"https:\/\/pellervo.fi\/sv\/information-och-material\/#breadcrumb","itemListElement":[{"@type":"ListItem","position":1,"name":"Koti","item":"https:\/\/pellervo.fi\/sv\/"},{"@type":"ListItem","position":2,"name":"St\u00f6dmaterial"}]},{"@type":"WebSite","@id":"https:\/\/pellervo.fi\/#website","url":"https:\/\/pellervo.fi\/","name":"Pellervo","description":"Osuuskuntien keskusj\u00e4rjest\u00f6","publisher":{"@id":"https:\/\/pellervo.fi\/#organization"},"potentialAction":[{"@type":"SearchAction","target":{"@type":"EntryPoint","urlTemplate":"https:\/\/pellervo.fi\/?s={search_term_string}"},"query-input":{"@type":"PropertyValueSpecification","valueRequired":true,"valueName":"search_term_string"}}],"inLanguage":"sv-SE"},{"@type":"Organization","@id":"https:\/\/pellervo.fi\/#organization","name":"Osuustoimintakeskus Pellervo ry","url":"https:\/\/pellervo.fi\/","logo":{"@type":"ImageObject","inLanguage":"sv-SE","@id":"https:\/\/pellervo.fi\/#\/schema\/logo\/image\/","url":"https:\/\/pellervo.fi\/wp-content\/uploads\/2020\/05\/Pellervo_logo.png","contentUrl":"https:\/\/pellervo.fi\/wp-content\/uploads\/2020\/05\/Pellervo_logo.png","width":1335,"height":376,"caption":"Osuustoimintakeskus Pellervo ry"},"image":{"@id":"https:\/\/pellervo.fi\/#\/schema\/logo\/image\/"},"sameAs":["https:\/\/x.com\/PellervoFi"]}]}},"_links":{"self":[{"href":"https:\/\/pellervo.fi\/sv\/wp-json\/wp\/v2\/pages\/613886","targetHints":{"allow":["GET"]}}],"collection":[{"href":"https:\/\/pellervo.fi\/sv\/wp-json\/wp\/v2\/pages"}],"about":[{"href":"https:\/\/pellervo.fi\/sv\/wp-json\/wp\/v2\/types\/page"}],"author":[{"embeddable":true,"href":"https:\/\/pellervo.fi\/sv\/wp-json\/wp\/v2\/users\/5"}],"replies":[{"embeddable":true,"href":"https:\/\/pellervo.fi\/sv\/wp-json\/wp\/v2\/comments?post=613886"}],"version-history":[{"count":25,"href":"https:\/\/pellervo.fi\/sv\/wp-json\/wp\/v2\/pages\/613886\/revisions"}],"predecessor-version":[{"id":900611,"href":"https:\/\/pellervo.fi\/sv\/wp-json\/wp\/v2\/pages\/613886\/revisions\/900611"}],"wp:attachment":[{"href":"https:\/\/pellervo.fi\/sv\/wp-json\/wp\/v2\/media?parent=613886"}],"curies":[{"name":"wp","href":"https:\/\/api.w.org\/{rel}","templated":true}]}}