{"id":613896,"date":"2017-02-09T13:15:22","date_gmt":"2017-02-09T11:15:22","guid":{"rendered":"http:\/\/pellervo.fi\/?page_id=613896"},"modified":"2024-09-17T14:16:31","modified_gmt":"2024-09-17T11:16:31","slug":"sallskapet-pellervo","status":"publish","type":"page","link":"https:\/\/pellervo.fi\/sv\/sallskapet-pellervo\/","title":{"rendered":"Pellervo Coop Center"},"content":{"rendered":"<h2>Pellervo i ett n\u00f6tskal<\/h2>\n<p>Intressebevaknings- och servicecentralen f\u00f6r finl\u00e4ndska andelsf\u00f6retag<\/p>\n<p>Medlemmar 240, bland annat:<\/p>\n<ul>\n<li>Andelsbanker<\/li>\n<li>Producentandelslag (mj\u00f6lk, k\u00f6tt, skog)<\/li>\n<li>Handelslag<\/li>\n<li>Tradeka<\/li>\n<li>LokalTapiola<\/li>\n<li>Energi- och elandelslag<\/li>\n<li>Infraandelslag (vatten, bredband)<\/li>\n<li>MTK och ProAgria<\/li>\n<\/ul>\n<p><span style=\"font-size: inherit;\">Tj\u00e4nster<\/span><\/p>\n<ul>\n<li>Intressebevaknings- och p\u00e5verkansarbete i hemlandet och internationellt<\/li>\n<li>Juridiska tj\u00e4nster<\/li>\n<\/ul>\n<ul>\n<li>F\u00f6rtj\u00e4nsttecken<\/li>\n<li>Utbildning av f\u00f6rtroendevalda och anst\u00e4llda (PI-johtamiskoulu)<\/li>\n<li>Sm\u00e5skalig r\u00e5dgivning av startande andelslag<\/li>\n<li>Kooperationsevenemang<\/li>\n<li>Guide, litteratur, digitalt material<\/li>\n<li>Pellervos tidningar (Pellervo-Media Oy)<\/li>\n<li>Ekonomisk forskning (Pellervon taloustutkimus PTT)<\/li>\n<li>Marknadsunders\u00f6kningstj\u00e4nster (Kantar TNS Agri Oy)<\/li>\n<li>Kooperationens informationstj\u00e4nster<\/li>\n<li>Samarbete med universitet<\/li>\n<\/ul>\n","protected":false},"excerpt":{"rendered":"<p>Pellervo i ett n\u00f6tskal Intressebevaknings- och servicecentralen f\u00f6r finl\u00e4ndska andelsf\u00f6retag Medlemmar 240, bland annat: Andelsbanker Producentandelslag (mj\u00f6lk, k\u00f6tt, skog) Handelslag Tradeka LokalTapiola Energi- och elandelslag Infraandelslag (vatten, bredband) MTK och ProAgria Tj\u00e4nster Intressebevaknings- och p\u00e5verkansarbete i hemlandet och internationellt Juridiska tj\u00e4nster F\u00f6rtj\u00e4nsttecken Utbildning av f\u00f6rtroendevalda och anst\u00e4llda (PI-johtamiskoulu) Sm\u00e5skalig r\u00e5dgivning av startande andelslag Kooperationsevenemang Guide,<\/p>\n","protected":false},"author":5,"featured_media":0,"parent":0,"menu_order":0,"comment_status":"closed","ping_status":"closed","template":"","meta":{"inline_featured_image":false,"_monsterinsights_skip_tracking":false,"_monsterinsights_sitenote_active":false,"_monsterinsights_sitenote_note":"","_monsterinsights_sitenote_category":0,"site-sidebar-layout":"default","site-content-layout":"default","ast-site-content-layout":"default","site-content-style":"default","site-sidebar-style":"default","ast-global-header-display":"","ast-banner-title-visibility":"","ast-main-header-display":"","ast-hfb-above-header-display":"","ast-hfb-below-header-display":"","ast-hfb-mobile-header-display":"","site-post-title":"","ast-breadcrumbs-content":"","ast-featured-img":"","footer-sml-layout":"","ast-disable-related-posts":"","theme-transparent-header-meta":"default","adv-header-id-meta":"","stick-header-meta":"","header-above-stick-meta":"","header-main-stick-meta":"","header-below-stick-meta":"","astra-migrate-meta-layouts":"set","ast-page-background-enabled":"default","ast-page-background-meta":{"desktop":{"background-color":"","background-image":"","background-repeat":"repeat","background-position":"center center","background-size":"auto","background-attachment":"scroll","background-type":"","background-media":"","overlay-type":"","overlay-color":"","overlay-opacity":"","overlay-gradient":""},"tablet":{"background-color":"","background-image":"","background-repeat":"repeat","background-position":"center center","background-size":"auto","background-attachment":"scroll","background-type":"","background-media":"","overlay-type":"","overlay-color":"","overlay-opacity":"","overlay-gradient":""},"mobile":{"background-color":"","background-image":"","background-repeat":"repeat","background-position":"center center","background-size":"auto","background-attachment":"scroll","background-type":"","background-media":"","overlay-type":"","overlay-color":"","overlay-opacity":"","overlay-gradient":""}},"ast-content-background-meta":{"desktop":{"background-color":"var(--ast-global-color-5)","background-image":"","background-repeat":"repeat","background-position":"center center","background-size":"auto","background-attachment":"scroll","background-type":"","background-media":"","overlay-type":"","overlay-color":"","overlay-opacity":"","overlay-gradient":""},"tablet":{"background-color":"var(--ast-global-color-5)","background-image":"","background-repeat":"repeat","background-position":"center center","background-size":"auto","background-attachment":"scroll","background-type":"","background-media":"","overlay-type":"","overlay-color":"","overlay-opacity":"","overlay-gradient":""},"mobile":{"background-color":"var(--ast-global-color-5)","background-image":"","background-repeat":"repeat","background-position":"center center","background-size":"auto","background-attachment":"scroll","background-type":"","background-media":"","overlay-type":"","overlay-color":"","overlay-opacity":"","overlay-gradient":""}},"_FSMCFIC_featured_image_caption":"","_FSMCFIC_featured_image_nocaption":"","_FSMCFIC_featured_image_hide":"","footnotes":""},"class_list":["post-613896","page","type-page","status-publish","hentry"],"yoast_head":"<!-- This site is optimized with the Yoast SEO plugin v27.4 - https:\/\/yoast.com\/product\/yoast-seo-wordpress\/ -->\n<title>Pellervo Coop Center - Pellervo<\/title>\n<meta name=\"robots\" content=\"index, follow, max-snippet:-1, max-image-preview:large, max-video-preview:-1\" \/>\n<link rel=\"canonical\" href=\"https:\/\/pellervo.fi\/sv\/sallskapet-pellervo\/\" \/>\n<meta property=\"og:locale\" content=\"sv_SE\" \/>\n<meta property=\"og:type\" content=\"article\" \/>\n<meta property=\"og:title\" content=\"Pellervo Coop Center - Pellervo\" \/>\n<meta property=\"og:description\" content=\"Pellervo i ett n\u00f6tskal Intressebevaknings- och servicecentralen f\u00f6r finl\u00e4ndska andelsf\u00f6retag Medlemmar 240, bland annat: Andelsbanker Producentandelslag (mj\u00f6lk, k\u00f6tt, skog) Handelslag Tradeka LokalTapiola Energi- och elandelslag Infraandelslag (vatten, bredband) MTK och ProAgria Tj\u00e4nster Intressebevaknings- och p\u00e5verkansarbete i hemlandet och internationellt Juridiska tj\u00e4nster F\u00f6rtj\u00e4nsttecken Utbildning av f\u00f6rtroendevalda och anst\u00e4llda (PI-johtamiskoulu) Sm\u00e5skalig r\u00e5dgivning av startande andelslag Kooperationsevenemang Guide,\" \/>\n<meta property=\"og:url\" content=\"https:\/\/pellervo.fi\/sv\/sallskapet-pellervo\/\" \/>\n<meta property=\"og:site_name\" content=\"Pellervo\" \/>\n<meta property=\"article:modified_time\" content=\"2024-09-17T11:16:31+00:00\" \/>\n<meta property=\"og:image\" content=\"https:\/\/pellervo.fi\/wp-content\/uploads\/2020\/04\/pallo2020.jpg\" \/>\n\t<meta property=\"og:image:width\" content=\"850\" \/>\n\t<meta property=\"og:image:height\" content=\"560\" \/>\n\t<meta property=\"og:image:type\" content=\"image\/jpeg\" \/>\n<meta name=\"twitter:card\" content=\"summary_large_image\" \/>\n<meta name=\"twitter:site\" content=\"@PellervoFi\" \/>\n<meta name=\"twitter:label1\" content=\"Ber\u00e4knad l\u00e4stid\" \/>\n\t<meta name=\"twitter:data1\" content=\"1 minut\" \/>\n<script type=\"application\/ld+json\" class=\"yoast-schema-graph\">{\"@context\":\"https:\\\/\\\/schema.org\",\"@graph\":[{\"@type\":\"WebPage\",\"@id\":\"https:\\\/\\\/pellervo.fi\\\/sv\\\/sallskapet-pellervo\\\/\",\"url\":\"https:\\\/\\\/pellervo.fi\\\/sv\\\/sallskapet-pellervo\\\/\",\"name\":\"Pellervo Coop Center - Pellervo\",\"isPartOf\":{\"@id\":\"https:\\\/\\\/pellervo.fi\\\/#website\"},\"datePublished\":\"2017-02-09T11:15:22+00:00\",\"dateModified\":\"2024-09-17T11:16:31+00:00\",\"breadcrumb\":{\"@id\":\"https:\\\/\\\/pellervo.fi\\\/sv\\\/sallskapet-pellervo\\\/#breadcrumb\"},\"inLanguage\":\"sv-SE\",\"potentialAction\":[{\"@type\":\"ReadAction\",\"target\":[\"https:\\\/\\\/pellervo.fi\\\/sv\\\/sallskapet-pellervo\\\/\"]}]},{\"@type\":\"BreadcrumbList\",\"@id\":\"https:\\\/\\\/pellervo.fi\\\/sv\\\/sallskapet-pellervo\\\/#breadcrumb\",\"itemListElement\":[{\"@type\":\"ListItem\",\"position\":1,\"name\":\"Koti\",\"item\":\"https:\\\/\\\/pellervo.fi\\\/sv\\\/\"},{\"@type\":\"ListItem\",\"position\":2,\"name\":\"Pellervo Coop Center\"}]},{\"@type\":\"WebSite\",\"@id\":\"https:\\\/\\\/pellervo.fi\\\/#website\",\"url\":\"https:\\\/\\\/pellervo.fi\\\/\",\"name\":\"Pellervo\",\"description\":\"Osuuskuntien keskusj\u00e4rjest\u00f6\",\"publisher\":{\"@id\":\"https:\\\/\\\/pellervo.fi\\\/#organization\"},\"potentialAction\":[{\"@type\":\"SearchAction\",\"target\":{\"@type\":\"EntryPoint\",\"urlTemplate\":\"https:\\\/\\\/pellervo.fi\\\/?s={search_term_string}\"},\"query-input\":{\"@type\":\"PropertyValueSpecification\",\"valueRequired\":true,\"valueName\":\"search_term_string\"}}],\"inLanguage\":\"sv-SE\"},{\"@type\":\"Organization\",\"@id\":\"https:\\\/\\\/pellervo.fi\\\/#organization\",\"name\":\"Osuustoimintakeskus Pellervo ry\",\"url\":\"https:\\\/\\\/pellervo.fi\\\/\",\"logo\":{\"@type\":\"ImageObject\",\"inLanguage\":\"sv-SE\",\"@id\":\"https:\\\/\\\/pellervo.fi\\\/#\\\/schema\\\/logo\\\/image\\\/\",\"url\":\"https:\\\/\\\/pellervo.fi\\\/wp-content\\\/uploads\\\/2020\\\/05\\\/Pellervo_logo.png\",\"contentUrl\":\"https:\\\/\\\/pellervo.fi\\\/wp-content\\\/uploads\\\/2020\\\/05\\\/Pellervo_logo.png\",\"width\":1335,\"height\":376,\"caption\":\"Osuustoimintakeskus Pellervo ry\"},\"image\":{\"@id\":\"https:\\\/\\\/pellervo.fi\\\/#\\\/schema\\\/logo\\\/image\\\/\"},\"sameAs\":[\"https:\\\/\\\/x.com\\\/PellervoFi\"]}]}<\/script>\n<!-- \/ Yoast SEO plugin. -->","yoast_head_json":{"title":"Pellervo Coop Center - Pellervo","robots":{"index":"index","follow":"follow","max-snippet":"max-snippet:-1","max-image-preview":"max-image-preview:large","max-video-preview":"max-video-preview:-1"},"canonical":"https:\/\/pellervo.fi\/sv\/sallskapet-pellervo\/","og_locale":"sv_SE","og_type":"article","og_title":"Pellervo Coop Center - Pellervo","og_description":"Pellervo i ett n\u00f6tskal Intressebevaknings- och servicecentralen f\u00f6r finl\u00e4ndska andelsf\u00f6retag Medlemmar 240, bland annat: Andelsbanker Producentandelslag (mj\u00f6lk, k\u00f6tt, skog) Handelslag Tradeka LokalTapiola Energi- och elandelslag Infraandelslag (vatten, bredband) MTK och ProAgria Tj\u00e4nster Intressebevaknings- och p\u00e5verkansarbete i hemlandet och internationellt Juridiska tj\u00e4nster F\u00f6rtj\u00e4nsttecken Utbildning av f\u00f6rtroendevalda och anst\u00e4llda (PI-johtamiskoulu) Sm\u00e5skalig r\u00e5dgivning av startande andelslag Kooperationsevenemang Guide,","og_url":"https:\/\/pellervo.fi\/sv\/sallskapet-pellervo\/","og_site_name":"Pellervo","article_modified_time":"2024-09-17T11:16:31+00:00","og_image":[{"width":850,"height":560,"url":"https:\/\/pellervo.fi\/wp-content\/uploads\/2020\/04\/pallo2020.jpg","type":"image\/jpeg"}],"twitter_card":"summary_large_image","twitter_site":"@PellervoFi","twitter_misc":{"Ber\u00e4knad l\u00e4stid":"1 minut"},"schema":{"@context":"https:\/\/schema.org","@graph":[{"@type":"WebPage","@id":"https:\/\/pellervo.fi\/sv\/sallskapet-pellervo\/","url":"https:\/\/pellervo.fi\/sv\/sallskapet-pellervo\/","name":"Pellervo Coop Center - Pellervo","isPartOf":{"@id":"https:\/\/pellervo.fi\/#website"},"datePublished":"2017-02-09T11:15:22+00:00","dateModified":"2024-09-17T11:16:31+00:00","breadcrumb":{"@id":"https:\/\/pellervo.fi\/sv\/sallskapet-pellervo\/#breadcrumb"},"inLanguage":"sv-SE","potentialAction":[{"@type":"ReadAction","target":["https:\/\/pellervo.fi\/sv\/sallskapet-pellervo\/"]}]},{"@type":"BreadcrumbList","@id":"https:\/\/pellervo.fi\/sv\/sallskapet-pellervo\/#breadcrumb","itemListElement":[{"@type":"ListItem","position":1,"name":"Koti","item":"https:\/\/pellervo.fi\/sv\/"},{"@type":"ListItem","position":2,"name":"Pellervo Coop Center"}]},{"@type":"WebSite","@id":"https:\/\/pellervo.fi\/#website","url":"https:\/\/pellervo.fi\/","name":"Pellervo","description":"Osuuskuntien keskusj\u00e4rjest\u00f6","publisher":{"@id":"https:\/\/pellervo.fi\/#organization"},"potentialAction":[{"@type":"SearchAction","target":{"@type":"EntryPoint","urlTemplate":"https:\/\/pellervo.fi\/?s={search_term_string}"},"query-input":{"@type":"PropertyValueSpecification","valueRequired":true,"valueName":"search_term_string"}}],"inLanguage":"sv-SE"},{"@type":"Organization","@id":"https:\/\/pellervo.fi\/#organization","name":"Osuustoimintakeskus Pellervo ry","url":"https:\/\/pellervo.fi\/","logo":{"@type":"ImageObject","inLanguage":"sv-SE","@id":"https:\/\/pellervo.fi\/#\/schema\/logo\/image\/","url":"https:\/\/pellervo.fi\/wp-content\/uploads\/2020\/05\/Pellervo_logo.png","contentUrl":"https:\/\/pellervo.fi\/wp-content\/uploads\/2020\/05\/Pellervo_logo.png","width":1335,"height":376,"caption":"Osuustoimintakeskus Pellervo ry"},"image":{"@id":"https:\/\/pellervo.fi\/#\/schema\/logo\/image\/"},"sameAs":["https:\/\/x.com\/PellervoFi"]}]}},"_links":{"self":[{"href":"https:\/\/pellervo.fi\/sv\/wp-json\/wp\/v2\/pages\/613896","targetHints":{"allow":["GET"]}}],"collection":[{"href":"https:\/\/pellervo.fi\/sv\/wp-json\/wp\/v2\/pages"}],"about":[{"href":"https:\/\/pellervo.fi\/sv\/wp-json\/wp\/v2\/types\/page"}],"author":[{"embeddable":true,"href":"https:\/\/pellervo.fi\/sv\/wp-json\/wp\/v2\/users\/5"}],"replies":[{"embeddable":true,"href":"https:\/\/pellervo.fi\/sv\/wp-json\/wp\/v2\/comments?post=613896"}],"version-history":[{"count":6,"href":"https:\/\/pellervo.fi\/sv\/wp-json\/wp\/v2\/pages\/613896\/revisions"}],"predecessor-version":[{"id":899391,"href":"https:\/\/pellervo.fi\/sv\/wp-json\/wp\/v2\/pages\/613896\/revisions\/899391"}],"wp:attachment":[{"href":"https:\/\/pellervo.fi\/sv\/wp-json\/wp\/v2\/media?parent=613896"}],"curies":[{"name":"wp","href":"https:\/\/api.w.org\/{rel}","templated":true}]}}