{"id":617252,"date":"2017-02-13T09:49:09","date_gmt":"2017-02-13T07:49:09","guid":{"rendered":"http:\/\/pellervo.fi\/?page_id=617252"},"modified":"2024-05-07T13:09:46","modified_gmt":"2024-05-07T10:09:46","slug":"finlands-svenska-andelsforbunds-administration","status":"publish","type":"page","link":"https:\/\/pellervo.fi\/sv\/finlands-svenska-andelsforbund\/finlands-svenska-andelsforbunds-administration\/","title":{"rendered":"Finlands Svenska Andelsf\u00f6rbunds administration"},"content":{"rendered":"<h3>Finlands Svenska Andelsf\u00f6rbunds styrelse<\/h3>\n<h4>Ordinarie:<\/h4>\n<p><strong>Stefan Saaristo<\/strong>, Malax, ordf\u00f6rande<br \/>Vasa Andelsbank<\/p>\n<p><strong>Jan Anderss\u00e9n<\/strong>, Peders\u00f6re<br \/>\u00d6sterbottens K\u00f6tt<\/p>\n<p><strong>Maria \u00d6stman<\/strong>, Vasa<br \/>Vasa Andelsbank<\/p>\n<p><strong>Kristian Westerholm<\/strong>, Ing\u00e5,\u00a0viceordf\u00f6rande<br \/>Svenska Lantbruksproducenternas Centralf\u00f6rbund SLC<\/p>\n<p><strong>Jaana Hagelberg<\/strong>, Kyrksl\u00e4tt<br \/>Varuboden-Osla<\/p>\n<h4>Suppleanter:<\/h4>\n<p><strong>Jan Drugg\u00e9<\/strong>, Kimito<\/p>\n<p><strong>Henrik Strandberg<\/strong>, Nykarleby<\/p>\n<p><strong>Jonas Sundborg<\/strong>, Hammarland<\/p>\n<p><strong>Alice Bj\u00f6rkl\u00f6f,\u00a0<\/strong>Nagu<\/p>\n<p><strong>Daniel Lindroos<\/strong>, Borg\u00e5<\/p>\n<h3>Representanter i Pellervos f\u00f6rvaltning<\/h3>\n<p>Stefan Saaristo \u00e4r ledamot i Pellervos styrelse.<br \/>Kristian Westerholm \u00e4r ledamot i Pellervos delegation.<\/p>\n<p>PERSONAL OCH MEDARBETARE<br \/>AFM\u00a0<strong>Kari Huhtala<\/strong>\u00a0verkst\u00e4llande direkt\u00f6r.<\/p>\n<p>MEDLEMSKAP<br \/>Finlands Svenska Andelsf\u00f6rbund \u00e4r medlem i Pellervo, Svenska lantbrukss\u00e4llskapens f\u00f6r\u00adbund, F\u00f6reningen Pohjola-Norden och F\u00f6rbundsarenan.<\/p>\n\n","protected":false},"excerpt":{"rendered":"<p>Finlands Svenska Andelsf\u00f6rbunds styrelse Ordinarie: Stefan Saaristo, Malax, ordf\u00f6randeVasa Andelsbank Jan Anderss\u00e9n, Peders\u00f6re\u00d6sterbottens K\u00f6tt Maria \u00d6stman, VasaVasa Andelsbank Kristian Westerholm, Ing\u00e5,\u00a0viceordf\u00f6randeSvenska Lantbruksproducenternas Centralf\u00f6rbund SLC Jaana Hagelberg, Kyrksl\u00e4ttVaruboden-Osla Suppleanter: Jan Drugg\u00e9, Kimito Henrik Strandberg, Nykarleby Jonas Sundborg, Hammarland Alice Bj\u00f6rkl\u00f6f,\u00a0Nagu Daniel Lindroos, Borg\u00e5 Representanter i Pellervos f\u00f6rvaltning Stefan Saaristo \u00e4r ledamot i Pellervos styrelse.Kristian Westerholm \u00e4r<\/p>\n","protected":false},"author":5,"featured_media":0,"parent":2069,"menu_order":0,"comment_status":"closed","ping_status":"closed","template":"","meta":{"inline_featured_image":false,"_monsterinsights_skip_tracking":false,"_monsterinsights_sitenote_active":false,"_monsterinsights_sitenote_note":"","_monsterinsights_sitenote_category":0,"site-sidebar-layout":"default","site-content-layout":"default","ast-site-content-layout":"default","site-content-style":"default","site-sidebar-style":"default","ast-global-header-display":"","ast-banner-title-visibility":"","ast-main-header-display":"","ast-hfb-above-header-display":"","ast-hfb-below-header-display":"","ast-hfb-mobile-header-display":"","site-post-title":"","ast-breadcrumbs-content":"","ast-featured-img":"","footer-sml-layout":"","ast-disable-related-posts":"","theme-transparent-header-meta":"default","adv-header-id-meta":"","stick-header-meta":"","header-above-stick-meta":"","header-main-stick-meta":"","header-below-stick-meta":"","astra-migrate-meta-layouts":"set","ast-page-background-enabled":"default","ast-page-background-meta":{"desktop":{"background-color":"","background-image":"","background-repeat":"repeat","background-position":"center center","background-size":"auto","background-attachment":"scroll","background-type":"","background-media":"","overlay-type":"","overlay-color":"","overlay-opacity":"","overlay-gradient":""},"tablet":{"background-color":"","background-image":"","background-repeat":"repeat","background-position":"center center","background-size":"auto","background-attachment":"scroll","background-type":"","background-media":"","overlay-type":"","overlay-color":"","overlay-opacity":"","overlay-gradient":""},"mobile":{"background-color":"","background-image":"","background-repeat":"repeat","background-position":"center center","background-size":"auto","background-attachment":"scroll","background-type":"","background-media":"","overlay-type":"","overlay-color":"","overlay-opacity":"","overlay-gradient":""}},"ast-content-background-meta":{"desktop":{"background-color":"var(--ast-global-color-5)","background-image":"","background-repeat":"repeat","background-position":"center center","background-size":"auto","background-attachment":"scroll","background-type":"","background-media":"","overlay-type":"","overlay-color":"","overlay-opacity":"","overlay-gradient":""},"tablet":{"background-color":"var(--ast-global-color-5)","background-image":"","background-repeat":"repeat","background-position":"center center","background-size":"auto","background-attachment":"scroll","background-type":"","background-media":"","overlay-type":"","overlay-color":"","overlay-opacity":"","overlay-gradient":""},"mobile":{"background-color":"var(--ast-global-color-5)","background-image":"","background-repeat":"repeat","background-position":"center center","background-size":"auto","background-attachment":"scroll","background-type":"","background-media":"","overlay-type":"","overlay-color":"","overlay-opacity":"","overlay-gradient":""}},"_FSMCFIC_featured_image_caption":"","_FSMCFIC_featured_image_nocaption":"","_FSMCFIC_featured_image_hide":"","footnotes":""},"class_list":["post-617252","page","type-page","status-publish","hentry"],"yoast_head":"<!-- This site is optimized with the Yoast SEO plugin v27.4 - https:\/\/yoast.com\/product\/yoast-seo-wordpress\/ -->\n<title>Finlands Svenska Andelsf\u00f6rbunds administration - Pellervo<\/title>\n<meta name=\"robots\" content=\"index, follow, max-snippet:-1, max-image-preview:large, max-video-preview:-1\" \/>\n<link rel=\"canonical\" href=\"https:\/\/pellervo.fi\/sv\/finlands-svenska-andelsforbund\/finlands-svenska-andelsforbunds-administration\/\" \/>\n<meta property=\"og:locale\" content=\"sv_SE\" \/>\n<meta property=\"og:type\" content=\"article\" \/>\n<meta property=\"og:title\" content=\"Finlands Svenska Andelsf\u00f6rbunds administration - Pellervo\" \/>\n<meta property=\"og:description\" content=\"Finlands Svenska Andelsf\u00f6rbunds styrelse Ordinarie: Stefan Saaristo, Malax, ordf\u00f6randeVasa Andelsbank Jan Anderss\u00e9n, Peders\u00f6re\u00d6sterbottens K\u00f6tt Maria \u00d6stman, VasaVasa Andelsbank Kristian Westerholm, Ing\u00e5,\u00a0viceordf\u00f6randeSvenska Lantbruksproducenternas Centralf\u00f6rbund SLC Jaana Hagelberg, Kyrksl\u00e4ttVaruboden-Osla Suppleanter: Jan Drugg\u00e9, Kimito Henrik Strandberg, Nykarleby Jonas Sundborg, Hammarland Alice Bj\u00f6rkl\u00f6f,\u00a0Nagu Daniel Lindroos, Borg\u00e5 Representanter i Pellervos f\u00f6rvaltning Stefan Saaristo \u00e4r ledamot i Pellervos styrelse.Kristian Westerholm \u00e4r\" \/>\n<meta property=\"og:url\" content=\"https:\/\/pellervo.fi\/sv\/finlands-svenska-andelsforbund\/finlands-svenska-andelsforbunds-administration\/\" \/>\n<meta property=\"og:site_name\" content=\"Pellervo\" \/>\n<meta property=\"article:modified_time\" content=\"2024-05-07T10:09:46+00:00\" \/>\n<meta property=\"og:image\" content=\"https:\/\/pellervo.fi\/wp-content\/uploads\/2020\/04\/pallo2020.jpg\" \/>\n\t<meta property=\"og:image:width\" content=\"850\" \/>\n\t<meta property=\"og:image:height\" content=\"560\" \/>\n\t<meta property=\"og:image:type\" content=\"image\/jpeg\" \/>\n<meta name=\"twitter:card\" content=\"summary_large_image\" \/>\n<meta name=\"twitter:site\" content=\"@PellervoFi\" \/>\n<meta name=\"twitter:label1\" content=\"Ber\u00e4knad l\u00e4stid\" \/>\n\t<meta name=\"twitter:data1\" content=\"1 minut\" \/>\n<script type=\"application\/ld+json\" class=\"yoast-schema-graph\">{\"@context\":\"https:\\\/\\\/schema.org\",\"@graph\":[{\"@type\":\"WebPage\",\"@id\":\"https:\\\/\\\/pellervo.fi\\\/sv\\\/finlands-svenska-andelsforbund\\\/finlands-svenska-andelsforbunds-administration\\\/\",\"url\":\"https:\\\/\\\/pellervo.fi\\\/sv\\\/finlands-svenska-andelsforbund\\\/finlands-svenska-andelsforbunds-administration\\\/\",\"name\":\"Finlands Svenska Andelsf\u00f6rbunds administration - Pellervo\",\"isPartOf\":{\"@id\":\"https:\\\/\\\/pellervo.fi\\\/#website\"},\"datePublished\":\"2017-02-13T07:49:09+00:00\",\"dateModified\":\"2024-05-07T10:09:46+00:00\",\"breadcrumb\":{\"@id\":\"https:\\\/\\\/pellervo.fi\\\/sv\\\/finlands-svenska-andelsforbund\\\/finlands-svenska-andelsforbunds-administration\\\/#breadcrumb\"},\"inLanguage\":\"sv-SE\",\"potentialAction\":[{\"@type\":\"ReadAction\",\"target\":[\"https:\\\/\\\/pellervo.fi\\\/sv\\\/finlands-svenska-andelsforbund\\\/finlands-svenska-andelsforbunds-administration\\\/\"]}]},{\"@type\":\"BreadcrumbList\",\"@id\":\"https:\\\/\\\/pellervo.fi\\\/sv\\\/finlands-svenska-andelsforbund\\\/finlands-svenska-andelsforbunds-administration\\\/#breadcrumb\",\"itemListElement\":[{\"@type\":\"ListItem\",\"position\":1,\"name\":\"Koti\",\"item\":\"https:\\\/\\\/pellervo.fi\\\/sv\\\/\"},{\"@type\":\"ListItem\",\"position\":2,\"name\":\"Finlands Svenska Andelsf\u00f6rbund\",\"item\":\"https:\\\/\\\/pellervo.fi\\\/sv\\\/finlands-svenska-andelsforbund\\\/\"},{\"@type\":\"ListItem\",\"position\":3,\"name\":\"Finlands Svenska Andelsf\u00f6rbunds administration\"}]},{\"@type\":\"WebSite\",\"@id\":\"https:\\\/\\\/pellervo.fi\\\/#website\",\"url\":\"https:\\\/\\\/pellervo.fi\\\/\",\"name\":\"Pellervo\",\"description\":\"Osuuskuntien keskusj\u00e4rjest\u00f6\",\"publisher\":{\"@id\":\"https:\\\/\\\/pellervo.fi\\\/#organization\"},\"potentialAction\":[{\"@type\":\"SearchAction\",\"target\":{\"@type\":\"EntryPoint\",\"urlTemplate\":\"https:\\\/\\\/pellervo.fi\\\/?s={search_term_string}\"},\"query-input\":{\"@type\":\"PropertyValueSpecification\",\"valueRequired\":true,\"valueName\":\"search_term_string\"}}],\"inLanguage\":\"sv-SE\"},{\"@type\":\"Organization\",\"@id\":\"https:\\\/\\\/pellervo.fi\\\/#organization\",\"name\":\"Osuustoimintakeskus Pellervo ry\",\"url\":\"https:\\\/\\\/pellervo.fi\\\/\",\"logo\":{\"@type\":\"ImageObject\",\"inLanguage\":\"sv-SE\",\"@id\":\"https:\\\/\\\/pellervo.fi\\\/#\\\/schema\\\/logo\\\/image\\\/\",\"url\":\"https:\\\/\\\/pellervo.fi\\\/wp-content\\\/uploads\\\/2020\\\/05\\\/Pellervo_logo.png\",\"contentUrl\":\"https:\\\/\\\/pellervo.fi\\\/wp-content\\\/uploads\\\/2020\\\/05\\\/Pellervo_logo.png\",\"width\":1335,\"height\":376,\"caption\":\"Osuustoimintakeskus Pellervo ry\"},\"image\":{\"@id\":\"https:\\\/\\\/pellervo.fi\\\/#\\\/schema\\\/logo\\\/image\\\/\"},\"sameAs\":[\"https:\\\/\\\/x.com\\\/PellervoFi\"]}]}<\/script>\n<!-- \/ Yoast SEO plugin. -->","yoast_head_json":{"title":"Finlands Svenska Andelsf\u00f6rbunds administration - Pellervo","robots":{"index":"index","follow":"follow","max-snippet":"max-snippet:-1","max-image-preview":"max-image-preview:large","max-video-preview":"max-video-preview:-1"},"canonical":"https:\/\/pellervo.fi\/sv\/finlands-svenska-andelsforbund\/finlands-svenska-andelsforbunds-administration\/","og_locale":"sv_SE","og_type":"article","og_title":"Finlands Svenska Andelsf\u00f6rbunds administration - Pellervo","og_description":"Finlands Svenska Andelsf\u00f6rbunds styrelse Ordinarie: Stefan Saaristo, Malax, ordf\u00f6randeVasa Andelsbank Jan Anderss\u00e9n, Peders\u00f6re\u00d6sterbottens K\u00f6tt Maria \u00d6stman, VasaVasa Andelsbank Kristian Westerholm, Ing\u00e5,\u00a0viceordf\u00f6randeSvenska Lantbruksproducenternas Centralf\u00f6rbund SLC Jaana Hagelberg, Kyrksl\u00e4ttVaruboden-Osla Suppleanter: Jan Drugg\u00e9, Kimito Henrik Strandberg, Nykarleby Jonas Sundborg, Hammarland Alice Bj\u00f6rkl\u00f6f,\u00a0Nagu Daniel Lindroos, Borg\u00e5 Representanter i Pellervos f\u00f6rvaltning Stefan Saaristo \u00e4r ledamot i Pellervos styrelse.Kristian Westerholm \u00e4r","og_url":"https:\/\/pellervo.fi\/sv\/finlands-svenska-andelsforbund\/finlands-svenska-andelsforbunds-administration\/","og_site_name":"Pellervo","article_modified_time":"2024-05-07T10:09:46+00:00","og_image":[{"width":850,"height":560,"url":"https:\/\/pellervo.fi\/wp-content\/uploads\/2020\/04\/pallo2020.jpg","type":"image\/jpeg"}],"twitter_card":"summary_large_image","twitter_site":"@PellervoFi","twitter_misc":{"Ber\u00e4knad l\u00e4stid":"1 minut"},"schema":{"@context":"https:\/\/schema.org","@graph":[{"@type":"WebPage","@id":"https:\/\/pellervo.fi\/sv\/finlands-svenska-andelsforbund\/finlands-svenska-andelsforbunds-administration\/","url":"https:\/\/pellervo.fi\/sv\/finlands-svenska-andelsforbund\/finlands-svenska-andelsforbunds-administration\/","name":"Finlands Svenska Andelsf\u00f6rbunds administration - Pellervo","isPartOf":{"@id":"https:\/\/pellervo.fi\/#website"},"datePublished":"2017-02-13T07:49:09+00:00","dateModified":"2024-05-07T10:09:46+00:00","breadcrumb":{"@id":"https:\/\/pellervo.fi\/sv\/finlands-svenska-andelsforbund\/finlands-svenska-andelsforbunds-administration\/#breadcrumb"},"inLanguage":"sv-SE","potentialAction":[{"@type":"ReadAction","target":["https:\/\/pellervo.fi\/sv\/finlands-svenska-andelsforbund\/finlands-svenska-andelsforbunds-administration\/"]}]},{"@type":"BreadcrumbList","@id":"https:\/\/pellervo.fi\/sv\/finlands-svenska-andelsforbund\/finlands-svenska-andelsforbunds-administration\/#breadcrumb","itemListElement":[{"@type":"ListItem","position":1,"name":"Koti","item":"https:\/\/pellervo.fi\/sv\/"},{"@type":"ListItem","position":2,"name":"Finlands Svenska Andelsf\u00f6rbund","item":"https:\/\/pellervo.fi\/sv\/finlands-svenska-andelsforbund\/"},{"@type":"ListItem","position":3,"name":"Finlands Svenska Andelsf\u00f6rbunds administration"}]},{"@type":"WebSite","@id":"https:\/\/pellervo.fi\/#website","url":"https:\/\/pellervo.fi\/","name":"Pellervo","description":"Osuuskuntien keskusj\u00e4rjest\u00f6","publisher":{"@id":"https:\/\/pellervo.fi\/#organization"},"potentialAction":[{"@type":"SearchAction","target":{"@type":"EntryPoint","urlTemplate":"https:\/\/pellervo.fi\/?s={search_term_string}"},"query-input":{"@type":"PropertyValueSpecification","valueRequired":true,"valueName":"search_term_string"}}],"inLanguage":"sv-SE"},{"@type":"Organization","@id":"https:\/\/pellervo.fi\/#organization","name":"Osuustoimintakeskus Pellervo ry","url":"https:\/\/pellervo.fi\/","logo":{"@type":"ImageObject","inLanguage":"sv-SE","@id":"https:\/\/pellervo.fi\/#\/schema\/logo\/image\/","url":"https:\/\/pellervo.fi\/wp-content\/uploads\/2020\/05\/Pellervo_logo.png","contentUrl":"https:\/\/pellervo.fi\/wp-content\/uploads\/2020\/05\/Pellervo_logo.png","width":1335,"height":376,"caption":"Osuustoimintakeskus Pellervo ry"},"image":{"@id":"https:\/\/pellervo.fi\/#\/schema\/logo\/image\/"},"sameAs":["https:\/\/x.com\/PellervoFi"]}]}},"_links":{"self":[{"href":"https:\/\/pellervo.fi\/sv\/wp-json\/wp\/v2\/pages\/617252","targetHints":{"allow":["GET"]}}],"collection":[{"href":"https:\/\/pellervo.fi\/sv\/wp-json\/wp\/v2\/pages"}],"about":[{"href":"https:\/\/pellervo.fi\/sv\/wp-json\/wp\/v2\/types\/page"}],"author":[{"embeddable":true,"href":"https:\/\/pellervo.fi\/sv\/wp-json\/wp\/v2\/users\/5"}],"replies":[{"embeddable":true,"href":"https:\/\/pellervo.fi\/sv\/wp-json\/wp\/v2\/comments?post=617252"}],"version-history":[{"count":15,"href":"https:\/\/pellervo.fi\/sv\/wp-json\/wp\/v2\/pages\/617252\/revisions"}],"predecessor-version":[{"id":897652,"href":"https:\/\/pellervo.fi\/sv\/wp-json\/wp\/v2\/pages\/617252\/revisions\/897652"}],"up":[{"embeddable":true,"href":"https:\/\/pellervo.fi\/sv\/wp-json\/wp\/v2\/pages\/2069"}],"wp:attachment":[{"href":"https:\/\/pellervo.fi\/sv\/wp-json\/wp\/v2\/media?parent=617252"}],"curies":[{"name":"wp","href":"https:\/\/api.w.org\/{rel}","templated":true}]}}