{"id":617254,"date":"2017-02-13T09:51:41","date_gmt":"2017-02-13T07:51:41","guid":{"rendered":"http:\/\/pellervo.fi\/?page_id=617254"},"modified":"2026-03-27T08:30:32","modified_gmt":"2026-03-27T06:30:32","slug":"medlemmar","status":"publish","type":"page","link":"https:\/\/pellervo.fi\/sv\/finlands-svenska-andelsforbund\/medlemmar\/","title":{"rendered":"Medlemmar"},"content":{"rendered":"<h1>Finlands Svenska Andelsf\u00f6rbunds medlemmar<\/h1>\n<p><em>1.1.2025<\/em><\/p>\n<p>Osuuskauppa Varuboden-Osla Handelslag<\/p>\n<p>LokalTapiola \u00d6sterbotten<\/p>\n<p>Andelsbanken Raseborg<\/p>\n<p>Andelsbanken f\u00f6r \u00c5land<\/p>\n<p>Botnia Andelsbank<\/p>\n<p>Nagu Andelsbank<\/p>\n<p>V\u00e4stkustens Andelsbank<\/p>\n<p>\u00c5lands Centralandelslag<\/p>\n<p>\u00d6sterbottens \u00c4ggcentrallag<\/p>\n<p>Andelslaget \u00d6sterbottens K\u00f6tt<\/p>\n<p>LSO\u2011Andelslag<\/p>\n<p>Jeppo Kraft Andelslag<\/p>\n<p>\u00c5lands Telefonandelslag<\/p>\n<p>\u00c5lands Elandelslag<\/p>\n<p>\u00c5lands Skogs\u00e4gare Andelslag<\/p>\n<p>Andelslaget Maskinring Peny<\/p>\n<p>Andelslaget N\u00e4rpes Gr\u00f6nsaker<\/p>\n<p>Andelslaget \u00c5lands Tr\u00e4dg\u00e5rdshall<\/p>\n<p>\u00c5lands Vindenergi Andelslag<\/p>\n<p>Jeppo Skogsandelslag<\/p>\n<p>Kronoby Energiandelslag<\/p>\n<p>Andelslaget Oskus Potatisland<\/p>\n<p>Centralf\u00f6rbundet f\u00f6r Handelslagen i Finland, SOK<\/p>\n<p>Osuuskunta Maitosuomi Andelslag<\/p>\n<p>Svenska Lantbruksproducenternas Centralf\u00f6rbund SLC<\/p>\n<p>Andelslaget KrsNet<\/p>\n<p>Andelslaget \u00c5lands Maskinring<\/p>\n<p>Mets\u00e4liitto Osuuskunta<\/p>\n<p>\u00d6vermark Vattenandelslag<\/p>\n<p>OP Nyland<\/p>\n","protected":false},"excerpt":{"rendered":"<p>Finlands Svenska Andelsf\u00f6rbunds medlemmar 1.1.2025 Osuuskauppa Varuboden-Osla Handelslag LokalTapiola \u00d6sterbotten Andelsbanken Raseborg Andelsbanken f\u00f6r \u00c5land Botnia Andelsbank Nagu Andelsbank V\u00e4stkustens Andelsbank \u00c5lands Centralandelslag \u00d6sterbottens \u00c4ggcentrallag Andelslaget \u00d6sterbottens K\u00f6tt LSO\u2011Andelslag Jeppo Kraft Andelslag \u00c5lands Telefonandelslag \u00c5lands Elandelslag \u00c5lands Skogs\u00e4gare Andelslag Andelslaget Maskinring Peny Andelslaget N\u00e4rpes Gr\u00f6nsaker Andelslaget \u00c5lands Tr\u00e4dg\u00e5rdshall \u00c5lands Vindenergi Andelslag Jeppo Skogsandelslag Kronoby Energiandelslag<\/p>\n","protected":false},"author":5,"featured_media":0,"parent":2069,"menu_order":0,"comment_status":"closed","ping_status":"closed","template":"","meta":{"inline_featured_image":false,"_monsterinsights_skip_tracking":false,"_monsterinsights_sitenote_active":false,"_monsterinsights_sitenote_note":"","_monsterinsights_sitenote_category":0,"site-sidebar-layout":"default","site-content-layout":"default","ast-site-content-layout":"default","site-content-style":"default","site-sidebar-style":"default","ast-global-header-display":"","ast-banner-title-visibility":"","ast-main-header-display":"","ast-hfb-above-header-display":"","ast-hfb-below-header-display":"","ast-hfb-mobile-header-display":"","site-post-title":"","ast-breadcrumbs-content":"","ast-featured-img":"","footer-sml-layout":"","ast-disable-related-posts":"","theme-transparent-header-meta":"default","adv-header-id-meta":"","stick-header-meta":"","header-above-stick-meta":"","header-main-stick-meta":"","header-below-stick-meta":"","astra-migrate-meta-layouts":"set","ast-page-background-enabled":"default","ast-page-background-meta":{"desktop":{"background-color":"","background-image":"","background-repeat":"repeat","background-position":"center center","background-size":"auto","background-attachment":"scroll","background-type":"","background-media":"","overlay-type":"","overlay-color":"","overlay-opacity":"","overlay-gradient":""},"tablet":{"background-color":"","background-image":"","background-repeat":"repeat","background-position":"center center","background-size":"auto","background-attachment":"scroll","background-type":"","background-media":"","overlay-type":"","overlay-color":"","overlay-opacity":"","overlay-gradient":""},"mobile":{"background-color":"","background-image":"","background-repeat":"repeat","background-position":"center center","background-size":"auto","background-attachment":"scroll","background-type":"","background-media":"","overlay-type":"","overlay-color":"","overlay-opacity":"","overlay-gradient":""}},"ast-content-background-meta":{"desktop":{"background-color":"var(--ast-global-color-5)","background-image":"","background-repeat":"repeat","background-position":"center center","background-size":"auto","background-attachment":"scroll","background-type":"","background-media":"","overlay-type":"","overlay-color":"","overlay-opacity":"","overlay-gradient":""},"tablet":{"background-color":"var(--ast-global-color-5)","background-image":"","background-repeat":"repeat","background-position":"center center","background-size":"auto","background-attachment":"scroll","background-type":"","background-media":"","overlay-type":"","overlay-color":"","overlay-opacity":"","overlay-gradient":""},"mobile":{"background-color":"var(--ast-global-color-5)","background-image":"","background-repeat":"repeat","background-position":"center center","background-size":"auto","background-attachment":"scroll","background-type":"","background-media":"","overlay-type":"","overlay-color":"","overlay-opacity":"","overlay-gradient":""}},"_FSMCFIC_featured_image_caption":"","_FSMCFIC_featured_image_nocaption":"","_FSMCFIC_featured_image_hide":"","footnotes":""},"class_list":["post-617254","page","type-page","status-publish","hentry"],"yoast_head":"<!-- This site is optimized with the Yoast SEO plugin v27.4 - https:\/\/yoast.com\/product\/yoast-seo-wordpress\/ -->\n<title>Medlemmar - Pellervo<\/title>\n<meta name=\"robots\" content=\"index, follow, max-snippet:-1, max-image-preview:large, max-video-preview:-1\" \/>\n<link rel=\"canonical\" href=\"https:\/\/pellervo.fi\/sv\/finlands-svenska-andelsforbund\/medlemmar\/\" \/>\n<meta property=\"og:locale\" content=\"sv_SE\" \/>\n<meta property=\"og:type\" content=\"article\" \/>\n<meta property=\"og:title\" content=\"Medlemmar - Pellervo\" \/>\n<meta property=\"og:description\" content=\"Finlands Svenska Andelsf\u00f6rbunds medlemmar 1.1.2025 Osuuskauppa Varuboden-Osla Handelslag LokalTapiola \u00d6sterbotten Andelsbanken Raseborg Andelsbanken f\u00f6r \u00c5land Botnia Andelsbank Nagu Andelsbank V\u00e4stkustens Andelsbank \u00c5lands Centralandelslag \u00d6sterbottens \u00c4ggcentrallag Andelslaget \u00d6sterbottens K\u00f6tt LSO\u2011Andelslag Jeppo Kraft Andelslag \u00c5lands Telefonandelslag \u00c5lands Elandelslag \u00c5lands Skogs\u00e4gare Andelslag Andelslaget Maskinring Peny Andelslaget N\u00e4rpes Gr\u00f6nsaker Andelslaget \u00c5lands Tr\u00e4dg\u00e5rdshall \u00c5lands Vindenergi Andelslag Jeppo Skogsandelslag Kronoby Energiandelslag\" \/>\n<meta property=\"og:url\" content=\"https:\/\/pellervo.fi\/sv\/finlands-svenska-andelsforbund\/medlemmar\/\" \/>\n<meta property=\"og:site_name\" content=\"Pellervo\" \/>\n<meta property=\"article:modified_time\" content=\"2026-03-27T06:30:32+00:00\" \/>\n<meta property=\"og:image\" content=\"https:\/\/pellervo.fi\/wp-content\/uploads\/2020\/04\/pallo2020.jpg\" \/>\n\t<meta property=\"og:image:width\" content=\"850\" \/>\n\t<meta property=\"og:image:height\" content=\"560\" \/>\n\t<meta property=\"og:image:type\" content=\"image\/jpeg\" \/>\n<meta name=\"twitter:card\" content=\"summary_large_image\" \/>\n<meta name=\"twitter:site\" content=\"@PellervoFi\" \/>\n<meta name=\"twitter:label1\" content=\"Ber\u00e4knad l\u00e4stid\" \/>\n\t<meta name=\"twitter:data1\" content=\"1 minut\" \/>\n<script type=\"application\/ld+json\" class=\"yoast-schema-graph\">{\"@context\":\"https:\\\/\\\/schema.org\",\"@graph\":[{\"@type\":\"WebPage\",\"@id\":\"https:\\\/\\\/pellervo.fi\\\/sv\\\/finlands-svenska-andelsforbund\\\/medlemmar\\\/\",\"url\":\"https:\\\/\\\/pellervo.fi\\\/sv\\\/finlands-svenska-andelsforbund\\\/medlemmar\\\/\",\"name\":\"Medlemmar - Pellervo\",\"isPartOf\":{\"@id\":\"https:\\\/\\\/pellervo.fi\\\/#website\"},\"datePublished\":\"2017-02-13T07:51:41+00:00\",\"dateModified\":\"2026-03-27T06:30:32+00:00\",\"breadcrumb\":{\"@id\":\"https:\\\/\\\/pellervo.fi\\\/sv\\\/finlands-svenska-andelsforbund\\\/medlemmar\\\/#breadcrumb\"},\"inLanguage\":\"sv-SE\",\"potentialAction\":[{\"@type\":\"ReadAction\",\"target\":[\"https:\\\/\\\/pellervo.fi\\\/sv\\\/finlands-svenska-andelsforbund\\\/medlemmar\\\/\"]}]},{\"@type\":\"BreadcrumbList\",\"@id\":\"https:\\\/\\\/pellervo.fi\\\/sv\\\/finlands-svenska-andelsforbund\\\/medlemmar\\\/#breadcrumb\",\"itemListElement\":[{\"@type\":\"ListItem\",\"position\":1,\"name\":\"Koti\",\"item\":\"https:\\\/\\\/pellervo.fi\\\/sv\\\/\"},{\"@type\":\"ListItem\",\"position\":2,\"name\":\"Finlands Svenska Andelsf\u00f6rbund\",\"item\":\"https:\\\/\\\/pellervo.fi\\\/sv\\\/finlands-svenska-andelsforbund\\\/\"},{\"@type\":\"ListItem\",\"position\":3,\"name\":\"Medlemmar\"}]},{\"@type\":\"WebSite\",\"@id\":\"https:\\\/\\\/pellervo.fi\\\/#website\",\"url\":\"https:\\\/\\\/pellervo.fi\\\/\",\"name\":\"Pellervo\",\"description\":\"Osuuskuntien keskusj\u00e4rjest\u00f6\",\"publisher\":{\"@id\":\"https:\\\/\\\/pellervo.fi\\\/#organization\"},\"potentialAction\":[{\"@type\":\"SearchAction\",\"target\":{\"@type\":\"EntryPoint\",\"urlTemplate\":\"https:\\\/\\\/pellervo.fi\\\/?s={search_term_string}\"},\"query-input\":{\"@type\":\"PropertyValueSpecification\",\"valueRequired\":true,\"valueName\":\"search_term_string\"}}],\"inLanguage\":\"sv-SE\"},{\"@type\":\"Organization\",\"@id\":\"https:\\\/\\\/pellervo.fi\\\/#organization\",\"name\":\"Osuustoimintakeskus Pellervo ry\",\"url\":\"https:\\\/\\\/pellervo.fi\\\/\",\"logo\":{\"@type\":\"ImageObject\",\"inLanguage\":\"sv-SE\",\"@id\":\"https:\\\/\\\/pellervo.fi\\\/#\\\/schema\\\/logo\\\/image\\\/\",\"url\":\"https:\\\/\\\/pellervo.fi\\\/wp-content\\\/uploads\\\/2020\\\/05\\\/Pellervo_logo.png\",\"contentUrl\":\"https:\\\/\\\/pellervo.fi\\\/wp-content\\\/uploads\\\/2020\\\/05\\\/Pellervo_logo.png\",\"width\":1335,\"height\":376,\"caption\":\"Osuustoimintakeskus Pellervo ry\"},\"image\":{\"@id\":\"https:\\\/\\\/pellervo.fi\\\/#\\\/schema\\\/logo\\\/image\\\/\"},\"sameAs\":[\"https:\\\/\\\/x.com\\\/PellervoFi\"]}]}<\/script>\n<!-- \/ Yoast SEO plugin. -->","yoast_head_json":{"title":"Medlemmar - Pellervo","robots":{"index":"index","follow":"follow","max-snippet":"max-snippet:-1","max-image-preview":"max-image-preview:large","max-video-preview":"max-video-preview:-1"},"canonical":"https:\/\/pellervo.fi\/sv\/finlands-svenska-andelsforbund\/medlemmar\/","og_locale":"sv_SE","og_type":"article","og_title":"Medlemmar - Pellervo","og_description":"Finlands Svenska Andelsf\u00f6rbunds medlemmar 1.1.2025 Osuuskauppa Varuboden-Osla Handelslag LokalTapiola \u00d6sterbotten Andelsbanken Raseborg Andelsbanken f\u00f6r \u00c5land Botnia Andelsbank Nagu Andelsbank V\u00e4stkustens Andelsbank \u00c5lands Centralandelslag \u00d6sterbottens \u00c4ggcentrallag Andelslaget \u00d6sterbottens K\u00f6tt LSO\u2011Andelslag Jeppo Kraft Andelslag \u00c5lands Telefonandelslag \u00c5lands Elandelslag \u00c5lands Skogs\u00e4gare Andelslag Andelslaget Maskinring Peny Andelslaget N\u00e4rpes Gr\u00f6nsaker Andelslaget \u00c5lands Tr\u00e4dg\u00e5rdshall \u00c5lands Vindenergi Andelslag Jeppo Skogsandelslag Kronoby Energiandelslag","og_url":"https:\/\/pellervo.fi\/sv\/finlands-svenska-andelsforbund\/medlemmar\/","og_site_name":"Pellervo","article_modified_time":"2026-03-27T06:30:32+00:00","og_image":[{"width":850,"height":560,"url":"https:\/\/pellervo.fi\/wp-content\/uploads\/2020\/04\/pallo2020.jpg","type":"image\/jpeg"}],"twitter_card":"summary_large_image","twitter_site":"@PellervoFi","twitter_misc":{"Ber\u00e4knad l\u00e4stid":"1 minut"},"schema":{"@context":"https:\/\/schema.org","@graph":[{"@type":"WebPage","@id":"https:\/\/pellervo.fi\/sv\/finlands-svenska-andelsforbund\/medlemmar\/","url":"https:\/\/pellervo.fi\/sv\/finlands-svenska-andelsforbund\/medlemmar\/","name":"Medlemmar - Pellervo","isPartOf":{"@id":"https:\/\/pellervo.fi\/#website"},"datePublished":"2017-02-13T07:51:41+00:00","dateModified":"2026-03-27T06:30:32+00:00","breadcrumb":{"@id":"https:\/\/pellervo.fi\/sv\/finlands-svenska-andelsforbund\/medlemmar\/#breadcrumb"},"inLanguage":"sv-SE","potentialAction":[{"@type":"ReadAction","target":["https:\/\/pellervo.fi\/sv\/finlands-svenska-andelsforbund\/medlemmar\/"]}]},{"@type":"BreadcrumbList","@id":"https:\/\/pellervo.fi\/sv\/finlands-svenska-andelsforbund\/medlemmar\/#breadcrumb","itemListElement":[{"@type":"ListItem","position":1,"name":"Koti","item":"https:\/\/pellervo.fi\/sv\/"},{"@type":"ListItem","position":2,"name":"Finlands Svenska Andelsf\u00f6rbund","item":"https:\/\/pellervo.fi\/sv\/finlands-svenska-andelsforbund\/"},{"@type":"ListItem","position":3,"name":"Medlemmar"}]},{"@type":"WebSite","@id":"https:\/\/pellervo.fi\/#website","url":"https:\/\/pellervo.fi\/","name":"Pellervo","description":"Osuuskuntien keskusj\u00e4rjest\u00f6","publisher":{"@id":"https:\/\/pellervo.fi\/#organization"},"potentialAction":[{"@type":"SearchAction","target":{"@type":"EntryPoint","urlTemplate":"https:\/\/pellervo.fi\/?s={search_term_string}"},"query-input":{"@type":"PropertyValueSpecification","valueRequired":true,"valueName":"search_term_string"}}],"inLanguage":"sv-SE"},{"@type":"Organization","@id":"https:\/\/pellervo.fi\/#organization","name":"Osuustoimintakeskus Pellervo ry","url":"https:\/\/pellervo.fi\/","logo":{"@type":"ImageObject","inLanguage":"sv-SE","@id":"https:\/\/pellervo.fi\/#\/schema\/logo\/image\/","url":"https:\/\/pellervo.fi\/wp-content\/uploads\/2020\/05\/Pellervo_logo.png","contentUrl":"https:\/\/pellervo.fi\/wp-content\/uploads\/2020\/05\/Pellervo_logo.png","width":1335,"height":376,"caption":"Osuustoimintakeskus Pellervo ry"},"image":{"@id":"https:\/\/pellervo.fi\/#\/schema\/logo\/image\/"},"sameAs":["https:\/\/x.com\/PellervoFi"]}]}},"_links":{"self":[{"href":"https:\/\/pellervo.fi\/sv\/wp-json\/wp\/v2\/pages\/617254","targetHints":{"allow":["GET"]}}],"collection":[{"href":"https:\/\/pellervo.fi\/sv\/wp-json\/wp\/v2\/pages"}],"about":[{"href":"https:\/\/pellervo.fi\/sv\/wp-json\/wp\/v2\/types\/page"}],"author":[{"embeddable":true,"href":"https:\/\/pellervo.fi\/sv\/wp-json\/wp\/v2\/users\/5"}],"replies":[{"embeddable":true,"href":"https:\/\/pellervo.fi\/sv\/wp-json\/wp\/v2\/comments?post=617254"}],"version-history":[{"count":16,"href":"https:\/\/pellervo.fi\/sv\/wp-json\/wp\/v2\/pages\/617254\/revisions"}],"predecessor-version":[{"id":900964,"href":"https:\/\/pellervo.fi\/sv\/wp-json\/wp\/v2\/pages\/617254\/revisions\/900964"}],"up":[{"embeddable":true,"href":"https:\/\/pellervo.fi\/sv\/wp-json\/wp\/v2\/pages\/2069"}],"wp:attachment":[{"href":"https:\/\/pellervo.fi\/sv\/wp-json\/wp\/v2\/media?parent=617254"}],"curies":[{"name":"wp","href":"https:\/\/api.w.org\/{rel}","templated":true}]}}