{"id":617396,"date":"2017-02-13T14:00:02","date_gmt":"2017-02-13T12:00:02","guid":{"rendered":"http:\/\/pellervo.fi\/?page_id=617396"},"modified":"2025-11-18T10:45:47","modified_gmt":"2025-11-18T08:45:47","slug":"praktiska-atgarder-da-andelslaget-grundas","status":"publish","type":"page","link":"https:\/\/pellervo.fi\/sv\/grunda-ett-andelslag\/praktiska-atgarder-da-andelslaget-grundas\/","title":{"rendered":"Praktiska \u00e5tg\u00e4rder d\u00e5 andelslaget grundas"},"content":{"rendered":"<h1>Praktiska \u00e5tg\u00e4rder d\u00e5 andelslaget grundas<\/h1>\n<h2>V\u00e4lj f\u00f6rst firma f\u00f6r andelslaget<\/h2>\n<p>I god tid innan andelslagets stiftelsehandlingar uppg\u00f6rs, m\u00e5ste man v\u00e4lja firma f\u00f6r andelslaget. Firma betyder kort och gott andelslagets namn. Firman ska identifiera andelslaget och tydligt skilja sig fr\u00e5n alla andra redan registrerade firmor. D\u00e5 man funderar p\u00e5 namn \u00e5t andelslaget l\u00f6nar det sig att kolla registret \u00f6ver registrerade firmor. Det sker l\u00e4mpligast via YTJ (https:\/\/www.ytj.fi\/svenska\/) eller Virre\u00a0 (<a href=\"https:\/\/virre.prh.fi\/\" target=\"_blank\" rel=\"noopener noreferrer\">https:\/\/virre.prh.fi<\/a> ).<\/p>\n<p>Enligt firmalagen ska i ett andelslags firma f\u00f6rekomma ordet &#8221;andelslag&#8221;, sammans\u00e4ttningsleden &#8221;andels&#8221; eller f\u00f6rkortningen &#8221;anl&#8221;. I ett andelslags finskspr\u00e5kiga namn ska p\u00e5 motsvarande s\u00e4tt finnas ordet &#8221;osuuskunta&#8221;, sammans\u00e4ttningsleden &#8221;osuus&#8221; eller f\u00f6rkortningen &#8221;osk&#8221;.<br \/>\nFirman registreras som antingen finsk- eller svenskspr\u00e5kig. Om andelslaget har f\u00f6r avsikt att anv\u00e4nda sin firma p\u00e5 tv\u00e5 eller flera spr\u00e5k, ska varje spr\u00e5kform n\u00e4mnas i stadgarna.<\/p>\n<p>Andelslaget kan ut\u00f6va en del av sin verksamhet under bifirma. Bifirman kan tas i bruk genom styrelsens beslut. N\u00e4r en bifirma meddelas till handelsregistret, ska samtidigt den del av verksamhetsomr\u00e5det meddelas, som bifirman ut\u00f6var. F\u00f6r varje bifirma, som registreras i handelsregistret, betalas en separat behandlingsavgift.<\/p>\n<p>Om man vill registrera en bi- eller parallellfirma f\u00f6r andelslaget, ska man minnas att meddela dessa p\u00e5 handelsregistrets anm\u00e4lningsblankett, \u00e4ven om styrelsens beslut om till exempel tagande av bifirma finns separat bifogat.<\/p>\n<p>Man kan inte i f\u00f6rv\u00e4g vara s\u00e4ker p\u00e5 att en viss bifirma kan registreras. F\u00f6r att spara tid kan man vid inl\u00e4mnandet av etableringsanm\u00e4lan be om att olika namnalternativ unders\u00f6ks. Man kan ge h\u00f6gst tre alternativ. Namnen unders\u00f6ks endast om den ursprungliga firman inte kan registreras. Den \u00e4r inte v\u00e4rt att trycka firman p\u00e5 blanketter, skyltar o.s.v. innan firman inf\u00f6rts i handelsregistret.<\/p>\n<h2>Att grunda ett andelslag<\/h2>\n<p>Ett andelslag grundas genom ett skriftligt avtal mellan grundarna om andelslagsbildning. Avtalet om andelslagsbildning undertecknas av andelslagets grundare, som d\u00e4rmed \u00e4ven blir medlemmar i andelslaget. Efter lag\u00e4ndringen, som g\u00e4ller fr\u00e5n \u00e5r 2014 r\u00e4cker det med en grundare, mot tidigare tre. Medlemmarna kan vara naturliga eller juridiska personer (till exempel f\u00f6retag). En grundare kan ocks\u00e5 vara utl\u00e4nning. D\u00e4remot kan en person, som icke \u00e4r myndig eller som st\u00e5r i konkurs, inte vara grundare.<\/p>\n<p>Ett blivande andelslag \u00e4r skyldigt att l\u00e4mna in en etableringsanm\u00e4lan till handelsregistret . R\u00e5d f\u00f6r grundande av andelslag ges av S\u00e4llskapet Pellervo, nyf\u00f6retagscentralerna och ProAgria runt om i landet.\u00a0 Dessutom kan du fr\u00e5ga om r\u00e5d och erfarenheter av andra andelslag i omr\u00e5det.<br \/>\nTelefonnumret till Handelsregistrets r\u00e5dgivning \u00e4r 029\u00a0509 5900.<\/p>\n<h3>AVTAL OM ANDELSLAGSBILDNINGEN<\/h3>\n<p>I avtalet om andelslagsbildningen uttrycker grundarna sin vilja att grunda andelslaget. Enligt lagen (AndL 2:2) b\u00f6r avtalet inneh\u00e5lla minst f\u00f6ljande:<\/p>\n<p>1) datum f\u00f6r avtalet,<br \/>\n2) alla stiftande medlemmar och de andelar som var och en tecknar,<br \/>\n3) det belopp som ska betalas till andelslaget f\u00f6r varje andel (<em>teckningspris<\/em>),<br \/>\n4) n\u00e4r andelen ska betalas, och<br \/>\n5) andelslagets styrelseledam\u00f6ter.<\/p>\n<p>Andelslagets stadgar skall tas in i eller fogas till avtalet om andelslagsbildning. R\u00e4kenskapsperioden ska anges i avtalet eller stadgarna.<\/p>\n<p>Andelslagets verkst\u00e4llande direkt\u00f6r, ledam\u00f6ter i f\u00f6rvaltningsr\u00e5det, revisorer och verksamhetsgranskare ska n\u00e4mnas i avtalet om andelslagsbildning, om andelslaget har ett s\u00e5dant organ. Om ocks\u00e5 aktier emitteras, ska dessutom de uppgifter som avses i 1 mom. n\u00e4mnas i fr\u00e5ga om aktierna och aktietecknarna. Ordf\u00f6randen f\u00f6r styrelsen och ordf\u00f6randen f\u00f6r f\u00f6rvaltningsr\u00e5det kan utses i avtalet om andelslagsbildning.<\/p>\n<p>Man skall uppg\u00f6ra avtalet om andelslagsbildningen i flera originalexemplar. Ett original skall ing\u00e5 som bilaga till etableringsanm\u00e4lan. Ett original skall ing\u00e5 i andelslagets arkiv.<\/p>\n<h2>Etableringsanm\u00e4lan till handelsregistret<\/h2>\n<p>Det blivande andelslaget m\u00e5ste l\u00e4mna in etableringsanm\u00e4lan inklusive det undertecknade och daterade avtalet om andelslagsbildning f\u00f6r registrering inom tre m\u00e5nader efter underskriften. Annars f\u00f6rfaller grundandet av andelslaget. Anm\u00e4lan sker p\u00e5 blankett Y1 och samtliga blanketter f\u00e5r p\u00e5 n\u00e4tet fr\u00e5n adress <a href=\"https:\/\/www.prh.fi\/sv\/kaupparekisteri\/muutyritysmuodot.html\">https:\/\/www.prh.fi\/sv\/kaupparekisteri\/muutyritysmuodot.html<\/a>.<\/p>\n<p>De ordinarie ledam\u00f6terna i andelslagets styrelse ansvarar f\u00f6r att etableringsanm\u00e4lan l\u00e4mnas in. Ifall den under tecknas av en som har fullmakt b\u00f6r originalet av fullmakten ocks\u00e5 bifogas.<\/p>\n<p>Blanketterna Y1 + Bilaga 2 och personuppgiftsblanketten inl\u00e4mnas i original och med dessa bifogas:<\/p>\n<ul>\n<li>avtalet om andelslagsbildningen i original<\/li>\n<li>andelslagets stadgar<\/li>\n<li>protokoll \u00f6ver valet av styrelsens ordf\u00f6rande (kan ocks\u00e5 ing\u00e5 i avtalet om andelslagsbildningen)<\/li>\n<li>kvitto eller kontoutdrag eller dylikt som bevis f\u00f6r att alla behandlingsavgifter \u00e4r betalda.<\/li>\n<\/ul>\n<p>Med etableringsanm\u00e4lan bifogas ocks\u00e5 styrelsens (och verkst\u00e4llande direkt\u00f6rens, ifall andelslaget skall ha en s\u00e5dan) f\u00f6rs\u00e4kran om att man f\u00f6ljt lagen om andelslag vid grundandet. Denna ges p\u00e5 bilaga 2, som f\u00e5s fr\u00e5n internetsidan ovan, eller p\u00e5 en separat bilaga.<\/p>\n<p>Etableringsanm\u00e4lan med bilagor kan s\u00e4ndas per post till Patent och registerstyrelsen eller s\u00e5 kan den l\u00e4mnas in till dess kundservice, till magistraten, till ELY-centralen (p\u00e5 svenska \u00e4ven NTM-centralen) \u00a0eller till skattemyndigheternas servicepunkter.<\/p>\n<p>G\u00e4llande priser finner man p\u00e5 Patent- och registerstyrelsens sidor (<a href=\"https:\/\/www.prh.fi\/sv\/foretagochsammanslutningar\/startaforetag\/andelslag.html\" target=\"_blank\" rel=\"noopener noreferrer\">https:\/\/www.prh.fi\/sv\/foretagochsammanslutningar\/startaforetag\/andelslag.html<\/a>).<\/p>\n<p>Det l\u00f6nar sig att arkivera kopior av alla handlingar p\u00e5 andelslaget.<\/p>\n<h2>Grundanm\u00e4lan till skattemyndigheterna<\/h2>\n<p>Ett andelslag \u00e4r ett bokf\u00f6rings- och skattepliktigt f\u00f6retag. Anm\u00e4lan om att det b\u00f6rjar sin handelsverksamhet ska g\u00f6ras till skattemyndigheterna.<\/p>\n<p>Ett andelslag g\u00f6r anm\u00e4lan p\u00e5 grundanm\u00e4lningsblankett Y1. Samma anm\u00e4lningsblankett anv\u00e4nds f\u00f6r anm\u00e4lan till s\u00e5v\u00e4l Patent- och registerstyrelsens handelsregister som till skattemyndigheternas register. Skattemyndigheternas register som h\u00e4r avses \u00e4r f\u00f6rskottsuppb\u00f6rdsregistret, arbetsgivarregistret och registret \u00f6ver merv\u00e4rdesskattepliktiga. I samma sammanhang ska uppgifter om uppskattad oms\u00e4ttning och skattepliktig inkomst ges, som beh\u00f6vs f\u00f6r best\u00e4mning av skattef\u00f6rskott.<\/p>\n<p>F\u00f6r utbetalning av l\u00f6ner m\u00e5ste man anm\u00e4la sig som registrerad arbetsgivare, ifall l\u00f6n kommer att betalas till minst tv\u00e5 arbetstagare i ett \u00e5rs tid utan avbrott eller om man har minst sex personer, som utf\u00f6r snuttjobb f\u00f6r andelslaget.<\/p>\n<p>I f\u00f6rskottsuppb\u00f6rdsregistret upptecknas bl.a. andelslag, som ut\u00f6var n\u00e4ringsverksamhet. N\u00e4r en f\u00f6retagare (andelslaget) tillh\u00f6r f\u00f6rskottsuppb\u00f6rdsregisteret finns detta registrerat p\u00e5 Patent- och registerstyrelsens samt Skattef\u00f6rvaltningens gemensamma f\u00f6retagsdatasystem (https:\/\/www.ytj.fi\/svenska\/).\u00a0 Information f\u00e5s ocks\u00e5 fr\u00e5n skattef\u00f6rvaltningens servicenummer <strong>020\u00a0697\u00a0030.<\/strong><\/p>\n<p>S\u00e5 snart etableringsanm\u00e4lan anl\u00e4nt till Patent- och registerstyrelsen, ELY-centralen, magistraten \u00a0eller skattebyr\u00e5n registreras f\u00f6retaget i samfundsregistret och f\u00e5r ett FO-nummer. Numret ska anv\u00e4ndas i skatte\u00e4renden. FO-numret ska ocks\u00e5 finnas p\u00e5 f\u00f6retagets brev och blanketter (bl.a. best\u00e4llnings-, offert- och fakturablanketter).<\/p>\n<h2>N\u00e4ringstillst\u00e5nd<\/h2>\n<p>Vissa n\u00e4ringar kr\u00e4ver tillst\u00e5nd av vederb\u00f6rlig myndighet. I de h\u00e4r n\u00e4ringarna finns det i regel risker av n\u00e5got slag s\u00e5som s\u00e4kerhets-, h\u00e4lso- eller ekonomiska risker. F\u00f6retag som arbetar i med de h\u00e4r n\u00e4ringarna beh\u00f6ver f\u00f6rutom registrering i handelsregistret ett tillst\u00e5nd eller koncession att ut\u00f6va sin verksamhet. Vanligen beviljas tillst\u00e5ndet av det regionf\u00f6rvaltningsverk, som ansvarar f\u00f6r den region d\u00e4r f\u00f6retagets har sin hemort. I vissa fall beviljas det dock av n\u00e5gon annan myndighet s\u00e5som Ely-centralen, polisen eller kommunen. Om andelslaget handskas med livsmedel i en lokal, ska man innan verksamheten b\u00f6rjar g\u00f6ra en skriftlig anm\u00e4lan till den kommunala \u00f6vervakningsmyndigheten i h\u00e4lsoskyddsfr\u00e5gor.<\/p>\n<p>Kontakta regionf\u00f6rvaltningsverket p\u00e5 f\u00f6retagets hemort f\u00f6r noggrannare information:<\/p>\n<h2>Regionf\u00f6rvaltningsverken i Finland:<\/h2>\n<p>RFV i S\u00f6dra Finland, telefonv\u00e4xel: 0295 016\u00a0000<br \/>\nRFV i \u00d6stra Finland, telefonv\u00e4xel: 0295 016\u00a0800<br \/>\nRFV i Syd-V\u00e4stra Finland, telefonv\u00e4xel: 0295 018\u00a0000<br \/>\nRFV i V\u00e4stra och Inre Finland, telefonv\u00e4xel: 0295 018\u00a0450<br \/>\nRFV i Norra Finland, telefonv\u00e4xel: 0295 017\u00a0500<br \/>\nRFV i Lappland, telefonv\u00e4xel: 0295 017\u00a0300<br \/>\nRFV i Lappland, telefonv\u00e4xel: 0295 017\u00a0300<\/p>\n","protected":false},"excerpt":{"rendered":"<p>Praktiska \u00e5tg\u00e4rder d\u00e5 andelslaget grundas V\u00e4lj f\u00f6rst firma f\u00f6r andelslaget I god tid innan andelslagets stiftelsehandlingar uppg\u00f6rs, m\u00e5ste man v\u00e4lja firma f\u00f6r andelslaget. Firma betyder kort och gott andelslagets namn. Firman ska identifiera andelslaget och tydligt skilja sig fr\u00e5n alla andra redan registrerade firmor. D\u00e5 man funderar p\u00e5 namn \u00e5t andelslaget l\u00f6nar det sig att<\/p>\n","protected":false},"author":5,"featured_media":618359,"parent":613854,"menu_order":0,"comment_status":"closed","ping_status":"closed","template":"","meta":{"inline_featured_image":false,"_monsterinsights_skip_tracking":false,"_monsterinsights_sitenote_active":false,"_monsterinsights_sitenote_note":"","_monsterinsights_sitenote_category":0,"site-sidebar-layout":"default","site-content-layout":"default","ast-site-content-layout":"default","site-content-style":"default","site-sidebar-style":"default","ast-global-header-display":"","ast-banner-title-visibility":"","ast-main-header-display":"","ast-hfb-above-header-display":"","ast-hfb-below-header-display":"","ast-hfb-mobile-header-display":"","site-post-title":"","ast-breadcrumbs-content":"","ast-featured-img":"","footer-sml-layout":"","ast-disable-related-posts":"","theme-transparent-header-meta":"default","adv-header-id-meta":"","stick-header-meta":"","header-above-stick-meta":"","header-main-stick-meta":"","header-below-stick-meta":"","astra-migrate-meta-layouts":"set","ast-page-background-enabled":"default","ast-page-background-meta":{"desktop":{"background-color":"","background-image":"","background-repeat":"repeat","background-position":"center center","background-size":"auto","background-attachment":"scroll","background-type":"","background-media":"","overlay-type":"","overlay-color":"","overlay-opacity":"","overlay-gradient":""},"tablet":{"background-color":"","background-image":"","background-repeat":"repeat","background-position":"center center","background-size":"auto","background-attachment":"scroll","background-type":"","background-media":"","overlay-type":"","overlay-color":"","overlay-opacity":"","overlay-gradient":""},"mobile":{"background-color":"","background-image":"","background-repeat":"repeat","background-position":"center center","background-size":"auto","background-attachment":"scroll","background-type":"","background-media":"","overlay-type":"","overlay-color":"","overlay-opacity":"","overlay-gradient":""}},"ast-content-background-meta":{"desktop":{"background-color":"var(--ast-global-color-5)","background-image":"","background-repeat":"repeat","background-position":"center center","background-size":"auto","background-attachment":"scroll","background-type":"","background-media":"","overlay-type":"","overlay-color":"","overlay-opacity":"","overlay-gradient":""},"tablet":{"background-color":"var(--ast-global-color-5)","background-image":"","background-repeat":"repeat","background-position":"center center","background-size":"auto","background-attachment":"scroll","background-type":"","background-media":"","overlay-type":"","overlay-color":"","overlay-opacity":"","overlay-gradient":""},"mobile":{"background-color":"var(--ast-global-color-5)","background-image":"","background-repeat":"repeat","background-position":"center center","background-size":"auto","background-attachment":"scroll","background-type":"","background-media":"","overlay-type":"","overlay-color":"","overlay-opacity":"","overlay-gradient":""}},"_FSMCFIC_featured_image_caption":"","_FSMCFIC_featured_image_nocaption":"","_FSMCFIC_featured_image_hide":"","footnotes":""},"class_list":["post-617396","page","type-page","status-publish","has-post-thumbnail","hentry"],"yoast_head":"<!-- This site is optimized with the Yoast SEO plugin v27.4 - https:\/\/yoast.com\/product\/yoast-seo-wordpress\/ -->\n<title>Praktiska \u00e5tg\u00e4rder d\u00e5 andelslaget grundas - Pellervo<\/title>\n<meta name=\"robots\" content=\"index, follow, max-snippet:-1, max-image-preview:large, max-video-preview:-1\" \/>\n<link rel=\"canonical\" href=\"https:\/\/pellervo.fi\/sv\/grunda-ett-andelslag\/praktiska-atgarder-da-andelslaget-grundas\/\" \/>\n<meta property=\"og:locale\" content=\"sv_SE\" \/>\n<meta property=\"og:type\" content=\"article\" \/>\n<meta property=\"og:title\" content=\"Praktiska \u00e5tg\u00e4rder d\u00e5 andelslaget grundas - Pellervo\" \/>\n<meta property=\"og:description\" content=\"Praktiska \u00e5tg\u00e4rder d\u00e5 andelslaget grundas V\u00e4lj f\u00f6rst firma f\u00f6r andelslaget I god tid innan andelslagets stiftelsehandlingar uppg\u00f6rs, m\u00e5ste man v\u00e4lja firma f\u00f6r andelslaget. Firma betyder kort och gott andelslagets namn. Firman ska identifiera andelslaget och tydligt skilja sig fr\u00e5n alla andra redan registrerade firmor. D\u00e5 man funderar p\u00e5 namn \u00e5t andelslaget l\u00f6nar det sig att\" \/>\n<meta property=\"og:url\" content=\"https:\/\/pellervo.fi\/sv\/grunda-ett-andelslag\/praktiska-atgarder-da-andelslaget-grundas\/\" \/>\n<meta property=\"og:site_name\" content=\"Pellervo\" \/>\n<meta property=\"article:modified_time\" content=\"2025-11-18T08:45:47+00:00\" \/>\n<meta property=\"og:image\" content=\"https:\/\/pellervo.fi\/wp-content\/uploads\/2017\/02\/tools.jpg\" \/>\n\t<meta property=\"og:image:width\" content=\"700\" \/>\n\t<meta property=\"og:image:height\" content=\"568\" \/>\n\t<meta property=\"og:image:type\" content=\"image\/jpeg\" \/>\n<meta name=\"twitter:card\" content=\"summary_large_image\" \/>\n<meta name=\"twitter:site\" content=\"@PellervoFi\" \/>\n<meta name=\"twitter:label1\" content=\"Ber\u00e4knad l\u00e4stid\" \/>\n\t<meta name=\"twitter:data1\" content=\"8 minuter\" \/>\n<script type=\"application\/ld+json\" class=\"yoast-schema-graph\">{\"@context\":\"https:\\\/\\\/schema.org\",\"@graph\":[{\"@type\":\"WebPage\",\"@id\":\"https:\\\/\\\/pellervo.fi\\\/sv\\\/grunda-ett-andelslag\\\/praktiska-atgarder-da-andelslaget-grundas\\\/\",\"url\":\"https:\\\/\\\/pellervo.fi\\\/sv\\\/grunda-ett-andelslag\\\/praktiska-atgarder-da-andelslaget-grundas\\\/\",\"name\":\"Praktiska \u00e5tg\u00e4rder d\u00e5 andelslaget grundas - Pellervo\",\"isPartOf\":{\"@id\":\"https:\\\/\\\/pellervo.fi\\\/#website\"},\"primaryImageOfPage\":{\"@id\":\"https:\\\/\\\/pellervo.fi\\\/sv\\\/grunda-ett-andelslag\\\/praktiska-atgarder-da-andelslaget-grundas\\\/#primaryimage\"},\"image\":{\"@id\":\"https:\\\/\\\/pellervo.fi\\\/sv\\\/grunda-ett-andelslag\\\/praktiska-atgarder-da-andelslaget-grundas\\\/#primaryimage\"},\"thumbnailUrl\":\"https:\\\/\\\/pellervo.fi\\\/wp-content\\\/uploads\\\/2017\\\/02\\\/tools.jpg\",\"datePublished\":\"2017-02-13T12:00:02+00:00\",\"dateModified\":\"2025-11-18T08:45:47+00:00\",\"breadcrumb\":{\"@id\":\"https:\\\/\\\/pellervo.fi\\\/sv\\\/grunda-ett-andelslag\\\/praktiska-atgarder-da-andelslaget-grundas\\\/#breadcrumb\"},\"inLanguage\":\"sv-SE\",\"potentialAction\":[{\"@type\":\"ReadAction\",\"target\":[\"https:\\\/\\\/pellervo.fi\\\/sv\\\/grunda-ett-andelslag\\\/praktiska-atgarder-da-andelslaget-grundas\\\/\"]}]},{\"@type\":\"ImageObject\",\"inLanguage\":\"sv-SE\",\"@id\":\"https:\\\/\\\/pellervo.fi\\\/sv\\\/grunda-ett-andelslag\\\/praktiska-atgarder-da-andelslaget-grundas\\\/#primaryimage\",\"url\":\"https:\\\/\\\/pellervo.fi\\\/wp-content\\\/uploads\\\/2017\\\/02\\\/tools.jpg\",\"contentUrl\":\"https:\\\/\\\/pellervo.fi\\\/wp-content\\\/uploads\\\/2017\\\/02\\\/tools.jpg\",\"width\":700,\"height\":568},{\"@type\":\"BreadcrumbList\",\"@id\":\"https:\\\/\\\/pellervo.fi\\\/sv\\\/grunda-ett-andelslag\\\/praktiska-atgarder-da-andelslaget-grundas\\\/#breadcrumb\",\"itemListElement\":[{\"@type\":\"ListItem\",\"position\":1,\"name\":\"Koti\",\"item\":\"https:\\\/\\\/pellervo.fi\\\/sv\\\/\"},{\"@type\":\"ListItem\",\"position\":2,\"name\":\"Grunda ett andelslag\",\"item\":\"https:\\\/\\\/pellervo.fi\\\/sv\\\/grunda-ett-andelslag\\\/\"},{\"@type\":\"ListItem\",\"position\":3,\"name\":\"Praktiska \u00e5tg\u00e4rder d\u00e5 andelslaget grundas\"}]},{\"@type\":\"WebSite\",\"@id\":\"https:\\\/\\\/pellervo.fi\\\/#website\",\"url\":\"https:\\\/\\\/pellervo.fi\\\/\",\"name\":\"Pellervo\",\"description\":\"Osuuskuntien keskusj\u00e4rjest\u00f6\",\"publisher\":{\"@id\":\"https:\\\/\\\/pellervo.fi\\\/#organization\"},\"potentialAction\":[{\"@type\":\"SearchAction\",\"target\":{\"@type\":\"EntryPoint\",\"urlTemplate\":\"https:\\\/\\\/pellervo.fi\\\/?s={search_term_string}\"},\"query-input\":{\"@type\":\"PropertyValueSpecification\",\"valueRequired\":true,\"valueName\":\"search_term_string\"}}],\"inLanguage\":\"sv-SE\"},{\"@type\":\"Organization\",\"@id\":\"https:\\\/\\\/pellervo.fi\\\/#organization\",\"name\":\"Osuustoimintakeskus Pellervo ry\",\"url\":\"https:\\\/\\\/pellervo.fi\\\/\",\"logo\":{\"@type\":\"ImageObject\",\"inLanguage\":\"sv-SE\",\"@id\":\"https:\\\/\\\/pellervo.fi\\\/#\\\/schema\\\/logo\\\/image\\\/\",\"url\":\"https:\\\/\\\/pellervo.fi\\\/wp-content\\\/uploads\\\/2020\\\/05\\\/Pellervo_logo.png\",\"contentUrl\":\"https:\\\/\\\/pellervo.fi\\\/wp-content\\\/uploads\\\/2020\\\/05\\\/Pellervo_logo.png\",\"width\":1335,\"height\":376,\"caption\":\"Osuustoimintakeskus Pellervo ry\"},\"image\":{\"@id\":\"https:\\\/\\\/pellervo.fi\\\/#\\\/schema\\\/logo\\\/image\\\/\"},\"sameAs\":[\"https:\\\/\\\/x.com\\\/PellervoFi\"]}]}<\/script>\n<!-- \/ Yoast SEO plugin. -->","yoast_head_json":{"title":"Praktiska \u00e5tg\u00e4rder d\u00e5 andelslaget grundas - Pellervo","robots":{"index":"index","follow":"follow","max-snippet":"max-snippet:-1","max-image-preview":"max-image-preview:large","max-video-preview":"max-video-preview:-1"},"canonical":"https:\/\/pellervo.fi\/sv\/grunda-ett-andelslag\/praktiska-atgarder-da-andelslaget-grundas\/","og_locale":"sv_SE","og_type":"article","og_title":"Praktiska \u00e5tg\u00e4rder d\u00e5 andelslaget grundas - Pellervo","og_description":"Praktiska \u00e5tg\u00e4rder d\u00e5 andelslaget grundas V\u00e4lj f\u00f6rst firma f\u00f6r andelslaget I god tid innan andelslagets stiftelsehandlingar uppg\u00f6rs, m\u00e5ste man v\u00e4lja firma f\u00f6r andelslaget. Firma betyder kort och gott andelslagets namn. Firman ska identifiera andelslaget och tydligt skilja sig fr\u00e5n alla andra redan registrerade firmor. D\u00e5 man funderar p\u00e5 namn \u00e5t andelslaget l\u00f6nar det sig att","og_url":"https:\/\/pellervo.fi\/sv\/grunda-ett-andelslag\/praktiska-atgarder-da-andelslaget-grundas\/","og_site_name":"Pellervo","article_modified_time":"2025-11-18T08:45:47+00:00","og_image":[{"width":700,"height":568,"url":"https:\/\/pellervo.fi\/wp-content\/uploads\/2017\/02\/tools.jpg","type":"image\/jpeg"}],"twitter_card":"summary_large_image","twitter_site":"@PellervoFi","twitter_misc":{"Ber\u00e4knad l\u00e4stid":"8 minuter"},"schema":{"@context":"https:\/\/schema.org","@graph":[{"@type":"WebPage","@id":"https:\/\/pellervo.fi\/sv\/grunda-ett-andelslag\/praktiska-atgarder-da-andelslaget-grundas\/","url":"https:\/\/pellervo.fi\/sv\/grunda-ett-andelslag\/praktiska-atgarder-da-andelslaget-grundas\/","name":"Praktiska \u00e5tg\u00e4rder d\u00e5 andelslaget grundas - Pellervo","isPartOf":{"@id":"https:\/\/pellervo.fi\/#website"},"primaryImageOfPage":{"@id":"https:\/\/pellervo.fi\/sv\/grunda-ett-andelslag\/praktiska-atgarder-da-andelslaget-grundas\/#primaryimage"},"image":{"@id":"https:\/\/pellervo.fi\/sv\/grunda-ett-andelslag\/praktiska-atgarder-da-andelslaget-grundas\/#primaryimage"},"thumbnailUrl":"https:\/\/pellervo.fi\/wp-content\/uploads\/2017\/02\/tools.jpg","datePublished":"2017-02-13T12:00:02+00:00","dateModified":"2025-11-18T08:45:47+00:00","breadcrumb":{"@id":"https:\/\/pellervo.fi\/sv\/grunda-ett-andelslag\/praktiska-atgarder-da-andelslaget-grundas\/#breadcrumb"},"inLanguage":"sv-SE","potentialAction":[{"@type":"ReadAction","target":["https:\/\/pellervo.fi\/sv\/grunda-ett-andelslag\/praktiska-atgarder-da-andelslaget-grundas\/"]}]},{"@type":"ImageObject","inLanguage":"sv-SE","@id":"https:\/\/pellervo.fi\/sv\/grunda-ett-andelslag\/praktiska-atgarder-da-andelslaget-grundas\/#primaryimage","url":"https:\/\/pellervo.fi\/wp-content\/uploads\/2017\/02\/tools.jpg","contentUrl":"https:\/\/pellervo.fi\/wp-content\/uploads\/2017\/02\/tools.jpg","width":700,"height":568},{"@type":"BreadcrumbList","@id":"https:\/\/pellervo.fi\/sv\/grunda-ett-andelslag\/praktiska-atgarder-da-andelslaget-grundas\/#breadcrumb","itemListElement":[{"@type":"ListItem","position":1,"name":"Koti","item":"https:\/\/pellervo.fi\/sv\/"},{"@type":"ListItem","position":2,"name":"Grunda ett andelslag","item":"https:\/\/pellervo.fi\/sv\/grunda-ett-andelslag\/"},{"@type":"ListItem","position":3,"name":"Praktiska \u00e5tg\u00e4rder d\u00e5 andelslaget grundas"}]},{"@type":"WebSite","@id":"https:\/\/pellervo.fi\/#website","url":"https:\/\/pellervo.fi\/","name":"Pellervo","description":"Osuuskuntien keskusj\u00e4rjest\u00f6","publisher":{"@id":"https:\/\/pellervo.fi\/#organization"},"potentialAction":[{"@type":"SearchAction","target":{"@type":"EntryPoint","urlTemplate":"https:\/\/pellervo.fi\/?s={search_term_string}"},"query-input":{"@type":"PropertyValueSpecification","valueRequired":true,"valueName":"search_term_string"}}],"inLanguage":"sv-SE"},{"@type":"Organization","@id":"https:\/\/pellervo.fi\/#organization","name":"Osuustoimintakeskus Pellervo ry","url":"https:\/\/pellervo.fi\/","logo":{"@type":"ImageObject","inLanguage":"sv-SE","@id":"https:\/\/pellervo.fi\/#\/schema\/logo\/image\/","url":"https:\/\/pellervo.fi\/wp-content\/uploads\/2020\/05\/Pellervo_logo.png","contentUrl":"https:\/\/pellervo.fi\/wp-content\/uploads\/2020\/05\/Pellervo_logo.png","width":1335,"height":376,"caption":"Osuustoimintakeskus Pellervo ry"},"image":{"@id":"https:\/\/pellervo.fi\/#\/schema\/logo\/image\/"},"sameAs":["https:\/\/x.com\/PellervoFi"]}]}},"_links":{"self":[{"href":"https:\/\/pellervo.fi\/sv\/wp-json\/wp\/v2\/pages\/617396","targetHints":{"allow":["GET"]}}],"collection":[{"href":"https:\/\/pellervo.fi\/sv\/wp-json\/wp\/v2\/pages"}],"about":[{"href":"https:\/\/pellervo.fi\/sv\/wp-json\/wp\/v2\/types\/page"}],"author":[{"embeddable":true,"href":"https:\/\/pellervo.fi\/sv\/wp-json\/wp\/v2\/users\/5"}],"replies":[{"embeddable":true,"href":"https:\/\/pellervo.fi\/sv\/wp-json\/wp\/v2\/comments?post=617396"}],"version-history":[{"count":6,"href":"https:\/\/pellervo.fi\/sv\/wp-json\/wp\/v2\/pages\/617396\/revisions"}],"predecessor-version":[{"id":900609,"href":"https:\/\/pellervo.fi\/sv\/wp-json\/wp\/v2\/pages\/617396\/revisions\/900609"}],"up":[{"embeddable":true,"href":"https:\/\/pellervo.fi\/sv\/wp-json\/wp\/v2\/pages\/613854"}],"wp:featuredmedia":[{"embeddable":true,"href":"https:\/\/pellervo.fi\/sv\/wp-json\/wp\/v2\/media\/618359"}],"wp:attachment":[{"href":"https:\/\/pellervo.fi\/sv\/wp-json\/wp\/v2\/media?parent=617396"}],"curies":[{"name":"wp","href":"https:\/\/api.w.org\/{rel}","templated":true}]}}