{"id":889281,"date":"2021-01-08T10:38:59","date_gmt":"2021-01-08T08:38:59","guid":{"rendered":"https:\/\/pellervo.fi\/?page_id=889281"},"modified":"2021-02-25T16:47:18","modified_gmt":"2021-02-25T14:47:18","slug":"god-forvaltning-i-medlemsbaserade-organisationer","status":"publish","type":"page","link":"https:\/\/pellervo.fi\/sv\/god-forvaltning-i-medlemsbaserade-organisationer\/","title":{"rendered":"God f\u00f6rvaltning i medlemsbaserade organisationer"},"content":{"rendered":"\n\n\t<h3>God f\u00f6rvaltning i medlemsbaserade organisationer<\/h3>\n\t\n\t<p>God f\u00f6rvaltning \u00e4r aldrig gammalmodig. Oberoende av organisationsformen. Det finns \u00e4nd\u00e5 flera s\u00e4rdrag i medlemsbaserade organisationer &#8211; andelslag, \u00f6msesidiga f\u00f6rs\u00e4kringsbolag och f\u00f6reningar &#8211; som skiljer dessa organisationer fr\u00e5n andra. Medlemsbaserade organisationer \u00e4gs och styrs av sina medlemmar. Medlemmarna \u00e4r j\u00e4mst\u00e4llda enligt principen en medlem, en r\u00f6st. Styrning, kontroll och medlemsdemokrati hanteras genom speciella f\u00f6rvaltningsorgan som fullm\u00e4ktige och f\u00f6rvaltningsr\u00e5d.<\/p>\n<p>P\u00e5 grund av de ovann\u00e4mnda s\u00e4rdragen finns det ett speciellt behov av att betrakta f\u00f6rvaltningen i medlemsbaserade organisation. Den h\u00e4r guiden har uppst\u00e5tt av dessa behov. Boken har skrivits s\u00e5 att den p\u00e5 b\u00e4sta m\u00f6jliga s\u00e4tt ska hj\u00e4lpa f\u00f6rtroendevalda.<\/p>\n<p>Denna bok skulle inte ha kommit till utan ett bidrag av Stiftelsen Finlandssvenska Jordfonden. Varmt tack till stiftelsen f\u00f6r dess v\u00e4rdefulla st\u00f6d.<\/p>\n<p>Jag hoppas att guiden ska anv\u00e4ndas flitigt i medlemsbaserade organisationer, l\u00e4roanstalter och bland alla som p\u00e5 s\u00e4tt eller annat \u00e4r involverade inom andelsr\u00f6relsen, \u00f6msesidig f\u00f6rs\u00e4kringsverksamhet eller f\u00f6reningsv\u00e4rlden.<\/p>\n<p>Helsingfors den 18.12.2020.<\/p>\n\n\t<iframe loading=\"lazy\" title=\"God f\u00f6rvaltning i andelslag - Kari Huhtala\" width=\"500\" height=\"281\" src=\"https:\/\/www.youtube.com\/embed\/1VYtvk7sVzk?feature=oembed\" frameborder=\"0\" allow=\"accelerometer; autoplay; clipboard-write; encrypted-media; gyroscope; picture-in-picture\" allowfullscreen><\/iframe>\n\t<h3>God f\u00f6rvaltning i medlemsbaserade organisationer<\/h3>\n\t\n\n","protected":false},"excerpt":{"rendered":"<p>God f\u00f6rvaltning i medlemsbaserade organisationer God f\u00f6rvaltning \u00e4r aldrig gammalmodig. Oberoende av organisationsformen. Det finns \u00e4nd\u00e5 flera s\u00e4rdrag i medlemsbaserade organisationer &#8211; andelslag, \u00f6msesidiga f\u00f6rs\u00e4kringsbolag och f\u00f6reningar &#8211; som skiljer dessa organisationer fr\u00e5n andra. Medlemsbaserade organisationer \u00e4gs och styrs av sina medlemmar. Medlemmarna \u00e4r j\u00e4mst\u00e4llda enligt principen en medlem, en r\u00f6st. Styrning, kontroll och medlemsdemokrati<\/p>\n","protected":false},"author":5,"featured_media":889432,"parent":0,"menu_order":0,"comment_status":"closed","ping_status":"closed","template":"","meta":{"inline_featured_image":false,"_monsterinsights_skip_tracking":false,"_monsterinsights_sitenote_active":false,"_monsterinsights_sitenote_note":"","_monsterinsights_sitenote_category":0,"site-sidebar-layout":"default","site-content-layout":"default","ast-site-content-layout":"default","site-content-style":"default","site-sidebar-style":"default","ast-global-header-display":"","ast-banner-title-visibility":"","ast-main-header-display":"","ast-hfb-above-header-display":"","ast-hfb-below-header-display":"","ast-hfb-mobile-header-display":"","site-post-title":"","ast-breadcrumbs-content":"","ast-featured-img":"","footer-sml-layout":"","ast-disable-related-posts":"","theme-transparent-header-meta":"default","adv-header-id-meta":"","stick-header-meta":"","header-above-stick-meta":"","header-main-stick-meta":"","header-below-stick-meta":"","astra-migrate-meta-layouts":"default","ast-page-background-enabled":"default","ast-page-background-meta":{"desktop":{"background-color":"","background-image":"","background-repeat":"repeat","background-position":"center center","background-size":"auto","background-attachment":"scroll","background-type":"","background-media":"","overlay-type":"","overlay-color":"","overlay-opacity":"","overlay-gradient":""},"tablet":{"background-color":"","background-image":"","background-repeat":"repeat","background-position":"center center","background-size":"auto","background-attachment":"scroll","background-type":"","background-media":"","overlay-type":"","overlay-color":"","overlay-opacity":"","overlay-gradient":""},"mobile":{"background-color":"","background-image":"","background-repeat":"repeat","background-position":"center center","background-size":"auto","background-attachment":"scroll","background-type":"","background-media":"","overlay-type":"","overlay-color":"","overlay-opacity":"","overlay-gradient":""}},"ast-content-background-meta":{"desktop":{"background-color":"var(--ast-global-color-5)","background-image":"","background-repeat":"repeat","background-position":"center center","background-size":"auto","background-attachment":"scroll","background-type":"","background-media":"","overlay-type":"","overlay-color":"","overlay-opacity":"","overlay-gradient":""},"tablet":{"background-color":"var(--ast-global-color-5)","background-image":"","background-repeat":"repeat","background-position":"center center","background-size":"auto","background-attachment":"scroll","background-type":"","background-media":"","overlay-type":"","overlay-color":"","overlay-opacity":"","overlay-gradient":""},"mobile":{"background-color":"var(--ast-global-color-5)","background-image":"","background-repeat":"repeat","background-position":"center center","background-size":"auto","background-attachment":"scroll","background-type":"","background-media":"","overlay-type":"","overlay-color":"","overlay-opacity":"","overlay-gradient":""}},"_FSMCFIC_featured_image_caption":"","_FSMCFIC_featured_image_nocaption":"","_FSMCFIC_featured_image_hide":"","footnotes":""},"class_list":["post-889281","page","type-page","status-publish","has-post-thumbnail","hentry"],"yoast_head":"<!-- This site is optimized with the Yoast SEO plugin v27.4 - https:\/\/yoast.com\/product\/yoast-seo-wordpress\/ -->\n<title>God f\u00f6rvaltning i medlemsbaserade organisationer - Pellervo<\/title>\n<meta name=\"robots\" content=\"index, follow, max-snippet:-1, max-image-preview:large, max-video-preview:-1\" \/>\n<link rel=\"canonical\" href=\"https:\/\/pellervo.fi\/sv\/god-forvaltning-i-medlemsbaserade-organisationer\/\" \/>\n<meta property=\"og:locale\" content=\"sv_SE\" \/>\n<meta property=\"og:type\" content=\"article\" \/>\n<meta property=\"og:title\" content=\"God f\u00f6rvaltning i medlemsbaserade organisationer - Pellervo\" \/>\n<meta property=\"og:description\" content=\"God f\u00f6rvaltning i medlemsbaserade organisationer God f\u00f6rvaltning \u00e4r aldrig gammalmodig. Oberoende av organisationsformen. Det finns \u00e4nd\u00e5 flera s\u00e4rdrag i medlemsbaserade organisationer &#8211; andelslag, \u00f6msesidiga f\u00f6rs\u00e4kringsbolag och f\u00f6reningar &#8211; som skiljer dessa organisationer fr\u00e5n andra. Medlemsbaserade organisationer \u00e4gs och styrs av sina medlemmar. Medlemmarna \u00e4r j\u00e4mst\u00e4llda enligt principen en medlem, en r\u00f6st. Styrning, kontroll och medlemsdemokrati\" \/>\n<meta property=\"og:url\" content=\"https:\/\/pellervo.fi\/sv\/god-forvaltning-i-medlemsbaserade-organisationer\/\" \/>\n<meta property=\"og:site_name\" content=\"Pellervo\" \/>\n<meta property=\"article:modified_time\" content=\"2021-02-25T14:47:18+00:00\" \/>\n<meta property=\"og:image\" content=\"https:\/\/pellervo.fi\/wp-content\/uploads\/2021\/01\/saari.jpg\" \/>\n\t<meta property=\"og:image:width\" content=\"2000\" \/>\n\t<meta property=\"og:image:height\" content=\"523\" \/>\n\t<meta property=\"og:image:type\" content=\"image\/jpeg\" \/>\n<meta name=\"twitter:card\" content=\"summary_large_image\" \/>\n<meta name=\"twitter:site\" content=\"@PellervoFi\" \/>\n<meta name=\"twitter:label1\" content=\"Ber\u00e4knad l\u00e4stid\" \/>\n\t<meta name=\"twitter:data1\" content=\"1 minut\" \/>\n<script type=\"application\/ld+json\" class=\"yoast-schema-graph\">{\"@context\":\"https:\\\/\\\/schema.org\",\"@graph\":[{\"@type\":\"WebPage\",\"@id\":\"https:\\\/\\\/pellervo.fi\\\/sv\\\/god-forvaltning-i-medlemsbaserade-organisationer\\\/\",\"url\":\"https:\\\/\\\/pellervo.fi\\\/sv\\\/god-forvaltning-i-medlemsbaserade-organisationer\\\/\",\"name\":\"God f\u00f6rvaltning i medlemsbaserade organisationer - Pellervo\",\"isPartOf\":{\"@id\":\"https:\\\/\\\/pellervo.fi\\\/#website\"},\"primaryImageOfPage\":{\"@id\":\"https:\\\/\\\/pellervo.fi\\\/sv\\\/god-forvaltning-i-medlemsbaserade-organisationer\\\/#primaryimage\"},\"image\":{\"@id\":\"https:\\\/\\\/pellervo.fi\\\/sv\\\/god-forvaltning-i-medlemsbaserade-organisationer\\\/#primaryimage\"},\"thumbnailUrl\":\"https:\\\/\\\/pellervo.fi\\\/wp-content\\\/uploads\\\/2021\\\/01\\\/saari.jpg\",\"datePublished\":\"2021-01-08T08:38:59+00:00\",\"dateModified\":\"2021-02-25T14:47:18+00:00\",\"breadcrumb\":{\"@id\":\"https:\\\/\\\/pellervo.fi\\\/sv\\\/god-forvaltning-i-medlemsbaserade-organisationer\\\/#breadcrumb\"},\"inLanguage\":\"sv-SE\",\"potentialAction\":[{\"@type\":\"ReadAction\",\"target\":[\"https:\\\/\\\/pellervo.fi\\\/sv\\\/god-forvaltning-i-medlemsbaserade-organisationer\\\/\"]}]},{\"@type\":\"ImageObject\",\"inLanguage\":\"sv-SE\",\"@id\":\"https:\\\/\\\/pellervo.fi\\\/sv\\\/god-forvaltning-i-medlemsbaserade-organisationer\\\/#primaryimage\",\"url\":\"https:\\\/\\\/pellervo.fi\\\/wp-content\\\/uploads\\\/2021\\\/01\\\/saari.jpg\",\"contentUrl\":\"https:\\\/\\\/pellervo.fi\\\/wp-content\\\/uploads\\\/2021\\\/01\\\/saari.jpg\",\"width\":2000,\"height\":523},{\"@type\":\"BreadcrumbList\",\"@id\":\"https:\\\/\\\/pellervo.fi\\\/sv\\\/god-forvaltning-i-medlemsbaserade-organisationer\\\/#breadcrumb\",\"itemListElement\":[{\"@type\":\"ListItem\",\"position\":1,\"name\":\"Koti\",\"item\":\"https:\\\/\\\/pellervo.fi\\\/sv\\\/\"},{\"@type\":\"ListItem\",\"position\":2,\"name\":\"God f\u00f6rvaltning i medlemsbaserade organisationer\"}]},{\"@type\":\"WebSite\",\"@id\":\"https:\\\/\\\/pellervo.fi\\\/#website\",\"url\":\"https:\\\/\\\/pellervo.fi\\\/\",\"name\":\"Pellervo\",\"description\":\"Osuuskuntien keskusj\u00e4rjest\u00f6\",\"publisher\":{\"@id\":\"https:\\\/\\\/pellervo.fi\\\/#organization\"},\"potentialAction\":[{\"@type\":\"SearchAction\",\"target\":{\"@type\":\"EntryPoint\",\"urlTemplate\":\"https:\\\/\\\/pellervo.fi\\\/?s={search_term_string}\"},\"query-input\":{\"@type\":\"PropertyValueSpecification\",\"valueRequired\":true,\"valueName\":\"search_term_string\"}}],\"inLanguage\":\"sv-SE\"},{\"@type\":\"Organization\",\"@id\":\"https:\\\/\\\/pellervo.fi\\\/#organization\",\"name\":\"Osuustoimintakeskus Pellervo ry\",\"url\":\"https:\\\/\\\/pellervo.fi\\\/\",\"logo\":{\"@type\":\"ImageObject\",\"inLanguage\":\"sv-SE\",\"@id\":\"https:\\\/\\\/pellervo.fi\\\/#\\\/schema\\\/logo\\\/image\\\/\",\"url\":\"https:\\\/\\\/pellervo.fi\\\/wp-content\\\/uploads\\\/2020\\\/05\\\/Pellervo_logo.png\",\"contentUrl\":\"https:\\\/\\\/pellervo.fi\\\/wp-content\\\/uploads\\\/2020\\\/05\\\/Pellervo_logo.png\",\"width\":1335,\"height\":376,\"caption\":\"Osuustoimintakeskus Pellervo ry\"},\"image\":{\"@id\":\"https:\\\/\\\/pellervo.fi\\\/#\\\/schema\\\/logo\\\/image\\\/\"},\"sameAs\":[\"https:\\\/\\\/x.com\\\/PellervoFi\"]}]}<\/script>\n<!-- \/ Yoast SEO plugin. -->","yoast_head_json":{"title":"God f\u00f6rvaltning i medlemsbaserade organisationer - Pellervo","robots":{"index":"index","follow":"follow","max-snippet":"max-snippet:-1","max-image-preview":"max-image-preview:large","max-video-preview":"max-video-preview:-1"},"canonical":"https:\/\/pellervo.fi\/sv\/god-forvaltning-i-medlemsbaserade-organisationer\/","og_locale":"sv_SE","og_type":"article","og_title":"God f\u00f6rvaltning i medlemsbaserade organisationer - Pellervo","og_description":"God f\u00f6rvaltning i medlemsbaserade organisationer God f\u00f6rvaltning \u00e4r aldrig gammalmodig. Oberoende av organisationsformen. Det finns \u00e4nd\u00e5 flera s\u00e4rdrag i medlemsbaserade organisationer &#8211; andelslag, \u00f6msesidiga f\u00f6rs\u00e4kringsbolag och f\u00f6reningar &#8211; som skiljer dessa organisationer fr\u00e5n andra. Medlemsbaserade organisationer \u00e4gs och styrs av sina medlemmar. Medlemmarna \u00e4r j\u00e4mst\u00e4llda enligt principen en medlem, en r\u00f6st. Styrning, kontroll och medlemsdemokrati","og_url":"https:\/\/pellervo.fi\/sv\/god-forvaltning-i-medlemsbaserade-organisationer\/","og_site_name":"Pellervo","article_modified_time":"2021-02-25T14:47:18+00:00","og_image":[{"width":2000,"height":523,"url":"https:\/\/pellervo.fi\/wp-content\/uploads\/2021\/01\/saari.jpg","type":"image\/jpeg"}],"twitter_card":"summary_large_image","twitter_site":"@PellervoFi","twitter_misc":{"Ber\u00e4knad l\u00e4stid":"1 minut"},"schema":{"@context":"https:\/\/schema.org","@graph":[{"@type":"WebPage","@id":"https:\/\/pellervo.fi\/sv\/god-forvaltning-i-medlemsbaserade-organisationer\/","url":"https:\/\/pellervo.fi\/sv\/god-forvaltning-i-medlemsbaserade-organisationer\/","name":"God f\u00f6rvaltning i medlemsbaserade organisationer - Pellervo","isPartOf":{"@id":"https:\/\/pellervo.fi\/#website"},"primaryImageOfPage":{"@id":"https:\/\/pellervo.fi\/sv\/god-forvaltning-i-medlemsbaserade-organisationer\/#primaryimage"},"image":{"@id":"https:\/\/pellervo.fi\/sv\/god-forvaltning-i-medlemsbaserade-organisationer\/#primaryimage"},"thumbnailUrl":"https:\/\/pellervo.fi\/wp-content\/uploads\/2021\/01\/saari.jpg","datePublished":"2021-01-08T08:38:59+00:00","dateModified":"2021-02-25T14:47:18+00:00","breadcrumb":{"@id":"https:\/\/pellervo.fi\/sv\/god-forvaltning-i-medlemsbaserade-organisationer\/#breadcrumb"},"inLanguage":"sv-SE","potentialAction":[{"@type":"ReadAction","target":["https:\/\/pellervo.fi\/sv\/god-forvaltning-i-medlemsbaserade-organisationer\/"]}]},{"@type":"ImageObject","inLanguage":"sv-SE","@id":"https:\/\/pellervo.fi\/sv\/god-forvaltning-i-medlemsbaserade-organisationer\/#primaryimage","url":"https:\/\/pellervo.fi\/wp-content\/uploads\/2021\/01\/saari.jpg","contentUrl":"https:\/\/pellervo.fi\/wp-content\/uploads\/2021\/01\/saari.jpg","width":2000,"height":523},{"@type":"BreadcrumbList","@id":"https:\/\/pellervo.fi\/sv\/god-forvaltning-i-medlemsbaserade-organisationer\/#breadcrumb","itemListElement":[{"@type":"ListItem","position":1,"name":"Koti","item":"https:\/\/pellervo.fi\/sv\/"},{"@type":"ListItem","position":2,"name":"God f\u00f6rvaltning i medlemsbaserade organisationer"}]},{"@type":"WebSite","@id":"https:\/\/pellervo.fi\/#website","url":"https:\/\/pellervo.fi\/","name":"Pellervo","description":"Osuuskuntien keskusj\u00e4rjest\u00f6","publisher":{"@id":"https:\/\/pellervo.fi\/#organization"},"potentialAction":[{"@type":"SearchAction","target":{"@type":"EntryPoint","urlTemplate":"https:\/\/pellervo.fi\/?s={search_term_string}"},"query-input":{"@type":"PropertyValueSpecification","valueRequired":true,"valueName":"search_term_string"}}],"inLanguage":"sv-SE"},{"@type":"Organization","@id":"https:\/\/pellervo.fi\/#organization","name":"Osuustoimintakeskus Pellervo ry","url":"https:\/\/pellervo.fi\/","logo":{"@type":"ImageObject","inLanguage":"sv-SE","@id":"https:\/\/pellervo.fi\/#\/schema\/logo\/image\/","url":"https:\/\/pellervo.fi\/wp-content\/uploads\/2020\/05\/Pellervo_logo.png","contentUrl":"https:\/\/pellervo.fi\/wp-content\/uploads\/2020\/05\/Pellervo_logo.png","width":1335,"height":376,"caption":"Osuustoimintakeskus Pellervo ry"},"image":{"@id":"https:\/\/pellervo.fi\/#\/schema\/logo\/image\/"},"sameAs":["https:\/\/x.com\/PellervoFi"]}]}},"_links":{"self":[{"href":"https:\/\/pellervo.fi\/sv\/wp-json\/wp\/v2\/pages\/889281","targetHints":{"allow":["GET"]}}],"collection":[{"href":"https:\/\/pellervo.fi\/sv\/wp-json\/wp\/v2\/pages"}],"about":[{"href":"https:\/\/pellervo.fi\/sv\/wp-json\/wp\/v2\/types\/page"}],"author":[{"embeddable":true,"href":"https:\/\/pellervo.fi\/sv\/wp-json\/wp\/v2\/users\/5"}],"replies":[{"embeddable":true,"href":"https:\/\/pellervo.fi\/sv\/wp-json\/wp\/v2\/comments?post=889281"}],"version-history":[{"count":15,"href":"https:\/\/pellervo.fi\/sv\/wp-json\/wp\/v2\/pages\/889281\/revisions"}],"predecessor-version":[{"id":889922,"href":"https:\/\/pellervo.fi\/sv\/wp-json\/wp\/v2\/pages\/889281\/revisions\/889922"}],"wp:featuredmedia":[{"embeddable":true,"href":"https:\/\/pellervo.fi\/sv\/wp-json\/wp\/v2\/media\/889432"}],"wp:attachment":[{"href":"https:\/\/pellervo.fi\/sv\/wp-json\/wp\/v2\/media?parent=889281"}],"curies":[{"name":"wp","href":"https:\/\/api.w.org\/{rel}","templated":true}]}}