{"id":889288,"date":"2021-01-08T10:58:02","date_gmt":"2021-01-08T08:58:02","guid":{"rendered":"https:\/\/pellervo.fi\/?page_id=889288"},"modified":"2021-02-25T16:48:34","modified_gmt":"2021-02-25T14:48:34","slug":"inledning-vad-avses-med-god-forvaltning","status":"publish","type":"page","link":"https:\/\/pellervo.fi\/sv\/god-forvaltning-i-medlemsbaserade-organisationer\/inledning-vad-avses-med-god-forvaltning\/","title":{"rendered":"Inledning \u2013 vad avses med god f\u00f6rvaltning"},"content":{"rendered":"\n\n\t<h3>God f\u00f6rvaltning i medlemsbaserade organisationer<\/h3>\n\t\n\t<p>God f\u00f6rvaltning har diskuterats ur m\u00e5nga vinklar under de senaste decennierna. Inom f\u00f6retagsv\u00e4rlden b\u00f6rjade man f\u00e4sta s\u00e4rskild uppm\u00e4rksamhet vid god f\u00f6rvaltning under 1990-talet, d\u00e5 vi n\u00e5ddes av nyheter om oegentligheter bland f\u00f6retagsledare ute i v\u00e4rlden. D\u00e5 vaknade man till insikt om att f\u00f6retagsledningen m\u00e5ste \u00f6vervakas och att det beh\u00f6vs spelregler f\u00f6r \u00f6vervakningen. \u00d6vervakningsaspekten \u00e4r fortfarande synlig i statuterna f\u00f6r god f\u00f6rvaltning. Kooperativen k\u00e4mpade vid den tiden fr\u00e4mst med bristf\u00e4llig prestationsf\u00f6rm\u00e5ga. De kooperativa f\u00f6retagen upplevdes inte alltid som f\u00f6retag, utan mera som ett mellanting mellan ideell och ekonomisk verksamhet. Inom f\u00f6reningsv\u00e4rlden har utmaningarna under senaste decennier haft en koppling till stela strukturer och i viss m\u00e5n till en sammanblandning av politisk verksamhet och ideell f\u00f6reningsverksamhet.<\/p>\n<p>Av ovan n\u00e4mnda orsaker har man under den senaste tiden str\u00e4vat efter att utveckla f\u00f6rvaltningen inom de medlemsstyrda organisationerna. F\u00f6r dessa organisationer finns det s\u00e4llan anvisningar inom god f\u00f6rvaltning eller f\u00f6rvaltningskodex. Snarast har man str\u00e4vat efter att till\u00e4mpa andra organisationers b\u00e4sta praxis och anpassa dem till de egna behoven. De \u00e4r dock inte alltid l\u00e4mpade f\u00f6r de behov som medlemsbaserade organisationer har.<\/p>\n<blockquote><p>Guidens tyngdpunkt ligger vid det s\u00e4tt p\u00e5 vilket medlemsbaserade organisationer kan skapa och uppr\u00e4tth\u00e5lla en s\u00e5dan f\u00f6rvaltningsmodell, som tryggar deras fortlevnad p\u00e5 l\u00e5ng sikt, samtidigt som de f\u00f6rverkligar sin grunduppgift till f\u00f6rm\u00e5n f\u00f6r sina medlemmar.<\/p><\/blockquote>\n<p>Denna guide f\u00f6r god f\u00f6rvaltning riktar sig till medlemsbaserade organisationer, med vilket man avser andelslag, f\u00f6reningar och \u00f6msesidiga bolag. Guidens tyngdpunkt ligger p\u00e5 andelslag, men f\u00f6reningarnas behov lyfts fram d\u00e5 de avviker fr\u00e5n de n\u00e4mndas. Den fr\u00e4msta principiella skillnaden finns i att andelslag och \u00f6msesidiga bolag \u00e4r f\u00f6retag, medan f\u00f6reningar i princip \u00e4r allm\u00e4nnyttiga, ideella akt\u00f6rer.<\/p>\n<p>Denna guide n\u00e4rmar sig inte god f\u00f6rvaltning ur ett juridiskt perspektiv, utan ur ett praktiskt. Guiden behandlar den lagliga grunden till den del den har koppling till exempel till f\u00f6rvaltningsstrukturer, roller och beslutsbefogenheter.<\/p>\n\t\t\t\t<a href=\"https:\/\/pellervo.fi\/wp-content\/uploads\/2021\/01\/bild1.jpg\" target=\"_self\" itemprop=\"url\" rel=\"noopener\">\n\t\t\t\t<img loading=\"lazy\" decoding=\"async\" src=\"https:\/\/pellervo.fi\/wp-content\/uploads\/2021\/01\/bild1.jpg\" alt=\"bild1\" itemprop=\"image\" height=\"1349\" width=\"2000\" title=\"bild1\" onerror=\"this.style.display='none'\"  \/>\n\t\t\t\t<\/a>\n\t<p>Figur 1 ovan beskriver f\u00f6rvaltningen i en medlemsbaserad organisation. Dessa organisationer grundas, \u00e4gs och f\u00f6rvaltas av sina medlemmar. De finns till f\u00f6r sina medlemmar och medlemmarna kan p\u00e5 goda grunder f\u00f6rv\u00e4nta sig medlemsf\u00f6rm\u00e5ner och andra f\u00f6rdelar av organisationen.<\/p>\n<p>Medlemmarna f\u00f6rvaltar organisationen enligt demokratiska principer, i regel en r\u00f6st per medlem. Avvikande fr\u00e5n aktiebolag har medlemsbaserade f\u00f6retag inte grundats med tanke p\u00e5 placerare och deras syfte \u00e4r inte att skapa maximal vinst.<\/p>\n<p>Medlemsbaserade organisationer m\u00e5ste vara livskraftiga f\u00f6r att de ska ha en framtid. Ekonomin \u00e4r en central m\u00e4tare p\u00e5 livskraft. \u00c4ven om syftet inte \u00e4r att maximera vinsten, m\u00e5ste verksamheten vara l\u00f6nsam. Organisationens ledning och personal \u00e4r en viktig k\u00e4lla till livskraft.<\/p>\n<p>F\u00f6rvaltningen finns mellan medlemmarnas f\u00f6rv\u00e4ntningar och organisationens livskraft. I medlemsbaserade organisationer \u00e4r det vanligt att det ut\u00f6ver styrelse finns andra f\u00f6rvaltningsorgan, s\u00e5 som f\u00f6rvaltningsr\u00e5d eller fullm\u00e4ktige.<\/p>\n<p>F\u00f6rvaltningens framg\u00e5ng i sitt uppdrag \u00e4r i v\u00e4sentlig grad beroende av f\u00f6rm\u00e5gan hos de personer som v\u00e4ljs in i f\u00f6rvaltningen. Ut\u00f6ver goda personval, m\u00e5ste ocks\u00e5 f\u00f6rvaltningens processer fungera, s\u00e5 som beslutsfattande, valf\u00f6rfarande och intern kommunikation. Sj\u00e4lva medlemsk\u00e5ren och dess engagemang \u00e4r en viktig styrka f\u00f6r medlemsbaserade organisationer. Engagerade medlemmar deltar aktivt i m\u00f6ten, utskott och f\u00f6rvaltningsarbete.<\/p>\n\t<p>Denna guide ska vara nyttig f\u00f6r dig,<\/p>\n<ul>\n<li>om du deltar i f\u00f6rvaltningen av ett andelslag, \u00f6msesidigt bolag eller en f\u00f6rening. Guiden hj\u00e4lper dig att f\u00f6rst\u00e5 din roll och uppgift och den ger en helhetsbild av de faktorer som \u00e4r viktiga f\u00f6r f\u00f6rvaltningens funktion.<\/li>\n<li>om du dessutom h\u00f6r till presidiet. Guiden hj\u00e4lper dig att utveckla och leda f\u00f6rvaltningens arbete.<\/li>\n<li>om du \u00e4r medlem i ett andelslag eller en f\u00f6rening eller f\u00f6rs\u00e4kringstagare i ett \u00f6msesidigt bolag. Guiden hj\u00e4lper dig att f\u00f6rst\u00e5 s\u00e4rpr\u00e4geln hos medlemsbaserade organisationer och uppmuntrar dig att delta i organisationens verksamhet och till att aktivt anv\u00e4nda dess tj\u00e4nster.<\/li>\n<li>om du \u00e4r i ledningen av ett andelslag, \u00f6msesidigt bolag eller en f\u00f6rening. Guiden hj\u00e4lper dig att b\u00e4ttre identifiera organisationens s\u00e4rdrag samt att leda organisationen s\u00e5 att b\u00e5de medlemsf\u00f6rm\u00e5nerna och livskraften f\u00f6rverkligas.<\/li>\n<li>om du \u00e4r anst\u00e4lld av en medlemsbaserad organisation. Du l\u00e4r dig k\u00e4nna organisationens karakt\u00e4r och f\u00f6rst\u00e5 varf\u00f6r dess m\u00e5l och verksamhet avviker fr\u00e5n andra organisationer.<\/li>\n<li>om du \u00e4r sakkunnig, utvecklare, kommunikat\u00f6r, utbildare eller har n\u00e5gon annan motsvarande roll. I denna guide f\u00e5r du konkreta fakta och insikter, vilka hj\u00e4lper dig i ditt arbete.<\/li>\n<\/ul>\n\t<h3>God f\u00f6rvaltning i medlemsbaserade organisationer<\/h3>\n\n","protected":false},"excerpt":{"rendered":"<p>God f\u00f6rvaltning i medlemsbaserade organisationer God f\u00f6rvaltning har diskuterats ur m\u00e5nga vinklar under de senaste decennierna. Inom f\u00f6retagsv\u00e4rlden b\u00f6rjade man f\u00e4sta s\u00e4rskild uppm\u00e4rksamhet vid god f\u00f6rvaltning under 1990-talet, d\u00e5 vi n\u00e5ddes av nyheter om oegentligheter bland f\u00f6retagsledare ute i v\u00e4rlden. D\u00e5 vaknade man till insikt om att f\u00f6retagsledningen m\u00e5ste \u00f6vervakas och att det beh\u00f6vs spelregler<\/p>\n","protected":false},"author":5,"featured_media":889323,"parent":889281,"menu_order":0,"comment_status":"closed","ping_status":"closed","template":"","meta":{"inline_featured_image":false,"_monsterinsights_skip_tracking":false,"_monsterinsights_sitenote_active":false,"_monsterinsights_sitenote_note":"","_monsterinsights_sitenote_category":0,"site-sidebar-layout":"default","site-content-layout":"default","ast-site-content-layout":"default","site-content-style":"default","site-sidebar-style":"default","ast-global-header-display":"","ast-banner-title-visibility":"","ast-main-header-display":"","ast-hfb-above-header-display":"","ast-hfb-below-header-display":"","ast-hfb-mobile-header-display":"","site-post-title":"","ast-breadcrumbs-content":"","ast-featured-img":"","footer-sml-layout":"","ast-disable-related-posts":"","theme-transparent-header-meta":"default","adv-header-id-meta":"","stick-header-meta":"","header-above-stick-meta":"","header-main-stick-meta":"","header-below-stick-meta":"","astra-migrate-meta-layouts":"default","ast-page-background-enabled":"default","ast-page-background-meta":{"desktop":{"background-color":"","background-image":"","background-repeat":"repeat","background-position":"center center","background-size":"auto","background-attachment":"scroll","background-type":"","background-media":"","overlay-type":"","overlay-color":"","overlay-opacity":"","overlay-gradient":""},"tablet":{"background-color":"","background-image":"","background-repeat":"repeat","background-position":"center center","background-size":"auto","background-attachment":"scroll","background-type":"","background-media":"","overlay-type":"","overlay-color":"","overlay-opacity":"","overlay-gradient":""},"mobile":{"background-color":"","background-image":"","background-repeat":"repeat","background-position":"center center","background-size":"auto","background-attachment":"scroll","background-type":"","background-media":"","overlay-type":"","overlay-color":"","overlay-opacity":"","overlay-gradient":""}},"ast-content-background-meta":{"desktop":{"background-color":"var(--ast-global-color-5)","background-image":"","background-repeat":"repeat","background-position":"center center","background-size":"auto","background-attachment":"scroll","background-type":"","background-media":"","overlay-type":"","overlay-color":"","overlay-opacity":"","overlay-gradient":""},"tablet":{"background-color":"var(--ast-global-color-5)","background-image":"","background-repeat":"repeat","background-position":"center center","background-size":"auto","background-attachment":"scroll","background-type":"","background-media":"","overlay-type":"","overlay-color":"","overlay-opacity":"","overlay-gradient":""},"mobile":{"background-color":"var(--ast-global-color-5)","background-image":"","background-repeat":"repeat","background-position":"center center","background-size":"auto","background-attachment":"scroll","background-type":"","background-media":"","overlay-type":"","overlay-color":"","overlay-opacity":"","overlay-gradient":""}},"_FSMCFIC_featured_image_caption":"","_FSMCFIC_featured_image_nocaption":"","_FSMCFIC_featured_image_hide":"","footnotes":""},"class_list":["post-889288","page","type-page","status-publish","has-post-thumbnail","hentry"],"yoast_head":"<!-- This site is optimized with the Yoast SEO plugin v27.4 - https:\/\/yoast.com\/product\/yoast-seo-wordpress\/ -->\n<title>Inledning \u2013 vad avses med god f\u00f6rvaltning - Pellervo<\/title>\n<meta name=\"robots\" content=\"index, follow, max-snippet:-1, max-image-preview:large, max-video-preview:-1\" \/>\n<link rel=\"canonical\" href=\"https:\/\/pellervo.fi\/sv\/god-forvaltning-i-medlemsbaserade-organisationer\/inledning-vad-avses-med-god-forvaltning\/\" \/>\n<meta property=\"og:locale\" content=\"sv_SE\" \/>\n<meta property=\"og:type\" content=\"article\" \/>\n<meta property=\"og:title\" content=\"Inledning \u2013 vad avses med god f\u00f6rvaltning - Pellervo\" \/>\n<meta property=\"og:description\" content=\"God f\u00f6rvaltning i medlemsbaserade organisationer God f\u00f6rvaltning har diskuterats ur m\u00e5nga vinklar under de senaste decennierna. Inom f\u00f6retagsv\u00e4rlden b\u00f6rjade man f\u00e4sta s\u00e4rskild uppm\u00e4rksamhet vid god f\u00f6rvaltning under 1990-talet, d\u00e5 vi n\u00e5ddes av nyheter om oegentligheter bland f\u00f6retagsledare ute i v\u00e4rlden. D\u00e5 vaknade man till insikt om att f\u00f6retagsledningen m\u00e5ste \u00f6vervakas och att det beh\u00f6vs spelregler\" \/>\n<meta property=\"og:url\" content=\"https:\/\/pellervo.fi\/sv\/god-forvaltning-i-medlemsbaserade-organisationer\/inledning-vad-avses-med-god-forvaltning\/\" \/>\n<meta property=\"og:site_name\" content=\"Pellervo\" \/>\n<meta property=\"article:modified_time\" content=\"2021-02-25T14:48:34+00:00\" \/>\n<meta property=\"og:image\" content=\"https:\/\/pellervo.fi\/wp-content\/uploads\/2021\/01\/1.jpg\" \/>\n\t<meta property=\"og:image:width\" content=\"2000\" \/>\n\t<meta property=\"og:image:height\" content=\"605\" \/>\n\t<meta property=\"og:image:type\" content=\"image\/jpeg\" \/>\n<meta name=\"twitter:card\" content=\"summary_large_image\" \/>\n<meta name=\"twitter:site\" content=\"@PellervoFi\" \/>\n<meta name=\"twitter:label1\" content=\"Ber\u00e4knad l\u00e4stid\" \/>\n\t<meta name=\"twitter:data1\" content=\"4 minuter\" \/>\n<script type=\"application\/ld+json\" class=\"yoast-schema-graph\">{\"@context\":\"https:\\\/\\\/schema.org\",\"@graph\":[{\"@type\":\"WebPage\",\"@id\":\"https:\\\/\\\/pellervo.fi\\\/sv\\\/god-forvaltning-i-medlemsbaserade-organisationer\\\/inledning-vad-avses-med-god-forvaltning\\\/\",\"url\":\"https:\\\/\\\/pellervo.fi\\\/sv\\\/god-forvaltning-i-medlemsbaserade-organisationer\\\/inledning-vad-avses-med-god-forvaltning\\\/\",\"name\":\"Inledning \u2013 vad avses med god f\u00f6rvaltning - Pellervo\",\"isPartOf\":{\"@id\":\"https:\\\/\\\/pellervo.fi\\\/#website\"},\"primaryImageOfPage\":{\"@id\":\"https:\\\/\\\/pellervo.fi\\\/sv\\\/god-forvaltning-i-medlemsbaserade-organisationer\\\/inledning-vad-avses-med-god-forvaltning\\\/#primaryimage\"},\"image\":{\"@id\":\"https:\\\/\\\/pellervo.fi\\\/sv\\\/god-forvaltning-i-medlemsbaserade-organisationer\\\/inledning-vad-avses-med-god-forvaltning\\\/#primaryimage\"},\"thumbnailUrl\":\"https:\\\/\\\/pellervo.fi\\\/wp-content\\\/uploads\\\/2021\\\/01\\\/1.jpg\",\"datePublished\":\"2021-01-08T08:58:02+00:00\",\"dateModified\":\"2021-02-25T14:48:34+00:00\",\"breadcrumb\":{\"@id\":\"https:\\\/\\\/pellervo.fi\\\/sv\\\/god-forvaltning-i-medlemsbaserade-organisationer\\\/inledning-vad-avses-med-god-forvaltning\\\/#breadcrumb\"},\"inLanguage\":\"sv-SE\",\"potentialAction\":[{\"@type\":\"ReadAction\",\"target\":[\"https:\\\/\\\/pellervo.fi\\\/sv\\\/god-forvaltning-i-medlemsbaserade-organisationer\\\/inledning-vad-avses-med-god-forvaltning\\\/\"]}]},{\"@type\":\"ImageObject\",\"inLanguage\":\"sv-SE\",\"@id\":\"https:\\\/\\\/pellervo.fi\\\/sv\\\/god-forvaltning-i-medlemsbaserade-organisationer\\\/inledning-vad-avses-med-god-forvaltning\\\/#primaryimage\",\"url\":\"https:\\\/\\\/pellervo.fi\\\/wp-content\\\/uploads\\\/2021\\\/01\\\/1.jpg\",\"contentUrl\":\"https:\\\/\\\/pellervo.fi\\\/wp-content\\\/uploads\\\/2021\\\/01\\\/1.jpg\",\"width\":2000,\"height\":605},{\"@type\":\"BreadcrumbList\",\"@id\":\"https:\\\/\\\/pellervo.fi\\\/sv\\\/god-forvaltning-i-medlemsbaserade-organisationer\\\/inledning-vad-avses-med-god-forvaltning\\\/#breadcrumb\",\"itemListElement\":[{\"@type\":\"ListItem\",\"position\":1,\"name\":\"Koti\",\"item\":\"https:\\\/\\\/pellervo.fi\\\/sv\\\/\"},{\"@type\":\"ListItem\",\"position\":2,\"name\":\"God f\u00f6rvaltning i medlemsbaserade organisationer\",\"item\":\"https:\\\/\\\/pellervo.fi\\\/sv\\\/god-forvaltning-i-medlemsbaserade-organisationer\\\/\"},{\"@type\":\"ListItem\",\"position\":3,\"name\":\"Inledning \u2013 vad avses med god f\u00f6rvaltning\"}]},{\"@type\":\"WebSite\",\"@id\":\"https:\\\/\\\/pellervo.fi\\\/#website\",\"url\":\"https:\\\/\\\/pellervo.fi\\\/\",\"name\":\"Pellervo\",\"description\":\"Osuuskuntien keskusj\u00e4rjest\u00f6\",\"publisher\":{\"@id\":\"https:\\\/\\\/pellervo.fi\\\/#organization\"},\"potentialAction\":[{\"@type\":\"SearchAction\",\"target\":{\"@type\":\"EntryPoint\",\"urlTemplate\":\"https:\\\/\\\/pellervo.fi\\\/?s={search_term_string}\"},\"query-input\":{\"@type\":\"PropertyValueSpecification\",\"valueRequired\":true,\"valueName\":\"search_term_string\"}}],\"inLanguage\":\"sv-SE\"},{\"@type\":\"Organization\",\"@id\":\"https:\\\/\\\/pellervo.fi\\\/#organization\",\"name\":\"Osuustoimintakeskus Pellervo ry\",\"url\":\"https:\\\/\\\/pellervo.fi\\\/\",\"logo\":{\"@type\":\"ImageObject\",\"inLanguage\":\"sv-SE\",\"@id\":\"https:\\\/\\\/pellervo.fi\\\/#\\\/schema\\\/logo\\\/image\\\/\",\"url\":\"https:\\\/\\\/pellervo.fi\\\/wp-content\\\/uploads\\\/2020\\\/05\\\/Pellervo_logo.png\",\"contentUrl\":\"https:\\\/\\\/pellervo.fi\\\/wp-content\\\/uploads\\\/2020\\\/05\\\/Pellervo_logo.png\",\"width\":1335,\"height\":376,\"caption\":\"Osuustoimintakeskus Pellervo ry\"},\"image\":{\"@id\":\"https:\\\/\\\/pellervo.fi\\\/#\\\/schema\\\/logo\\\/image\\\/\"},\"sameAs\":[\"https:\\\/\\\/x.com\\\/PellervoFi\"]}]}<\/script>\n<!-- \/ Yoast SEO plugin. -->","yoast_head_json":{"title":"Inledning \u2013 vad avses med god f\u00f6rvaltning - Pellervo","robots":{"index":"index","follow":"follow","max-snippet":"max-snippet:-1","max-image-preview":"max-image-preview:large","max-video-preview":"max-video-preview:-1"},"canonical":"https:\/\/pellervo.fi\/sv\/god-forvaltning-i-medlemsbaserade-organisationer\/inledning-vad-avses-med-god-forvaltning\/","og_locale":"sv_SE","og_type":"article","og_title":"Inledning \u2013 vad avses med god f\u00f6rvaltning - Pellervo","og_description":"God f\u00f6rvaltning i medlemsbaserade organisationer God f\u00f6rvaltning har diskuterats ur m\u00e5nga vinklar under de senaste decennierna. Inom f\u00f6retagsv\u00e4rlden b\u00f6rjade man f\u00e4sta s\u00e4rskild uppm\u00e4rksamhet vid god f\u00f6rvaltning under 1990-talet, d\u00e5 vi n\u00e5ddes av nyheter om oegentligheter bland f\u00f6retagsledare ute i v\u00e4rlden. D\u00e5 vaknade man till insikt om att f\u00f6retagsledningen m\u00e5ste \u00f6vervakas och att det beh\u00f6vs spelregler","og_url":"https:\/\/pellervo.fi\/sv\/god-forvaltning-i-medlemsbaserade-organisationer\/inledning-vad-avses-med-god-forvaltning\/","og_site_name":"Pellervo","article_modified_time":"2021-02-25T14:48:34+00:00","og_image":[{"width":2000,"height":605,"url":"https:\/\/pellervo.fi\/wp-content\/uploads\/2021\/01\/1.jpg","type":"image\/jpeg"}],"twitter_card":"summary_large_image","twitter_site":"@PellervoFi","twitter_misc":{"Ber\u00e4knad l\u00e4stid":"4 minuter"},"schema":{"@context":"https:\/\/schema.org","@graph":[{"@type":"WebPage","@id":"https:\/\/pellervo.fi\/sv\/god-forvaltning-i-medlemsbaserade-organisationer\/inledning-vad-avses-med-god-forvaltning\/","url":"https:\/\/pellervo.fi\/sv\/god-forvaltning-i-medlemsbaserade-organisationer\/inledning-vad-avses-med-god-forvaltning\/","name":"Inledning \u2013 vad avses med god f\u00f6rvaltning - Pellervo","isPartOf":{"@id":"https:\/\/pellervo.fi\/#website"},"primaryImageOfPage":{"@id":"https:\/\/pellervo.fi\/sv\/god-forvaltning-i-medlemsbaserade-organisationer\/inledning-vad-avses-med-god-forvaltning\/#primaryimage"},"image":{"@id":"https:\/\/pellervo.fi\/sv\/god-forvaltning-i-medlemsbaserade-organisationer\/inledning-vad-avses-med-god-forvaltning\/#primaryimage"},"thumbnailUrl":"https:\/\/pellervo.fi\/wp-content\/uploads\/2021\/01\/1.jpg","datePublished":"2021-01-08T08:58:02+00:00","dateModified":"2021-02-25T14:48:34+00:00","breadcrumb":{"@id":"https:\/\/pellervo.fi\/sv\/god-forvaltning-i-medlemsbaserade-organisationer\/inledning-vad-avses-med-god-forvaltning\/#breadcrumb"},"inLanguage":"sv-SE","potentialAction":[{"@type":"ReadAction","target":["https:\/\/pellervo.fi\/sv\/god-forvaltning-i-medlemsbaserade-organisationer\/inledning-vad-avses-med-god-forvaltning\/"]}]},{"@type":"ImageObject","inLanguage":"sv-SE","@id":"https:\/\/pellervo.fi\/sv\/god-forvaltning-i-medlemsbaserade-organisationer\/inledning-vad-avses-med-god-forvaltning\/#primaryimage","url":"https:\/\/pellervo.fi\/wp-content\/uploads\/2021\/01\/1.jpg","contentUrl":"https:\/\/pellervo.fi\/wp-content\/uploads\/2021\/01\/1.jpg","width":2000,"height":605},{"@type":"BreadcrumbList","@id":"https:\/\/pellervo.fi\/sv\/god-forvaltning-i-medlemsbaserade-organisationer\/inledning-vad-avses-med-god-forvaltning\/#breadcrumb","itemListElement":[{"@type":"ListItem","position":1,"name":"Koti","item":"https:\/\/pellervo.fi\/sv\/"},{"@type":"ListItem","position":2,"name":"God f\u00f6rvaltning i medlemsbaserade organisationer","item":"https:\/\/pellervo.fi\/sv\/god-forvaltning-i-medlemsbaserade-organisationer\/"},{"@type":"ListItem","position":3,"name":"Inledning \u2013 vad avses med god f\u00f6rvaltning"}]},{"@type":"WebSite","@id":"https:\/\/pellervo.fi\/#website","url":"https:\/\/pellervo.fi\/","name":"Pellervo","description":"Osuuskuntien keskusj\u00e4rjest\u00f6","publisher":{"@id":"https:\/\/pellervo.fi\/#organization"},"potentialAction":[{"@type":"SearchAction","target":{"@type":"EntryPoint","urlTemplate":"https:\/\/pellervo.fi\/?s={search_term_string}"},"query-input":{"@type":"PropertyValueSpecification","valueRequired":true,"valueName":"search_term_string"}}],"inLanguage":"sv-SE"},{"@type":"Organization","@id":"https:\/\/pellervo.fi\/#organization","name":"Osuustoimintakeskus Pellervo ry","url":"https:\/\/pellervo.fi\/","logo":{"@type":"ImageObject","inLanguage":"sv-SE","@id":"https:\/\/pellervo.fi\/#\/schema\/logo\/image\/","url":"https:\/\/pellervo.fi\/wp-content\/uploads\/2020\/05\/Pellervo_logo.png","contentUrl":"https:\/\/pellervo.fi\/wp-content\/uploads\/2020\/05\/Pellervo_logo.png","width":1335,"height":376,"caption":"Osuustoimintakeskus Pellervo ry"},"image":{"@id":"https:\/\/pellervo.fi\/#\/schema\/logo\/image\/"},"sameAs":["https:\/\/x.com\/PellervoFi"]}]}},"_links":{"self":[{"href":"https:\/\/pellervo.fi\/sv\/wp-json\/wp\/v2\/pages\/889288","targetHints":{"allow":["GET"]}}],"collection":[{"href":"https:\/\/pellervo.fi\/sv\/wp-json\/wp\/v2\/pages"}],"about":[{"href":"https:\/\/pellervo.fi\/sv\/wp-json\/wp\/v2\/types\/page"}],"author":[{"embeddable":true,"href":"https:\/\/pellervo.fi\/sv\/wp-json\/wp\/v2\/users\/5"}],"replies":[{"embeddable":true,"href":"https:\/\/pellervo.fi\/sv\/wp-json\/wp\/v2\/comments?post=889288"}],"version-history":[{"count":9,"href":"https:\/\/pellervo.fi\/sv\/wp-json\/wp\/v2\/pages\/889288\/revisions"}],"predecessor-version":[{"id":889924,"href":"https:\/\/pellervo.fi\/sv\/wp-json\/wp\/v2\/pages\/889288\/revisions\/889924"}],"up":[{"embeddable":true,"href":"https:\/\/pellervo.fi\/sv\/wp-json\/wp\/v2\/pages\/889281"}],"wp:featuredmedia":[{"embeddable":true,"href":"https:\/\/pellervo.fi\/sv\/wp-json\/wp\/v2\/media\/889323"}],"wp:attachment":[{"href":"https:\/\/pellervo.fi\/sv\/wp-json\/wp\/v2\/media?parent=889288"}],"curies":[{"name":"wp","href":"https:\/\/api.w.org\/{rel}","templated":true}]}}