{"id":889326,"date":"2021-01-08T11:31:25","date_gmt":"2021-01-08T09:31:25","guid":{"rendered":"https:\/\/pellervo.fi\/?page_id=889326"},"modified":"2021-02-25T16:49:06","modified_gmt":"2021-02-25T14:49:06","slug":"medlemsbaserade-organisationer-och-deras-sardrag","status":"publish","type":"page","link":"https:\/\/pellervo.fi\/sv\/god-forvaltning-i-medlemsbaserade-organisationer\/medlemsbaserade-organisationer-och-deras-sardrag\/","title":{"rendered":"Medlemsbaserade organisationer och deras s\u00e4rdrag"},"content":{"rendered":"\n\n\t<h3>God f\u00f6rvaltning i medlemsbaserade organisationer<\/h3>\n\t\n\t<p>Medlemsbaserade organisationer avser f\u00f6retag eller andra organisationer som \u00e4gs och f\u00f6rvaltas av sina medlemmar. I denna guide behandlas tv\u00e5 typer av organisationer: andelslag och f\u00f6reningar.<\/p>\n<p>Medlemsbaserade organisationer har tre s\u00e4rdrag:<\/p>\n(1) \u00e4gandets karakt\u00e4r och beslutander\u00e4tt<br \/>\n(2) organisationens uppgift och syfte<br \/>\n(3) f\u00f6rvaltningss\u00e4tt\n<p>I tabell 1 j\u00e4mf\u00f6rs medlemsbaserade organisationers s\u00e4rdrag med aktiebolag och kommuner.<\/p>\n\t\t\t\t<a href=\"https:\/\/pellervo.fi\/wp-content\/uploads\/2021\/01\/tabel1.jpg\" target=\"_self\" itemprop=\"url\" rel=\"noopener\">\n\t\t\t\t<img loading=\"lazy\" decoding=\"async\" src=\"https:\/\/pellervo.fi\/wp-content\/uploads\/2021\/01\/tabel1.jpg\" alt=\"tabel1\" itemprop=\"image\" height=\"1692\" width=\"2000\" title=\"tabel1\" onerror=\"this.style.display='none'\"  \/>\n\t\t\t\t<\/a>\n\t<p>Andelslag och \u00f6msesidiga f\u00f6rs\u00e4kringsbolag avviker fr\u00e5n f\u00f6reningar i den mening att de \u00e4r f\u00f6retag, medan f\u00f6reningar \u00e4r ideella, allm\u00e4nnyttiga organisationer som inte efterstr\u00e4var vinst. Alla pr\u00e4glas dock av kollegialitet och av att de skapar f\u00f6rdelar och tj\u00e4nster till sina medlemmar. Besluten fattas demokratiskt och f\u00f6rvaltningsstrukturerna \u00e4r liknande.<\/p>\n<p>Det \u00e4r dock v\u00e4rt att notera att varje organisationstyp regleras av en speciallag. Lagen om andelslag, f\u00f6rs\u00e4kringsbolagslagen och f\u00f6reningslagen avviker till m\u00e5nga delar fr\u00e5n varandra.<\/p>\n<p>Andelslag och \u00f6msesidiga bolag \u00e4r liksom aktiebolag f\u00f6retag som bedriver ekonomisk verksamhet. Andelslagsmedlemmarnas ansvar f\u00f6r andelslagets f\u00f6rpliktelser begr\u00e4nsar sig till placerat kapital, p\u00e5 motsvarande s\u00e4tt som i aktiebolag. Aktiebolagens syfte och beslutander\u00e4tt avviker dock fr\u00e5n medlemsbaserade organisationers motsvarande, vilket g\u00e5r att se i tabell 1.<\/p>\n<p>Kommunorganisationen p\u00e5minner om f\u00f6rening p\u00e5 ett intressant s\u00e4tt: dess syfte \u00e4r \u00f6vergripande, p\u00e5 motsvarande s\u00e4tt som en f\u00f6renings ideella uppgift kan vara mycket omfattande. Kommunernas demokratiska beslutsfattande och f\u00f6rvaltning p\u00e5minner om medlemsbaserade organisationers.<\/p>\n<p>I fr\u00e5ga om medlemsbaserade organisationer kan olika namn och ben\u00e4mningar skapa en viss f\u00f6rvirring. I Sverige kallas andelslag f\u00f6r ekonomiska f\u00f6reningar. Tidigare fungerade \u00f6msesidiga f\u00f6rs\u00e4kringsbolag enligt modellen och namnet f\u00f6rs\u00e4kringsf\u00f6rening, \u00e4ven om det var fr\u00e5ga om f\u00f6retag. Slutledet i ordet andelslag (-lag) kan ocks\u00e5 f\u00f6rorsaka f\u00f6rv\u00e4xling med del\u00e4garlag f\u00f6r f\u00f6rvaltning av gemensamma omr\u00e5den eller motsvarande organisationer.<\/p>\n<blockquote>\n<p>Verksamhetens syfte: Att fr\u00e4mja medlemmarnas jordbruksverksamhet genom att bedriva anskaffning av slaktdjur, djurf\u00f6rmedling, slakteriverksamhet och k\u00f6ttf\u00f6r\u00e4dling i egen regi och\/eller genom dotter- eller del\u00e4garbolags eller avtalskompanjoners f\u00f6rmedling samt att p\u00e5 annat s\u00e4tt st\u00f6da och utveckla medlemmarnas k\u00f6ttproduktion.<\/p>\n<p>Beslutander\u00e4tt: Den h\u00f6gsta beslutander\u00e4tten innehas av fullm\u00e4ktige, d\u00e4r medlemmarnas beslutander\u00e4tt ut\u00f6vas av minst 21 och h\u00f6gst 31 ledam\u00f6ter, vilka v\u00e4ljs bland medlemmarna p\u00e5 basen av uppdelning i valomr\u00e5den.<\/p>\n<p>F\u00f6rvaltning: F\u00f6rvaltningsr\u00e5d (9-18 medlemmar, av vilka minst 5\/6 \u00e4r medlemmar i andelslaget) och styrelse (verkst\u00e4llande direkt\u00f6r + 4 andra medlemmar, varav minst 3 \u00e4r medlemmar i andelslaget)<\/p>\n<\/blockquote>\n<p>&nbsp;<\/p>\n<blockquote>\n<p>Verksamhetens syfte: Att fungera som sammanslutning f\u00f6r jordbruks- och tr\u00e4dg\u00e5rdsproducenter i svenskspr\u00e5kiga \u00d6sterbotten.<\/p>\n<p>Beslutander\u00e4tt: F\u00f6reningsm\u00f6tet \u00e4r h\u00f6gsta beslutande organ och d\u00e4r \u00e4r det medlemmarna som anv\u00e4nder beslutander\u00e4tten.<\/p>\n<p>F\u00f6rvaltning: Fullm\u00e4ktige (39 medlemmar) och styrelse (ordf\u00f6rande, vice ordf\u00f6rande, 7 medlemmar, dessutom sakkunniga)<\/p>\n<\/blockquote>\n<p>&nbsp;<\/p>\n\t<h2>Sammanfattning:<\/h2>\n<ul>\n<li>Medlemsbaserade organisationer \u00e4gs och f\u00f6rvaltas av sina medlemmar<\/li>\n<li>De medlemsbaserade organisationernas uppgift och syfte, beslutander\u00e4tt och f\u00f6rvaltning avviker fr\u00e5n m\u00e5nga andra organisationer<\/li>\n<li>Andelslagen \u00e4r samtidigt f\u00f6retag och medlemssamfund, vilkas syfte \u00e4r att skapa medlemsf\u00f6rm\u00e5ner genom l\u00f6nsam verksamhet<\/li>\n<li>F\u00f6reningar avviker fr\u00e5n andelslag genom sitt allm\u00e4nnyttiga ideella syfte och den prim\u00e4ra uppgiften \u00e4r inte ekonomisk verksamhet<\/li>\n<\/ul>\n\t\t\t\t<img decoding=\"async\" src=\"https:\/\/pellervo.fi\/wp-content\/plugins\/bb-plugin\/img\/pixel.png\" alt=\"\" itemprop=\"image\" onerror=\"this.style.display='none'\"  \/>\n\t<h3>God f\u00f6rvaltning i medlemsbaserade organisationer<\/h3>\n\n","protected":false},"excerpt":{"rendered":"<p>God f\u00f6rvaltning i medlemsbaserade organisationer Medlemsbaserade organisationer avser f\u00f6retag eller andra organisationer som \u00e4gs och f\u00f6rvaltas av sina medlemmar. I denna guide behandlas tv\u00e5 typer av organisationer: andelslag och f\u00f6reningar. Medlemsbaserade organisationer har tre s\u00e4rdrag: (1) \u00e4gandets karakt\u00e4r och beslutander\u00e4tt (2) organisationens uppgift och syfte (3) f\u00f6rvaltningss\u00e4tt I tabell 1 j\u00e4mf\u00f6rs medlemsbaserade organisationers s\u00e4rdrag med<\/p>\n","protected":false},"author":5,"featured_media":889327,"parent":889281,"menu_order":0,"comment_status":"closed","ping_status":"closed","template":"","meta":{"inline_featured_image":false,"_monsterinsights_skip_tracking":false,"_monsterinsights_sitenote_active":false,"_monsterinsights_sitenote_note":"","_monsterinsights_sitenote_category":0,"site-sidebar-layout":"default","site-content-layout":"default","ast-site-content-layout":"default","site-content-style":"default","site-sidebar-style":"default","ast-global-header-display":"","ast-banner-title-visibility":"","ast-main-header-display":"","ast-hfb-above-header-display":"","ast-hfb-below-header-display":"","ast-hfb-mobile-header-display":"","site-post-title":"","ast-breadcrumbs-content":"","ast-featured-img":"","footer-sml-layout":"","ast-disable-related-posts":"","theme-transparent-header-meta":"default","adv-header-id-meta":"","stick-header-meta":"","header-above-stick-meta":"","header-main-stick-meta":"","header-below-stick-meta":"","astra-migrate-meta-layouts":"default","ast-page-background-enabled":"default","ast-page-background-meta":{"desktop":{"background-color":"","background-image":"","background-repeat":"repeat","background-position":"center center","background-size":"auto","background-attachment":"scroll","background-type":"","background-media":"","overlay-type":"","overlay-color":"","overlay-opacity":"","overlay-gradient":""},"tablet":{"background-color":"","background-image":"","background-repeat":"repeat","background-position":"center center","background-size":"auto","background-attachment":"scroll","background-type":"","background-media":"","overlay-type":"","overlay-color":"","overlay-opacity":"","overlay-gradient":""},"mobile":{"background-color":"","background-image":"","background-repeat":"repeat","background-position":"center center","background-size":"auto","background-attachment":"scroll","background-type":"","background-media":"","overlay-type":"","overlay-color":"","overlay-opacity":"","overlay-gradient":""}},"ast-content-background-meta":{"desktop":{"background-color":"var(--ast-global-color-5)","background-image":"","background-repeat":"repeat","background-position":"center center","background-size":"auto","background-attachment":"scroll","background-type":"","background-media":"","overlay-type":"","overlay-color":"","overlay-opacity":"","overlay-gradient":""},"tablet":{"background-color":"var(--ast-global-color-5)","background-image":"","background-repeat":"repeat","background-position":"center center","background-size":"auto","background-attachment":"scroll","background-type":"","background-media":"","overlay-type":"","overlay-color":"","overlay-opacity":"","overlay-gradient":""},"mobile":{"background-color":"var(--ast-global-color-5)","background-image":"","background-repeat":"repeat","background-position":"center center","background-size":"auto","background-attachment":"scroll","background-type":"","background-media":"","overlay-type":"","overlay-color":"","overlay-opacity":"","overlay-gradient":""}},"_FSMCFIC_featured_image_caption":"","_FSMCFIC_featured_image_nocaption":"","_FSMCFIC_featured_image_hide":"","footnotes":""},"class_list":["post-889326","page","type-page","status-publish","has-post-thumbnail","hentry"],"yoast_head":"<!-- This site is optimized with the Yoast SEO plugin v27.5 - https:\/\/yoast.com\/product\/yoast-seo-wordpress\/ -->\n<title>Medlemsbaserade organisationer och deras s\u00e4rdrag - Pellervo<\/title>\n<meta name=\"robots\" content=\"index, follow, max-snippet:-1, max-image-preview:large, max-video-preview:-1\" \/>\n<link rel=\"canonical\" href=\"https:\/\/pellervo.fi\/sv\/god-forvaltning-i-medlemsbaserade-organisationer\/medlemsbaserade-organisationer-och-deras-sardrag\/\" \/>\n<meta property=\"og:locale\" content=\"sv_SE\" \/>\n<meta property=\"og:type\" content=\"article\" \/>\n<meta property=\"og:title\" content=\"Medlemsbaserade organisationer och deras s\u00e4rdrag - Pellervo\" \/>\n<meta property=\"og:description\" content=\"God f\u00f6rvaltning i medlemsbaserade organisationer Medlemsbaserade organisationer avser f\u00f6retag eller andra organisationer som \u00e4gs och f\u00f6rvaltas av sina medlemmar. I denna guide behandlas tv\u00e5 typer av organisationer: andelslag och f\u00f6reningar. Medlemsbaserade organisationer har tre s\u00e4rdrag: (1) \u00e4gandets karakt\u00e4r och beslutander\u00e4tt (2) organisationens uppgift och syfte (3) f\u00f6rvaltningss\u00e4tt I tabell 1 j\u00e4mf\u00f6rs medlemsbaserade organisationers s\u00e4rdrag med\" \/>\n<meta property=\"og:url\" content=\"https:\/\/pellervo.fi\/sv\/god-forvaltning-i-medlemsbaserade-organisationer\/medlemsbaserade-organisationer-och-deras-sardrag\/\" \/>\n<meta property=\"og:site_name\" content=\"Pellervo\" \/>\n<meta property=\"article:modified_time\" content=\"2021-02-25T14:49:06+00:00\" \/>\n<meta property=\"og:image\" content=\"https:\/\/pellervo.fi\/wp-content\/uploads\/2021\/01\/2.jpg\" \/>\n\t<meta property=\"og:image:width\" content=\"2000\" \/>\n\t<meta property=\"og:image:height\" content=\"443\" \/>\n\t<meta property=\"og:image:type\" content=\"image\/jpeg\" \/>\n<meta name=\"twitter:card\" content=\"summary_large_image\" \/>\n<meta name=\"twitter:site\" content=\"@PellervoFi\" \/>\n<meta name=\"twitter:label1\" content=\"Ber\u00e4knad l\u00e4stid\" \/>\n\t<meta name=\"twitter:data1\" content=\"3 minuter\" \/>\n<script type=\"application\/ld+json\" class=\"yoast-schema-graph\">{\"@context\":\"https:\\\/\\\/schema.org\",\"@graph\":[{\"@type\":\"WebPage\",\"@id\":\"https:\\\/\\\/pellervo.fi\\\/sv\\\/god-forvaltning-i-medlemsbaserade-organisationer\\\/medlemsbaserade-organisationer-och-deras-sardrag\\\/\",\"url\":\"https:\\\/\\\/pellervo.fi\\\/sv\\\/god-forvaltning-i-medlemsbaserade-organisationer\\\/medlemsbaserade-organisationer-och-deras-sardrag\\\/\",\"name\":\"Medlemsbaserade organisationer och deras s\u00e4rdrag - Pellervo\",\"isPartOf\":{\"@id\":\"https:\\\/\\\/pellervo.fi\\\/#website\"},\"primaryImageOfPage\":{\"@id\":\"https:\\\/\\\/pellervo.fi\\\/sv\\\/god-forvaltning-i-medlemsbaserade-organisationer\\\/medlemsbaserade-organisationer-och-deras-sardrag\\\/#primaryimage\"},\"image\":{\"@id\":\"https:\\\/\\\/pellervo.fi\\\/sv\\\/god-forvaltning-i-medlemsbaserade-organisationer\\\/medlemsbaserade-organisationer-och-deras-sardrag\\\/#primaryimage\"},\"thumbnailUrl\":\"https:\\\/\\\/pellervo.fi\\\/wp-content\\\/uploads\\\/2021\\\/01\\\/2.jpg\",\"datePublished\":\"2021-01-08T09:31:25+00:00\",\"dateModified\":\"2021-02-25T14:49:06+00:00\",\"breadcrumb\":{\"@id\":\"https:\\\/\\\/pellervo.fi\\\/sv\\\/god-forvaltning-i-medlemsbaserade-organisationer\\\/medlemsbaserade-organisationer-och-deras-sardrag\\\/#breadcrumb\"},\"inLanguage\":\"sv-SE\",\"potentialAction\":[{\"@type\":\"ReadAction\",\"target\":[\"https:\\\/\\\/pellervo.fi\\\/sv\\\/god-forvaltning-i-medlemsbaserade-organisationer\\\/medlemsbaserade-organisationer-och-deras-sardrag\\\/\"]}]},{\"@type\":\"ImageObject\",\"inLanguage\":\"sv-SE\",\"@id\":\"https:\\\/\\\/pellervo.fi\\\/sv\\\/god-forvaltning-i-medlemsbaserade-organisationer\\\/medlemsbaserade-organisationer-och-deras-sardrag\\\/#primaryimage\",\"url\":\"https:\\\/\\\/pellervo.fi\\\/wp-content\\\/uploads\\\/2021\\\/01\\\/2.jpg\",\"contentUrl\":\"https:\\\/\\\/pellervo.fi\\\/wp-content\\\/uploads\\\/2021\\\/01\\\/2.jpg\",\"width\":2000,\"height\":443},{\"@type\":\"BreadcrumbList\",\"@id\":\"https:\\\/\\\/pellervo.fi\\\/sv\\\/god-forvaltning-i-medlemsbaserade-organisationer\\\/medlemsbaserade-organisationer-och-deras-sardrag\\\/#breadcrumb\",\"itemListElement\":[{\"@type\":\"ListItem\",\"position\":1,\"name\":\"Koti\",\"item\":\"https:\\\/\\\/pellervo.fi\\\/sv\\\/\"},{\"@type\":\"ListItem\",\"position\":2,\"name\":\"God f\u00f6rvaltning i medlemsbaserade organisationer\",\"item\":\"https:\\\/\\\/pellervo.fi\\\/sv\\\/god-forvaltning-i-medlemsbaserade-organisationer\\\/\"},{\"@type\":\"ListItem\",\"position\":3,\"name\":\"Medlemsbaserade organisationer och deras s\u00e4rdrag\"}]},{\"@type\":\"WebSite\",\"@id\":\"https:\\\/\\\/pellervo.fi\\\/#website\",\"url\":\"https:\\\/\\\/pellervo.fi\\\/\",\"name\":\"Pellervo\",\"description\":\"Osuuskuntien keskusj\u00e4rjest\u00f6\",\"publisher\":{\"@id\":\"https:\\\/\\\/pellervo.fi\\\/#organization\"},\"potentialAction\":[{\"@type\":\"SearchAction\",\"target\":{\"@type\":\"EntryPoint\",\"urlTemplate\":\"https:\\\/\\\/pellervo.fi\\\/?s={search_term_string}\"},\"query-input\":{\"@type\":\"PropertyValueSpecification\",\"valueRequired\":true,\"valueName\":\"search_term_string\"}}],\"inLanguage\":\"sv-SE\"},{\"@type\":\"Organization\",\"@id\":\"https:\\\/\\\/pellervo.fi\\\/#organization\",\"name\":\"Osuustoimintakeskus Pellervo ry\",\"url\":\"https:\\\/\\\/pellervo.fi\\\/\",\"logo\":{\"@type\":\"ImageObject\",\"inLanguage\":\"sv-SE\",\"@id\":\"https:\\\/\\\/pellervo.fi\\\/#\\\/schema\\\/logo\\\/image\\\/\",\"url\":\"https:\\\/\\\/pellervo.fi\\\/wp-content\\\/uploads\\\/2020\\\/05\\\/Pellervo_logo.png\",\"contentUrl\":\"https:\\\/\\\/pellervo.fi\\\/wp-content\\\/uploads\\\/2020\\\/05\\\/Pellervo_logo.png\",\"width\":1335,\"height\":376,\"caption\":\"Osuustoimintakeskus Pellervo ry\"},\"image\":{\"@id\":\"https:\\\/\\\/pellervo.fi\\\/#\\\/schema\\\/logo\\\/image\\\/\"},\"sameAs\":[\"https:\\\/\\\/x.com\\\/PellervoFi\"]}]}<\/script>\n<!-- \/ Yoast SEO plugin. -->","yoast_head_json":{"title":"Medlemsbaserade organisationer och deras s\u00e4rdrag - Pellervo","robots":{"index":"index","follow":"follow","max-snippet":"max-snippet:-1","max-image-preview":"max-image-preview:large","max-video-preview":"max-video-preview:-1"},"canonical":"https:\/\/pellervo.fi\/sv\/god-forvaltning-i-medlemsbaserade-organisationer\/medlemsbaserade-organisationer-och-deras-sardrag\/","og_locale":"sv_SE","og_type":"article","og_title":"Medlemsbaserade organisationer och deras s\u00e4rdrag - Pellervo","og_description":"God f\u00f6rvaltning i medlemsbaserade organisationer Medlemsbaserade organisationer avser f\u00f6retag eller andra organisationer som \u00e4gs och f\u00f6rvaltas av sina medlemmar. I denna guide behandlas tv\u00e5 typer av organisationer: andelslag och f\u00f6reningar. Medlemsbaserade organisationer har tre s\u00e4rdrag: (1) \u00e4gandets karakt\u00e4r och beslutander\u00e4tt (2) organisationens uppgift och syfte (3) f\u00f6rvaltningss\u00e4tt I tabell 1 j\u00e4mf\u00f6rs medlemsbaserade organisationers s\u00e4rdrag med","og_url":"https:\/\/pellervo.fi\/sv\/god-forvaltning-i-medlemsbaserade-organisationer\/medlemsbaserade-organisationer-och-deras-sardrag\/","og_site_name":"Pellervo","article_modified_time":"2021-02-25T14:49:06+00:00","og_image":[{"width":2000,"height":443,"url":"https:\/\/pellervo.fi\/wp-content\/uploads\/2021\/01\/2.jpg","type":"image\/jpeg"}],"twitter_card":"summary_large_image","twitter_site":"@PellervoFi","twitter_misc":{"Ber\u00e4knad l\u00e4stid":"3 minuter"},"schema":{"@context":"https:\/\/schema.org","@graph":[{"@type":"WebPage","@id":"https:\/\/pellervo.fi\/sv\/god-forvaltning-i-medlemsbaserade-organisationer\/medlemsbaserade-organisationer-och-deras-sardrag\/","url":"https:\/\/pellervo.fi\/sv\/god-forvaltning-i-medlemsbaserade-organisationer\/medlemsbaserade-organisationer-och-deras-sardrag\/","name":"Medlemsbaserade organisationer och deras s\u00e4rdrag - Pellervo","isPartOf":{"@id":"https:\/\/pellervo.fi\/#website"},"primaryImageOfPage":{"@id":"https:\/\/pellervo.fi\/sv\/god-forvaltning-i-medlemsbaserade-organisationer\/medlemsbaserade-organisationer-och-deras-sardrag\/#primaryimage"},"image":{"@id":"https:\/\/pellervo.fi\/sv\/god-forvaltning-i-medlemsbaserade-organisationer\/medlemsbaserade-organisationer-och-deras-sardrag\/#primaryimage"},"thumbnailUrl":"https:\/\/pellervo.fi\/wp-content\/uploads\/2021\/01\/2.jpg","datePublished":"2021-01-08T09:31:25+00:00","dateModified":"2021-02-25T14:49:06+00:00","breadcrumb":{"@id":"https:\/\/pellervo.fi\/sv\/god-forvaltning-i-medlemsbaserade-organisationer\/medlemsbaserade-organisationer-och-deras-sardrag\/#breadcrumb"},"inLanguage":"sv-SE","potentialAction":[{"@type":"ReadAction","target":["https:\/\/pellervo.fi\/sv\/god-forvaltning-i-medlemsbaserade-organisationer\/medlemsbaserade-organisationer-och-deras-sardrag\/"]}]},{"@type":"ImageObject","inLanguage":"sv-SE","@id":"https:\/\/pellervo.fi\/sv\/god-forvaltning-i-medlemsbaserade-organisationer\/medlemsbaserade-organisationer-och-deras-sardrag\/#primaryimage","url":"https:\/\/pellervo.fi\/wp-content\/uploads\/2021\/01\/2.jpg","contentUrl":"https:\/\/pellervo.fi\/wp-content\/uploads\/2021\/01\/2.jpg","width":2000,"height":443},{"@type":"BreadcrumbList","@id":"https:\/\/pellervo.fi\/sv\/god-forvaltning-i-medlemsbaserade-organisationer\/medlemsbaserade-organisationer-och-deras-sardrag\/#breadcrumb","itemListElement":[{"@type":"ListItem","position":1,"name":"Koti","item":"https:\/\/pellervo.fi\/sv\/"},{"@type":"ListItem","position":2,"name":"God f\u00f6rvaltning i medlemsbaserade organisationer","item":"https:\/\/pellervo.fi\/sv\/god-forvaltning-i-medlemsbaserade-organisationer\/"},{"@type":"ListItem","position":3,"name":"Medlemsbaserade organisationer och deras s\u00e4rdrag"}]},{"@type":"WebSite","@id":"https:\/\/pellervo.fi\/#website","url":"https:\/\/pellervo.fi\/","name":"Pellervo","description":"Osuuskuntien keskusj\u00e4rjest\u00f6","publisher":{"@id":"https:\/\/pellervo.fi\/#organization"},"potentialAction":[{"@type":"SearchAction","target":{"@type":"EntryPoint","urlTemplate":"https:\/\/pellervo.fi\/?s={search_term_string}"},"query-input":{"@type":"PropertyValueSpecification","valueRequired":true,"valueName":"search_term_string"}}],"inLanguage":"sv-SE"},{"@type":"Organization","@id":"https:\/\/pellervo.fi\/#organization","name":"Osuustoimintakeskus Pellervo ry","url":"https:\/\/pellervo.fi\/","logo":{"@type":"ImageObject","inLanguage":"sv-SE","@id":"https:\/\/pellervo.fi\/#\/schema\/logo\/image\/","url":"https:\/\/pellervo.fi\/wp-content\/uploads\/2020\/05\/Pellervo_logo.png","contentUrl":"https:\/\/pellervo.fi\/wp-content\/uploads\/2020\/05\/Pellervo_logo.png","width":1335,"height":376,"caption":"Osuustoimintakeskus Pellervo ry"},"image":{"@id":"https:\/\/pellervo.fi\/#\/schema\/logo\/image\/"},"sameAs":["https:\/\/x.com\/PellervoFi"]}]}},"_links":{"self":[{"href":"https:\/\/pellervo.fi\/sv\/wp-json\/wp\/v2\/pages\/889326","targetHints":{"allow":["GET"]}}],"collection":[{"href":"https:\/\/pellervo.fi\/sv\/wp-json\/wp\/v2\/pages"}],"about":[{"href":"https:\/\/pellervo.fi\/sv\/wp-json\/wp\/v2\/types\/page"}],"author":[{"embeddable":true,"href":"https:\/\/pellervo.fi\/sv\/wp-json\/wp\/v2\/users\/5"}],"replies":[{"embeddable":true,"href":"https:\/\/pellervo.fi\/sv\/wp-json\/wp\/v2\/comments?post=889326"}],"version-history":[{"count":6,"href":"https:\/\/pellervo.fi\/sv\/wp-json\/wp\/v2\/pages\/889326\/revisions"}],"predecessor-version":[{"id":889925,"href":"https:\/\/pellervo.fi\/sv\/wp-json\/wp\/v2\/pages\/889326\/revisions\/889925"}],"up":[{"embeddable":true,"href":"https:\/\/pellervo.fi\/sv\/wp-json\/wp\/v2\/pages\/889281"}],"wp:featuredmedia":[{"embeddable":true,"href":"https:\/\/pellervo.fi\/sv\/wp-json\/wp\/v2\/media\/889327"}],"wp:attachment":[{"href":"https:\/\/pellervo.fi\/sv\/wp-json\/wp\/v2\/media?parent=889326"}],"curies":[{"name":"wp","href":"https:\/\/api.w.org\/{rel}","templated":true}]}}