{"id":889377,"date":"2021-01-11T13:45:47","date_gmt":"2021-01-11T11:45:47","guid":{"rendered":"https:\/\/pellervo.fi\/?page_id=889377"},"modified":"2021-02-25T16:51:47","modified_gmt":"2021-02-25T14:51:47","slug":"medlemskarens-engagemang-och-deltagande","status":"publish","type":"page","link":"https:\/\/pellervo.fi\/sv\/god-forvaltning-i-medlemsbaserade-organisationer\/medlemskarens-engagemang-och-deltagande\/","title":{"rendered":"Medlemsk\u00e5rens engagemang och deltagande"},"content":{"rendered":"\n\n\t<h3>God f\u00f6rvaltning i medlemsbaserade organisationer<\/h3>\n\t\n\t<p>Andelslagens och f\u00f6reningarnas syfte grundar sig p\u00e5 medlemskap och medlemmarnas behov. I det tidigare har vi konstaterat att medlemmarna \u00e4ger andelslaget och ut\u00f6var den h\u00f6gsta beslutander\u00e4tten. Vi konstaterade ocks\u00e5 att en medlemsbaserad organisations uppgift kan vara ideell (f\u00f6rening) eller att betj\u00e4na samfundet omkring sig (f\u00f6rening och andelslag). D\u00e4rf\u00f6r \u00e4r det viktigt att medlemmarna f\u00f6rbinder sig till organisationen och deltar i dess beslutsfattande.<\/p>\n<p>P\u00e5 grund av f\u00f6r\u00e4ndringar i samh\u00e4llet, har den ideologiska f\u00f6rbindelsen till organisationer minskat s\u00e4rskilt i andelslagen. Det ankommer p\u00e5 organisationens styrelse, andra f\u00f6rtroendevalda och tj\u00e4nstem\u00e4n att se till att medlemmarna f\u00e5r n\u00e5gonting f\u00f6r sitt medlemskap. I annat fall finns det en risk f\u00f6r att medlemsk\u00e5ren passiveras, vilket leder till apati och slutligen till att medlemskapet upph\u00f6r.<\/p>\n<p>I f\u00f6reningar \u00e4r situationen litet annorlunda, eftersom deras grunduppgift \u00e4r starkt ideell. Trots det f\u00f6rv\u00e4ntar sig ocks\u00e5 f\u00f6reningarnas medlemmar att de f\u00e5r en konkret nytta.<\/p>\n<h2>Hur f\u00f6rb\u00e4ttra medlemmarnas engagemang<\/h2>\n<p>Medlemsbaserade organisationer g\u00f6r klokt i att ha en medlemsstrategi. Den avser gemensamt \u00f6verenskomna principer och \u00e5tg\u00e4rder, genom vilka organisationen kan f\u00f6rb\u00e4ttra medlemmarnas engagemang och n\u00f6jdhet.<\/p>\n<p>Organisationen ska sammanfatta och kommunicera principerna f\u00f6r sin medlemsstrategi till medlemsk\u00e5ren p\u00e5 ett tydligt och l\u00e4ttfattligt s\u00e4tt. De kan omfatta f\u00f6ljande saker:<\/p>\n<ul>\n<li>Vilken \u00e4r organisationens uppgift och m\u00e5l? Beskrivningen ska svara p\u00e5 fr\u00e5gorna &#8221;Varf\u00f6r och f\u00f6r vem finns vi till?&#8221; och &#8221;Vilka m\u00e5l vill vi uppn\u00e5 med v\u00e5r verksamhet?&#8221;<\/li>\n<li>P\u00e5 hurudana v\u00e4rderingar grundar sig v\u00e5r verksamhet.<\/li>\n<li>Vilka \u00e4r r\u00e4ttigheterna och skyldigheterna f\u00f6r v\u00e5ra medlemmar.<\/li>\n<li>Hur kan medlemmarna delta och p\u00e5verka beslutsfattandet i organisationen.<\/li>\n<\/ul>\n<p>Medlemsnytta avser de konkreta tj\u00e4nster och f\u00f6rm\u00e5ner som medlemmarna \u00e4r ber\u00e4ttigade till, samt de effekter p\u00e5 medlemmarnas omgivning som organisationen producerar. Organisationens uppgift \u00e4r att sammanfatta och kommunicera dessa till sina medlemmar. Medlemsnyttan kan beskrivas med f\u00f6ljande fyrf\u00e4ltsdiagram:<\/p>\n\t\t\t\t<a href=\"https:\/\/pellervo.fi\/wp-content\/uploads\/2021\/01\/tabel4.jpg\" target=\"_self\" itemprop=\"url\" rel=\"noopener\">\n\t\t\t\t<img loading=\"lazy\" decoding=\"async\" src=\"https:\/\/pellervo.fi\/wp-content\/uploads\/2021\/01\/tabel4.jpg\" alt=\"tabel4\" itemprop=\"image\" height=\"1020\" width=\"2000\" title=\"tabel4\" onerror=\"this.style.display='none'\"  \/>\n\t\t\t\t<\/a>\n\t<h4><strong>Exempel: Verkst\u00e4llande av medlemsstrategi<\/strong><\/h4>\n<p>Organisationens f\u00f6rvaltning och ledning har tillsammans fattat beslut om medlemsstrategin. Styrelsen behandlar \u00e4rendet och kommer \u00f6verens om \u00e5tg\u00e4rder i syfte att f\u00f6rst\u00e4rka medlemmarnas f\u00f6rbindelse till organisationen. Medlemskommunikation och kommunikation i regionens centrala medier v\u00e4ljs ut som centrala verktyg. Varje medlem f\u00e5r hems\u00e4nt ett informationspaket om medlemskapets principer och medlemsnyttorna. Dessutom producerar organisationen material till medierna om \u00e4mnet och str\u00e4var genom personliga kontakter efter mediesynlighet f\u00f6r sin medlemsstrategi. Organisationens styrelse fattar beslut om regelbunden uppf\u00f6ljning av medlemmarnas engagemang och tillfredsst\u00e4llelse.<\/p>\n\t<p>Ett s\u00e4rdrag f\u00f6r medlemsbaserade organisationer \u00e4r medlemmarnas m\u00f6jlighet att delta i beslutsfattandet och tillf\u00e4llen, d\u00e4r man kan p\u00e5verka organisationens verksamhet. Officiellt deltagande avser allm\u00e4nna m\u00f6ten och att man<\/p>\n<p>st\u00e4ller upp f\u00f6r inval i organisationens f\u00f6rvaltningsorgan. \u00d6vrigt deltagande avser till exempel temaseminarier f\u00f6r och diskussioner med medlemmarna.<\/p>\n<p>Medlemmarnas aktiva deltagande f\u00f6rb\u00e4ttrar medlemsdemokratin. D\u00e5 kan organisationen i h\u00f6gre grad lita p\u00e5 att linjedragningar och beslut \u00e5terspeglar medlemsk\u00e5rens vilja. Om medlemmarna deltar i liten omfattning i beslutsfattande och medlemstillf\u00e4llen, kan medlemsdemokratin falla p\u00e5 ett litet f\u00e5tals axlar.<\/p>\n<p>Bra kommunikation \u00e4r en f\u00f6ruts\u00e4ttning f\u00f6r aktivt deltagande. Medlemmarna m\u00e5ste k\u00e4nna till hur de kan delta i m\u00f6ten och till exempel st\u00e4lla upp som kandidater i fullm\u00e4ktigeval. Det \u00e4r inte alltid tillr\u00e4ckligt att s\u00e4nda brev eller meddelanden, utan dagens snabba kommunikationsmedel m\u00e5ste tas till hj\u00e4lp.<\/p>\n<p>Organisationens operativa ledning och f\u00f6rvaltning m\u00e5ste personligen f\u00f6rbinda sig till att man kan aktivera medlemsk\u00e5ren till att delta. Man kan till exempel ordna en road show inf\u00f6r fullm\u00e4ktigeval, under vilken man informerar om m\u00f6jligheten att st\u00e4lla upp som kandidat i valet. En s\u00e5dan kampanj kan ocks\u00e5 utf\u00f6ras virtuellt. Kampanjen kan st\u00f6das med l\u00e4mpligt material och genom att ordna medlemstillf\u00e4llen.<\/p>\n\t<h2>Sammanfattning:<\/h2>\n<p>Det \u00e4r viktigt att medlemmarna f\u00f6rbinder sig vid organisationen och deltar i dess beslutsfattande.<\/p>\n<p>Organisationen kan med f\u00f6rdel ha en medlemsstrategi f\u00f6r att st\u00e4rka medlemmarnas engagemang och n\u00f6jdhet.<\/p>\n<p>Organisationens operativa ledning och f\u00f6rvaltning m\u00e5ste personligen f\u00f6rbinda sig vid genomf\u00f6randet av medlemsstrategin.<\/p>\n<p>God kommunikation \u00e4r en f\u00f6ruts\u00e4ttning f\u00f6r aktivt deltagande. Medlemmarna ska informeras om hur de kan delta i m\u00f6ten eller till exempel st\u00e4lla upp som kandidater i fullm\u00e4ktigeval.<\/p>\n\t<h3>God f\u00f6rvaltning i medlemsbaserade organisationer<\/h3>\n\n","protected":false},"excerpt":{"rendered":"<p>God f\u00f6rvaltning i medlemsbaserade organisationer Andelslagens och f\u00f6reningarnas syfte grundar sig p\u00e5 medlemskap och medlemmarnas behov. I det tidigare har vi konstaterat att medlemmarna \u00e4ger andelslaget och ut\u00f6var den h\u00f6gsta beslutander\u00e4tten. Vi konstaterade ocks\u00e5 att en medlemsbaserad organisations uppgift kan vara ideell (f\u00f6rening) eller att betj\u00e4na samfundet omkring sig (f\u00f6rening och andelslag). D\u00e4rf\u00f6r \u00e4r det<\/p>\n","protected":false},"author":5,"featured_media":889382,"parent":889281,"menu_order":0,"comment_status":"closed","ping_status":"closed","template":"","meta":{"inline_featured_image":false,"_monsterinsights_skip_tracking":false,"_monsterinsights_sitenote_active":false,"_monsterinsights_sitenote_note":"","_monsterinsights_sitenote_category":0,"site-sidebar-layout":"default","site-content-layout":"default","ast-site-content-layout":"default","site-content-style":"default","site-sidebar-style":"default","ast-global-header-display":"","ast-banner-title-visibility":"","ast-main-header-display":"","ast-hfb-above-header-display":"","ast-hfb-below-header-display":"","ast-hfb-mobile-header-display":"","site-post-title":"","ast-breadcrumbs-content":"","ast-featured-img":"","footer-sml-layout":"","ast-disable-related-posts":"","theme-transparent-header-meta":"default","adv-header-id-meta":"","stick-header-meta":"","header-above-stick-meta":"","header-main-stick-meta":"","header-below-stick-meta":"","astra-migrate-meta-layouts":"default","ast-page-background-enabled":"default","ast-page-background-meta":{"desktop":{"background-color":"","background-image":"","background-repeat":"repeat","background-position":"center center","background-size":"auto","background-attachment":"scroll","background-type":"","background-media":"","overlay-type":"","overlay-color":"","overlay-opacity":"","overlay-gradient":""},"tablet":{"background-color":"","background-image":"","background-repeat":"repeat","background-position":"center center","background-size":"auto","background-attachment":"scroll","background-type":"","background-media":"","overlay-type":"","overlay-color":"","overlay-opacity":"","overlay-gradient":""},"mobile":{"background-color":"","background-image":"","background-repeat":"repeat","background-position":"center center","background-size":"auto","background-attachment":"scroll","background-type":"","background-media":"","overlay-type":"","overlay-color":"","overlay-opacity":"","overlay-gradient":""}},"ast-content-background-meta":{"desktop":{"background-color":"var(--ast-global-color-5)","background-image":"","background-repeat":"repeat","background-position":"center center","background-size":"auto","background-attachment":"scroll","background-type":"","background-media":"","overlay-type":"","overlay-color":"","overlay-opacity":"","overlay-gradient":""},"tablet":{"background-color":"var(--ast-global-color-5)","background-image":"","background-repeat":"repeat","background-position":"center center","background-size":"auto","background-attachment":"scroll","background-type":"","background-media":"","overlay-type":"","overlay-color":"","overlay-opacity":"","overlay-gradient":""},"mobile":{"background-color":"var(--ast-global-color-5)","background-image":"","background-repeat":"repeat","background-position":"center center","background-size":"auto","background-attachment":"scroll","background-type":"","background-media":"","overlay-type":"","overlay-color":"","overlay-opacity":"","overlay-gradient":""}},"_FSMCFIC_featured_image_caption":"","_FSMCFIC_featured_image_nocaption":"","_FSMCFIC_featured_image_hide":"","footnotes":""},"class_list":["post-889377","page","type-page","status-publish","has-post-thumbnail","hentry"],"yoast_head":"<!-- This site is optimized with the Yoast SEO plugin v27.4 - https:\/\/yoast.com\/product\/yoast-seo-wordpress\/ -->\n<title>Medlemsk\u00e5rens engagemang och deltagande - Pellervo<\/title>\n<meta name=\"robots\" content=\"index, follow, max-snippet:-1, max-image-preview:large, max-video-preview:-1\" \/>\n<link rel=\"canonical\" href=\"https:\/\/pellervo.fi\/sv\/god-forvaltning-i-medlemsbaserade-organisationer\/medlemskarens-engagemang-och-deltagande\/\" \/>\n<meta property=\"og:locale\" content=\"sv_SE\" \/>\n<meta property=\"og:type\" content=\"article\" \/>\n<meta property=\"og:title\" content=\"Medlemsk\u00e5rens engagemang och deltagande - Pellervo\" \/>\n<meta property=\"og:description\" content=\"God f\u00f6rvaltning i medlemsbaserade organisationer Andelslagens och f\u00f6reningarnas syfte grundar sig p\u00e5 medlemskap och medlemmarnas behov. I det tidigare har vi konstaterat att medlemmarna \u00e4ger andelslaget och ut\u00f6var den h\u00f6gsta beslutander\u00e4tten. Vi konstaterade ocks\u00e5 att en medlemsbaserad organisations uppgift kan vara ideell (f\u00f6rening) eller att betj\u00e4na samfundet omkring sig (f\u00f6rening och andelslag). D\u00e4rf\u00f6r \u00e4r det\" \/>\n<meta property=\"og:url\" content=\"https:\/\/pellervo.fi\/sv\/god-forvaltning-i-medlemsbaserade-organisationer\/medlemskarens-engagemang-och-deltagande\/\" \/>\n<meta property=\"og:site_name\" content=\"Pellervo\" \/>\n<meta property=\"article:modified_time\" content=\"2021-02-25T14:51:47+00:00\" \/>\n<meta property=\"og:image\" content=\"https:\/\/pellervo.fi\/wp-content\/uploads\/2021\/01\/6-1.jpg\" \/>\n\t<meta property=\"og:image:width\" content=\"1600\" \/>\n\t<meta property=\"og:image:height\" content=\"483\" \/>\n\t<meta property=\"og:image:type\" content=\"image\/jpeg\" \/>\n<meta name=\"twitter:card\" content=\"summary_large_image\" \/>\n<meta name=\"twitter:site\" content=\"@PellervoFi\" \/>\n<meta name=\"twitter:label1\" content=\"Ber\u00e4knad l\u00e4stid\" \/>\n\t<meta name=\"twitter:data1\" content=\"4 minuter\" \/>\n<script type=\"application\/ld+json\" class=\"yoast-schema-graph\">{\"@context\":\"https:\\\/\\\/schema.org\",\"@graph\":[{\"@type\":\"WebPage\",\"@id\":\"https:\\\/\\\/pellervo.fi\\\/sv\\\/god-forvaltning-i-medlemsbaserade-organisationer\\\/medlemskarens-engagemang-och-deltagande\\\/\",\"url\":\"https:\\\/\\\/pellervo.fi\\\/sv\\\/god-forvaltning-i-medlemsbaserade-organisationer\\\/medlemskarens-engagemang-och-deltagande\\\/\",\"name\":\"Medlemsk\u00e5rens engagemang och deltagande - Pellervo\",\"isPartOf\":{\"@id\":\"https:\\\/\\\/pellervo.fi\\\/#website\"},\"primaryImageOfPage\":{\"@id\":\"https:\\\/\\\/pellervo.fi\\\/sv\\\/god-forvaltning-i-medlemsbaserade-organisationer\\\/medlemskarens-engagemang-och-deltagande\\\/#primaryimage\"},\"image\":{\"@id\":\"https:\\\/\\\/pellervo.fi\\\/sv\\\/god-forvaltning-i-medlemsbaserade-organisationer\\\/medlemskarens-engagemang-och-deltagande\\\/#primaryimage\"},\"thumbnailUrl\":\"https:\\\/\\\/pellervo.fi\\\/wp-content\\\/uploads\\\/2021\\\/01\\\/6-1.jpg\",\"datePublished\":\"2021-01-11T11:45:47+00:00\",\"dateModified\":\"2021-02-25T14:51:47+00:00\",\"breadcrumb\":{\"@id\":\"https:\\\/\\\/pellervo.fi\\\/sv\\\/god-forvaltning-i-medlemsbaserade-organisationer\\\/medlemskarens-engagemang-och-deltagande\\\/#breadcrumb\"},\"inLanguage\":\"sv-SE\",\"potentialAction\":[{\"@type\":\"ReadAction\",\"target\":[\"https:\\\/\\\/pellervo.fi\\\/sv\\\/god-forvaltning-i-medlemsbaserade-organisationer\\\/medlemskarens-engagemang-och-deltagande\\\/\"]}]},{\"@type\":\"ImageObject\",\"inLanguage\":\"sv-SE\",\"@id\":\"https:\\\/\\\/pellervo.fi\\\/sv\\\/god-forvaltning-i-medlemsbaserade-organisationer\\\/medlemskarens-engagemang-och-deltagande\\\/#primaryimage\",\"url\":\"https:\\\/\\\/pellervo.fi\\\/wp-content\\\/uploads\\\/2021\\\/01\\\/6-1.jpg\",\"contentUrl\":\"https:\\\/\\\/pellervo.fi\\\/wp-content\\\/uploads\\\/2021\\\/01\\\/6-1.jpg\",\"width\":1600,\"height\":483},{\"@type\":\"BreadcrumbList\",\"@id\":\"https:\\\/\\\/pellervo.fi\\\/sv\\\/god-forvaltning-i-medlemsbaserade-organisationer\\\/medlemskarens-engagemang-och-deltagande\\\/#breadcrumb\",\"itemListElement\":[{\"@type\":\"ListItem\",\"position\":1,\"name\":\"Koti\",\"item\":\"https:\\\/\\\/pellervo.fi\\\/sv\\\/\"},{\"@type\":\"ListItem\",\"position\":2,\"name\":\"God f\u00f6rvaltning i medlemsbaserade organisationer\",\"item\":\"https:\\\/\\\/pellervo.fi\\\/sv\\\/god-forvaltning-i-medlemsbaserade-organisationer\\\/\"},{\"@type\":\"ListItem\",\"position\":3,\"name\":\"Medlemsk\u00e5rens engagemang och deltagande\"}]},{\"@type\":\"WebSite\",\"@id\":\"https:\\\/\\\/pellervo.fi\\\/#website\",\"url\":\"https:\\\/\\\/pellervo.fi\\\/\",\"name\":\"Pellervo\",\"description\":\"Osuuskuntien keskusj\u00e4rjest\u00f6\",\"publisher\":{\"@id\":\"https:\\\/\\\/pellervo.fi\\\/#organization\"},\"potentialAction\":[{\"@type\":\"SearchAction\",\"target\":{\"@type\":\"EntryPoint\",\"urlTemplate\":\"https:\\\/\\\/pellervo.fi\\\/?s={search_term_string}\"},\"query-input\":{\"@type\":\"PropertyValueSpecification\",\"valueRequired\":true,\"valueName\":\"search_term_string\"}}],\"inLanguage\":\"sv-SE\"},{\"@type\":\"Organization\",\"@id\":\"https:\\\/\\\/pellervo.fi\\\/#organization\",\"name\":\"Osuustoimintakeskus Pellervo ry\",\"url\":\"https:\\\/\\\/pellervo.fi\\\/\",\"logo\":{\"@type\":\"ImageObject\",\"inLanguage\":\"sv-SE\",\"@id\":\"https:\\\/\\\/pellervo.fi\\\/#\\\/schema\\\/logo\\\/image\\\/\",\"url\":\"https:\\\/\\\/pellervo.fi\\\/wp-content\\\/uploads\\\/2020\\\/05\\\/Pellervo_logo.png\",\"contentUrl\":\"https:\\\/\\\/pellervo.fi\\\/wp-content\\\/uploads\\\/2020\\\/05\\\/Pellervo_logo.png\",\"width\":1335,\"height\":376,\"caption\":\"Osuustoimintakeskus Pellervo ry\"},\"image\":{\"@id\":\"https:\\\/\\\/pellervo.fi\\\/#\\\/schema\\\/logo\\\/image\\\/\"},\"sameAs\":[\"https:\\\/\\\/x.com\\\/PellervoFi\"]}]}<\/script>\n<!-- \/ Yoast SEO plugin. -->","yoast_head_json":{"title":"Medlemsk\u00e5rens engagemang och deltagande - Pellervo","robots":{"index":"index","follow":"follow","max-snippet":"max-snippet:-1","max-image-preview":"max-image-preview:large","max-video-preview":"max-video-preview:-1"},"canonical":"https:\/\/pellervo.fi\/sv\/god-forvaltning-i-medlemsbaserade-organisationer\/medlemskarens-engagemang-och-deltagande\/","og_locale":"sv_SE","og_type":"article","og_title":"Medlemsk\u00e5rens engagemang och deltagande - Pellervo","og_description":"God f\u00f6rvaltning i medlemsbaserade organisationer Andelslagens och f\u00f6reningarnas syfte grundar sig p\u00e5 medlemskap och medlemmarnas behov. I det tidigare har vi konstaterat att medlemmarna \u00e4ger andelslaget och ut\u00f6var den h\u00f6gsta beslutander\u00e4tten. Vi konstaterade ocks\u00e5 att en medlemsbaserad organisations uppgift kan vara ideell (f\u00f6rening) eller att betj\u00e4na samfundet omkring sig (f\u00f6rening och andelslag). D\u00e4rf\u00f6r \u00e4r det","og_url":"https:\/\/pellervo.fi\/sv\/god-forvaltning-i-medlemsbaserade-organisationer\/medlemskarens-engagemang-och-deltagande\/","og_site_name":"Pellervo","article_modified_time":"2021-02-25T14:51:47+00:00","og_image":[{"width":1600,"height":483,"url":"https:\/\/pellervo.fi\/wp-content\/uploads\/2021\/01\/6-1.jpg","type":"image\/jpeg"}],"twitter_card":"summary_large_image","twitter_site":"@PellervoFi","twitter_misc":{"Ber\u00e4knad l\u00e4stid":"4 minuter"},"schema":{"@context":"https:\/\/schema.org","@graph":[{"@type":"WebPage","@id":"https:\/\/pellervo.fi\/sv\/god-forvaltning-i-medlemsbaserade-organisationer\/medlemskarens-engagemang-och-deltagande\/","url":"https:\/\/pellervo.fi\/sv\/god-forvaltning-i-medlemsbaserade-organisationer\/medlemskarens-engagemang-och-deltagande\/","name":"Medlemsk\u00e5rens engagemang och deltagande - Pellervo","isPartOf":{"@id":"https:\/\/pellervo.fi\/#website"},"primaryImageOfPage":{"@id":"https:\/\/pellervo.fi\/sv\/god-forvaltning-i-medlemsbaserade-organisationer\/medlemskarens-engagemang-och-deltagande\/#primaryimage"},"image":{"@id":"https:\/\/pellervo.fi\/sv\/god-forvaltning-i-medlemsbaserade-organisationer\/medlemskarens-engagemang-och-deltagande\/#primaryimage"},"thumbnailUrl":"https:\/\/pellervo.fi\/wp-content\/uploads\/2021\/01\/6-1.jpg","datePublished":"2021-01-11T11:45:47+00:00","dateModified":"2021-02-25T14:51:47+00:00","breadcrumb":{"@id":"https:\/\/pellervo.fi\/sv\/god-forvaltning-i-medlemsbaserade-organisationer\/medlemskarens-engagemang-och-deltagande\/#breadcrumb"},"inLanguage":"sv-SE","potentialAction":[{"@type":"ReadAction","target":["https:\/\/pellervo.fi\/sv\/god-forvaltning-i-medlemsbaserade-organisationer\/medlemskarens-engagemang-och-deltagande\/"]}]},{"@type":"ImageObject","inLanguage":"sv-SE","@id":"https:\/\/pellervo.fi\/sv\/god-forvaltning-i-medlemsbaserade-organisationer\/medlemskarens-engagemang-och-deltagande\/#primaryimage","url":"https:\/\/pellervo.fi\/wp-content\/uploads\/2021\/01\/6-1.jpg","contentUrl":"https:\/\/pellervo.fi\/wp-content\/uploads\/2021\/01\/6-1.jpg","width":1600,"height":483},{"@type":"BreadcrumbList","@id":"https:\/\/pellervo.fi\/sv\/god-forvaltning-i-medlemsbaserade-organisationer\/medlemskarens-engagemang-och-deltagande\/#breadcrumb","itemListElement":[{"@type":"ListItem","position":1,"name":"Koti","item":"https:\/\/pellervo.fi\/sv\/"},{"@type":"ListItem","position":2,"name":"God f\u00f6rvaltning i medlemsbaserade organisationer","item":"https:\/\/pellervo.fi\/sv\/god-forvaltning-i-medlemsbaserade-organisationer\/"},{"@type":"ListItem","position":3,"name":"Medlemsk\u00e5rens engagemang och deltagande"}]},{"@type":"WebSite","@id":"https:\/\/pellervo.fi\/#website","url":"https:\/\/pellervo.fi\/","name":"Pellervo","description":"Osuuskuntien keskusj\u00e4rjest\u00f6","publisher":{"@id":"https:\/\/pellervo.fi\/#organization"},"potentialAction":[{"@type":"SearchAction","target":{"@type":"EntryPoint","urlTemplate":"https:\/\/pellervo.fi\/?s={search_term_string}"},"query-input":{"@type":"PropertyValueSpecification","valueRequired":true,"valueName":"search_term_string"}}],"inLanguage":"sv-SE"},{"@type":"Organization","@id":"https:\/\/pellervo.fi\/#organization","name":"Osuustoimintakeskus Pellervo ry","url":"https:\/\/pellervo.fi\/","logo":{"@type":"ImageObject","inLanguage":"sv-SE","@id":"https:\/\/pellervo.fi\/#\/schema\/logo\/image\/","url":"https:\/\/pellervo.fi\/wp-content\/uploads\/2020\/05\/Pellervo_logo.png","contentUrl":"https:\/\/pellervo.fi\/wp-content\/uploads\/2020\/05\/Pellervo_logo.png","width":1335,"height":376,"caption":"Osuustoimintakeskus Pellervo ry"},"image":{"@id":"https:\/\/pellervo.fi\/#\/schema\/logo\/image\/"},"sameAs":["https:\/\/x.com\/PellervoFi"]}]}},"_links":{"self":[{"href":"https:\/\/pellervo.fi\/sv\/wp-json\/wp\/v2\/pages\/889377","targetHints":{"allow":["GET"]}}],"collection":[{"href":"https:\/\/pellervo.fi\/sv\/wp-json\/wp\/v2\/pages"}],"about":[{"href":"https:\/\/pellervo.fi\/sv\/wp-json\/wp\/v2\/types\/page"}],"author":[{"embeddable":true,"href":"https:\/\/pellervo.fi\/sv\/wp-json\/wp\/v2\/users\/5"}],"replies":[{"embeddable":true,"href":"https:\/\/pellervo.fi\/sv\/wp-json\/wp\/v2\/comments?post=889377"}],"version-history":[{"count":8,"href":"https:\/\/pellervo.fi\/sv\/wp-json\/wp\/v2\/pages\/889377\/revisions"}],"predecessor-version":[{"id":889930,"href":"https:\/\/pellervo.fi\/sv\/wp-json\/wp\/v2\/pages\/889377\/revisions\/889930"}],"up":[{"embeddable":true,"href":"https:\/\/pellervo.fi\/sv\/wp-json\/wp\/v2\/pages\/889281"}],"wp:featuredmedia":[{"embeddable":true,"href":"https:\/\/pellervo.fi\/sv\/wp-json\/wp\/v2\/media\/889382"}],"wp:attachment":[{"href":"https:\/\/pellervo.fi\/sv\/wp-json\/wp\/v2\/media?parent=889377"}],"curies":[{"name":"wp","href":"https:\/\/api.w.org\/{rel}","templated":true}]}}