{"id":894411,"date":"2022-12-01T15:15:04","date_gmt":"2022-12-01T13:15:04","guid":{"rendered":"https:\/\/pellervo.fi\/?page_id=894411"},"modified":"2024-08-06T14:49:43","modified_gmt":"2024-08-06T11:49:43","slug":"osuustoimintakeskus-pellervo-copy","status":"publish","type":"page","link":"https:\/\/pellervo.fi\/sv\/","title":{"rendered":"Hemsida"},"content":{"rendered":"\n\n\t<h1>Pellervo Coop Center<\/h1>\n\t<h1>Andelslagens centralorganisation<\/h1>\n\t<h3>Pellervo i ett n\u00f6tskal<\/h3>\n<p>Pellervo \u00e4r en intressebevakare och m\u00f6tesplats f\u00f6r andelslag och andra kooperativa f\u00f6retag samt en hemvist f\u00f6r kooperativ information. Vi har cirka 190 f\u00f6retag och organisationer som medlemmar. Medlemskap i Pellervo visar att f\u00f6retaget vill fr\u00e4mja kooperativ verksamhet i Finland.<\/p>\n<p>Vi fr\u00e4mjar k\u00e4nnedomen om kooperation och utvecklar verksamhetsf\u00f6ruts\u00e4ttningarna f\u00f6r f\u00f6retagsformen p\u00e5 m\u00e5nga olika s\u00e4tt. Vi \u00e4r en nationell p\u00e5verkare, en gemensam talesperson f\u00f6r f\u00f6retagsformen och en p\u00e5litlig informationsk\u00e4lla.<\/p>\n<p>Vi p\u00e5verkar lagstiftningsarbetet samt ekonomi- och n\u00e4ringspolitiken s\u00e5 att andelslagen tillr\u00e4ckligt beaktas i dem. I v\u00e5ra arbetsgrupper och n\u00e4tverk f\u00e5r medlemmarnas representanter diskutera med sina kollegor \u00f6ver branschgr\u00e4nserna.<\/p>\n<p>Kooperation erbjuder v\u00e5ra medlemmar en intressant gr\u00e4nsyta \u00f6ver branschgr\u00e4nserna. V\u00e5rt uppdrag \u00e4r ocks\u00e5 att \u00f6ka kunskapen om andelslagens konkurrensf\u00f6rdelar i situationer d\u00e4r man \u00f6verv\u00e4ger att starta ett nytt f\u00f6retag.<\/p>\n<p>F\u00f6rutom handels- och konkurrenspolitik samt beskattning, \u00e4r viktiga utvecklingsomr\u00e5den f\u00f6r Pellervo bland annat undervisning och forskning inom kooperation.<\/p>\n<p>Medlemsgrupper:<\/p>\n<ul>\n<li>Andelsbanker<\/li>\n<li>Producentandelslag (mj\u00f6lk, k\u00f6tt, skog, djurf\u00f6r\u00e4dling)<\/li>\n<li>Handelslag<\/li>\n<li>\u00c4gar- och investeringsandelslag (e.g. Tradeka)<\/li>\n<li>LokalTapiola<\/li>\n<li>Energi- och elandelslag<\/li>\n<li>Infraandelslag (vatten, bredband)<\/li>\n<li>F\u00f6reningar (e.g. MTK)<\/li>\n<li>Sm\u00e5andelslag<\/li>\n<\/ul>\n<p>Detaljerad medlemslista, se h\u00e4r <a href=\"https:\/\/pellervo.fi\/osuustoimintakeskus-pellervo\/jasenet\/jasenlista\/\">J\u00e4senlista<\/a><\/p>\n<p>Tj\u00e4nster<\/p>\n<ul>\n<li>Intressebevaknings- och p\u00e5verkansarbete i hemlandet och internationellt<\/li>\n<li>Juridiska tj\u00e4nster<\/li>\n<li>F\u00f6rtj\u00e4nsttecken<\/li>\n<li>Utbildning av f\u00f6rtroendevalda och anst\u00e4llda (PI-johtamiskoulu)<\/li>\n<li>Sm\u00e5skalig r\u00e5dgivning av startande andelslag<\/li>\n<li>Kooperationsevenemang<\/li>\n<li>Guide, litteratur, digitalt material<\/li>\n<li>Pellervos tidningar (Pellervo-Media Oy)<\/li>\n<li>Ekonomisk forskning (Pellervon taloustutkimus PTT)<\/li>\n<li>Marknadsunders\u00f6kningstj\u00e4nster (Kantar TNS Agri Oy)<\/li>\n<li>Kooperationens informationstj\u00e4nster<\/li>\n<li>Samarbete med universitet<\/li>\n<\/ul>\n<h4>\n\t\tAKTUELLT\n\t<\/h4>\n\n","protected":false},"excerpt":{"rendered":"<p>Pellervo Coop Center Andelslagens centralorganisation Pellervo i ett n\u00f6tskal Pellervo \u00e4r en intressebevakare och m\u00f6tesplats f\u00f6r andelslag och andra kooperativa f\u00f6retag samt en hemvist f\u00f6r kooperativ information. Vi har cirka 190 f\u00f6retag och organisationer som medlemmar. Medlemskap i Pellervo visar att f\u00f6retaget vill fr\u00e4mja kooperativ verksamhet i Finland. Vi fr\u00e4mjar k\u00e4nnedomen om kooperation och utvecklar<\/p>\n","protected":false},"author":5,"featured_media":887055,"parent":0,"menu_order":0,"comment_status":"closed","ping_status":"closed","template":"","meta":{"inline_featured_image":false,"_monsterinsights_skip_tracking":false,"_monsterinsights_sitenote_active":false,"_monsterinsights_sitenote_note":"","_monsterinsights_sitenote_category":0,"site-sidebar-layout":"no-sidebar","site-content-layout":"page-builder","ast-site-content-layout":"full-width-container","site-content-style":"unboxed","site-sidebar-style":"unboxed","ast-global-header-display":"","ast-banner-title-visibility":"","ast-main-header-display":"","ast-hfb-above-header-display":"","ast-hfb-below-header-display":"","ast-hfb-mobile-header-display":"","site-post-title":"disabled","ast-breadcrumbs-content":"","ast-featured-img":"","footer-sml-layout":"","ast-disable-related-posts":"","theme-transparent-header-meta":"default","adv-header-id-meta":"","stick-header-meta":"","header-above-stick-meta":"","header-main-stick-meta":"","header-below-stick-meta":"","astra-migrate-meta-layouts":"set","ast-page-background-enabled":"default","ast-page-background-meta":{"desktop":{"background-color":"","background-image":"","background-repeat":"repeat","background-position":"center center","background-size":"auto","background-attachment":"scroll","background-type":"","background-media":"","overlay-type":"","overlay-color":"","overlay-opacity":"","overlay-gradient":""},"tablet":{"background-color":"","background-image":"","background-repeat":"repeat","background-position":"center center","background-size":"auto","background-attachment":"scroll","background-type":"","background-media":"","overlay-type":"","overlay-color":"","overlay-opacity":"","overlay-gradient":""},"mobile":{"background-color":"","background-image":"","background-repeat":"repeat","background-position":"center center","background-size":"auto","background-attachment":"scroll","background-type":"","background-media":"","overlay-type":"","overlay-color":"","overlay-opacity":"","overlay-gradient":""}},"ast-content-background-meta":{"desktop":{"background-color":"var(--ast-global-color-5)","background-image":"","background-repeat":"repeat","background-position":"center center","background-size":"auto","background-attachment":"scroll","background-type":"","background-media":"","overlay-type":"","overlay-color":"","overlay-opacity":"","overlay-gradient":""},"tablet":{"background-color":"var(--ast-global-color-5)","background-image":"","background-repeat":"repeat","background-position":"center center","background-size":"auto","background-attachment":"scroll","background-type":"","background-media":"","overlay-type":"","overlay-color":"","overlay-opacity":"","overlay-gradient":""},"mobile":{"background-color":"var(--ast-global-color-5)","background-image":"","background-repeat":"repeat","background-position":"center center","background-size":"auto","background-attachment":"scroll","background-type":"","background-media":"","overlay-type":"","overlay-color":"","overlay-opacity":"","overlay-gradient":""}},"_FSMCFIC_featured_image_caption":"","_FSMCFIC_featured_image_nocaption":"","_FSMCFIC_featured_image_hide":"","footnotes":""},"class_list":["post-894411","page","type-page","status-publish","has-post-thumbnail","hentry"],"yoast_head":"<!-- This site is optimized with the Yoast SEO plugin v27.4 - https:\/\/yoast.com\/product\/yoast-seo-wordpress\/ -->\n<title>Pellervo Coop Center - Pellervo<\/title>\n<meta name=\"robots\" content=\"index, follow, max-snippet:-1, max-image-preview:large, max-video-preview:-1\" \/>\n<link rel=\"canonical\" href=\"https:\/\/pellervo.fi\/sv\/\" \/>\n<meta property=\"og:locale\" content=\"sv_SE\" \/>\n<meta property=\"og:type\" content=\"article\" \/>\n<meta property=\"og:title\" content=\"Pellervo Coop Center - Pellervo\" \/>\n<meta property=\"og:description\" content=\"Pellervo Coop Center Andelslagens centralorganisation Pellervo i ett n\u00f6tskal Pellervo \u00e4r en intressebevakare och m\u00f6tesplats f\u00f6r andelslag och andra kooperativa f\u00f6retag samt en hemvist f\u00f6r kooperativ information. Vi har cirka 190 f\u00f6retag och organisationer som medlemmar. Medlemskap i Pellervo visar att f\u00f6retaget vill fr\u00e4mja kooperativ verksamhet i Finland. Vi fr\u00e4mjar k\u00e4nnedomen om kooperation och utvecklar\" \/>\n<meta property=\"og:url\" content=\"https:\/\/pellervo.fi\/sv\/\" \/>\n<meta property=\"og:site_name\" content=\"Pellervo\" \/>\n<meta property=\"article:modified_time\" content=\"2024-08-06T11:49:43+00:00\" \/>\n<meta property=\"og:image\" content=\"https:\/\/pellervo.fi\/wp-content\/uploads\/2020\/06\/Pellervo_Pellervo-scaled.jpg\" \/>\n\t<meta property=\"og:image:width\" content=\"2560\" \/>\n\t<meta property=\"og:image:height\" content=\"711\" \/>\n\t<meta property=\"og:image:type\" content=\"image\/jpeg\" \/>\n<meta name=\"twitter:card\" content=\"summary_large_image\" \/>\n<meta name=\"twitter:site\" content=\"@PellervoFi\" \/>\n<meta name=\"twitter:label1\" content=\"Ber\u00e4knad l\u00e4stid\" \/>\n\t<meta name=\"twitter:data1\" content=\"3 minuter\" \/>\n<script type=\"application\/ld+json\" class=\"yoast-schema-graph\">{\"@context\":\"https:\\\/\\\/schema.org\",\"@graph\":[{\"@type\":\"WebPage\",\"@id\":\"https:\\\/\\\/pellervo.fi\\\/sv\\\/\",\"url\":\"https:\\\/\\\/pellervo.fi\\\/sv\\\/\",\"name\":\"Pellervo Coop Center - Pellervo\",\"isPartOf\":{\"@id\":\"https:\\\/\\\/pellervo.fi\\\/#website\"},\"primaryImageOfPage\":{\"@id\":\"https:\\\/\\\/pellervo.fi\\\/sv\\\/#primaryimage\"},\"image\":{\"@id\":\"https:\\\/\\\/pellervo.fi\\\/sv\\\/#primaryimage\"},\"thumbnailUrl\":\"https:\\\/\\\/pellervo.fi\\\/wp-content\\\/uploads\\\/2020\\\/06\\\/Pellervo_Pellervo-scaled.jpg\",\"datePublished\":\"2022-12-01T13:15:04+00:00\",\"dateModified\":\"2024-08-06T11:49:43+00:00\",\"breadcrumb\":{\"@id\":\"https:\\\/\\\/pellervo.fi\\\/sv\\\/#breadcrumb\"},\"inLanguage\":\"sv-SE\",\"potentialAction\":[{\"@type\":\"ReadAction\",\"target\":[\"https:\\\/\\\/pellervo.fi\\\/sv\\\/\"]}]},{\"@type\":\"ImageObject\",\"inLanguage\":\"sv-SE\",\"@id\":\"https:\\\/\\\/pellervo.fi\\\/sv\\\/#primaryimage\",\"url\":\"https:\\\/\\\/pellervo.fi\\\/wp-content\\\/uploads\\\/2020\\\/06\\\/Pellervo_Pellervo-scaled.jpg\",\"contentUrl\":\"https:\\\/\\\/pellervo.fi\\\/wp-content\\\/uploads\\\/2020\\\/06\\\/Pellervo_Pellervo-scaled.jpg\",\"width\":2560,\"height\":711},{\"@type\":\"BreadcrumbList\",\"@id\":\"https:\\\/\\\/pellervo.fi\\\/sv\\\/#breadcrumb\",\"itemListElement\":[{\"@type\":\"ListItem\",\"position\":1,\"name\":\"Koti\",\"item\":\"https:\\\/\\\/pellervo.fi\\\/sv\\\/\"},{\"@type\":\"ListItem\",\"position\":2,\"name\":\"Hemsida\"}]},{\"@type\":\"WebSite\",\"@id\":\"https:\\\/\\\/pellervo.fi\\\/#website\",\"url\":\"https:\\\/\\\/pellervo.fi\\\/\",\"name\":\"Pellervo\",\"description\":\"Osuuskuntien keskusj\u00e4rjest\u00f6\",\"publisher\":{\"@id\":\"https:\\\/\\\/pellervo.fi\\\/#organization\"},\"potentialAction\":[{\"@type\":\"SearchAction\",\"target\":{\"@type\":\"EntryPoint\",\"urlTemplate\":\"https:\\\/\\\/pellervo.fi\\\/?s={search_term_string}\"},\"query-input\":{\"@type\":\"PropertyValueSpecification\",\"valueRequired\":true,\"valueName\":\"search_term_string\"}}],\"inLanguage\":\"sv-SE\"},{\"@type\":\"Organization\",\"@id\":\"https:\\\/\\\/pellervo.fi\\\/#organization\",\"name\":\"Osuustoimintakeskus Pellervo ry\",\"url\":\"https:\\\/\\\/pellervo.fi\\\/\",\"logo\":{\"@type\":\"ImageObject\",\"inLanguage\":\"sv-SE\",\"@id\":\"https:\\\/\\\/pellervo.fi\\\/#\\\/schema\\\/logo\\\/image\\\/\",\"url\":\"https:\\\/\\\/pellervo.fi\\\/wp-content\\\/uploads\\\/2020\\\/05\\\/Pellervo_logo.png\",\"contentUrl\":\"https:\\\/\\\/pellervo.fi\\\/wp-content\\\/uploads\\\/2020\\\/05\\\/Pellervo_logo.png\",\"width\":1335,\"height\":376,\"caption\":\"Osuustoimintakeskus Pellervo ry\"},\"image\":{\"@id\":\"https:\\\/\\\/pellervo.fi\\\/#\\\/schema\\\/logo\\\/image\\\/\"},\"sameAs\":[\"https:\\\/\\\/x.com\\\/PellervoFi\"]}]}<\/script>\n<!-- \/ Yoast SEO plugin. -->","yoast_head_json":{"title":"Pellervo Coop Center - Pellervo","robots":{"index":"index","follow":"follow","max-snippet":"max-snippet:-1","max-image-preview":"max-image-preview:large","max-video-preview":"max-video-preview:-1"},"canonical":"https:\/\/pellervo.fi\/sv\/","og_locale":"sv_SE","og_type":"article","og_title":"Pellervo Coop Center - Pellervo","og_description":"Pellervo Coop Center Andelslagens centralorganisation Pellervo i ett n\u00f6tskal Pellervo \u00e4r en intressebevakare och m\u00f6tesplats f\u00f6r andelslag och andra kooperativa f\u00f6retag samt en hemvist f\u00f6r kooperativ information. Vi har cirka 190 f\u00f6retag och organisationer som medlemmar. Medlemskap i Pellervo visar att f\u00f6retaget vill fr\u00e4mja kooperativ verksamhet i Finland. Vi fr\u00e4mjar k\u00e4nnedomen om kooperation och utvecklar","og_url":"https:\/\/pellervo.fi\/sv\/","og_site_name":"Pellervo","article_modified_time":"2024-08-06T11:49:43+00:00","og_image":[{"width":2560,"height":711,"url":"https:\/\/pellervo.fi\/wp-content\/uploads\/2020\/06\/Pellervo_Pellervo-scaled.jpg","type":"image\/jpeg"}],"twitter_card":"summary_large_image","twitter_site":"@PellervoFi","twitter_misc":{"Ber\u00e4knad l\u00e4stid":"3 minuter"},"schema":{"@context":"https:\/\/schema.org","@graph":[{"@type":"WebPage","@id":"https:\/\/pellervo.fi\/sv\/","url":"https:\/\/pellervo.fi\/sv\/","name":"Pellervo Coop Center - Pellervo","isPartOf":{"@id":"https:\/\/pellervo.fi\/#website"},"primaryImageOfPage":{"@id":"https:\/\/pellervo.fi\/sv\/#primaryimage"},"image":{"@id":"https:\/\/pellervo.fi\/sv\/#primaryimage"},"thumbnailUrl":"https:\/\/pellervo.fi\/wp-content\/uploads\/2020\/06\/Pellervo_Pellervo-scaled.jpg","datePublished":"2022-12-01T13:15:04+00:00","dateModified":"2024-08-06T11:49:43+00:00","breadcrumb":{"@id":"https:\/\/pellervo.fi\/sv\/#breadcrumb"},"inLanguage":"sv-SE","potentialAction":[{"@type":"ReadAction","target":["https:\/\/pellervo.fi\/sv\/"]}]},{"@type":"ImageObject","inLanguage":"sv-SE","@id":"https:\/\/pellervo.fi\/sv\/#primaryimage","url":"https:\/\/pellervo.fi\/wp-content\/uploads\/2020\/06\/Pellervo_Pellervo-scaled.jpg","contentUrl":"https:\/\/pellervo.fi\/wp-content\/uploads\/2020\/06\/Pellervo_Pellervo-scaled.jpg","width":2560,"height":711},{"@type":"BreadcrumbList","@id":"https:\/\/pellervo.fi\/sv\/#breadcrumb","itemListElement":[{"@type":"ListItem","position":1,"name":"Koti","item":"https:\/\/pellervo.fi\/sv\/"},{"@type":"ListItem","position":2,"name":"Hemsida"}]},{"@type":"WebSite","@id":"https:\/\/pellervo.fi\/#website","url":"https:\/\/pellervo.fi\/","name":"Pellervo","description":"Osuuskuntien keskusj\u00e4rjest\u00f6","publisher":{"@id":"https:\/\/pellervo.fi\/#organization"},"potentialAction":[{"@type":"SearchAction","target":{"@type":"EntryPoint","urlTemplate":"https:\/\/pellervo.fi\/?s={search_term_string}"},"query-input":{"@type":"PropertyValueSpecification","valueRequired":true,"valueName":"search_term_string"}}],"inLanguage":"sv-SE"},{"@type":"Organization","@id":"https:\/\/pellervo.fi\/#organization","name":"Osuustoimintakeskus Pellervo ry","url":"https:\/\/pellervo.fi\/","logo":{"@type":"ImageObject","inLanguage":"sv-SE","@id":"https:\/\/pellervo.fi\/#\/schema\/logo\/image\/","url":"https:\/\/pellervo.fi\/wp-content\/uploads\/2020\/05\/Pellervo_logo.png","contentUrl":"https:\/\/pellervo.fi\/wp-content\/uploads\/2020\/05\/Pellervo_logo.png","width":1335,"height":376,"caption":"Osuustoimintakeskus Pellervo ry"},"image":{"@id":"https:\/\/pellervo.fi\/#\/schema\/logo\/image\/"},"sameAs":["https:\/\/x.com\/PellervoFi"]}]}},"_links":{"self":[{"href":"https:\/\/pellervo.fi\/sv\/wp-json\/wp\/v2\/pages\/894411","targetHints":{"allow":["GET"]}}],"collection":[{"href":"https:\/\/pellervo.fi\/sv\/wp-json\/wp\/v2\/pages"}],"about":[{"href":"https:\/\/pellervo.fi\/sv\/wp-json\/wp\/v2\/types\/page"}],"author":[{"embeddable":true,"href":"https:\/\/pellervo.fi\/sv\/wp-json\/wp\/v2\/users\/5"}],"replies":[{"embeddable":true,"href":"https:\/\/pellervo.fi\/sv\/wp-json\/wp\/v2\/comments?post=894411"}],"version-history":[{"count":9,"href":"https:\/\/pellervo.fi\/sv\/wp-json\/wp\/v2\/pages\/894411\/revisions"}],"predecessor-version":[{"id":899154,"href":"https:\/\/pellervo.fi\/sv\/wp-json\/wp\/v2\/pages\/894411\/revisions\/899154"}],"wp:featuredmedia":[{"embeddable":true,"href":"https:\/\/pellervo.fi\/sv\/wp-json\/wp\/v2\/media\/887055"}],"wp:attachment":[{"href":"https:\/\/pellervo.fi\/sv\/wp-json\/wp\/v2\/media?parent=894411"}],"curies":[{"name":"wp","href":"https:\/\/api.w.org\/{rel}","templated":true}]}}